{"id":968,"date":"2025-07-16T13:17:38","date_gmt":"2025-07-16T11:17:38","guid":{"rendered":"https:\/\/blamark.com\/campingplatjallarga\/nota-legale\/"},"modified":"2025-07-16T13:17:55","modified_gmt":"2025-07-16T11:17:55","slug":"nota-legale","status":"publish","type":"page","link":"https:\/\/campingplatjallarga.com\/it\/nota-legale\/","title":{"rendered":"Nota legale"},"content":{"rendered":"\n<h3 class=\"wp-block-heading\">1. Identificazione della persona responsabile<\/h3>\n\n<p><strong>SERLA TRADE, S.L.<\/strong> (Camping Platja Llarga)<br\/>CIF: B75975607<br\/>Indirizzo: N-340 km 1165, 43007 Tarragona (Spagna)<br\/>E-mail: <a href=\"mailto:info@campingplatjallarga.com\">info@campingplatjallarga.com<\/a><br\/>Attivit\u00e0: Servizi di campeggi e alloggi turistici<\/p>\n\n<hr class=\"wp-block-separator has-alpha-channel-opacity\"\/>\n\n<h3 class=\"wp-block-heading\">2. Condizioni di utilizzo del sito web<\/h3>\n\n<p>L&#8217;accesso e l&#8217;utilizzo di questo sito implica l&#8217;accettazione integrale e senza riserve del presente Avviso Legale. Se non sei d&#8217;accordo con una qualsiasi delle sue sezioni, ti invitiamo a lasciare il sito. <\/p>\n\n<hr class=\"wp-block-separator has-alpha-channel-opacity\"\/>\n\n<h3 class=\"wp-block-heading\">3. Propriet\u00e0 intellettuale e industriale<\/h3>\n\n<p>Tutti i contenuti del sito (testi, immagini, loghi, codici, design&#8230;) sono di propriet\u00e0 di SERLA TRADE, S.L. o dei rispettivi autori. Ne \u00e8 vietata la riproduzione, la distribuzione, la trasformazione o l&#8217;elaborazione senza espressa autorizzazione. <\/p>\n\n<hr class=\"wp-block-separator has-alpha-channel-opacity\"\/>\n\n<h3 class=\"wp-block-heading\">4. Responsabilit\u00e0<\/h3>\n\n<p>Sebbene le informazioni siano rigorosamente aggiornate, SERLA TRADE, S.L. non si assume alcuna responsabilit\u00e0 per eventuali errori, omissioni o danni derivanti dal loro utilizzo o accesso. N\u00e9 si assume la responsabilit\u00e0 per i contenuti dei siti esterni collegati a questo sito <a href=\"https:\/\/www.laspalmeras.com\/nota-legal\/?utm_source=chatgpt.com\" target=\"_blank\" rel=\"noreferrer noopener\">laspalmeras.com+8laspalmeras.com+8Las Palmeras Resort+8laspalmeras<\/a><a href=\"https:\/\/www.corteidh.or.cr\/docs\/casos\/articulos\/seriec_67_esp.pdf?utm_source=chatgpt.com\" target=\"_blank\" rel=\"noreferrer noopener\">.com+2Corte IDH+2laspalmeras.com+2laspalmeras.com+2.<\/a> <\/p>\n\n<hr class=\"wp-block-separator has-alpha-channel-opacity\"\/>\n\n<h3 class=\"wp-block-heading\">5. Link a terze parti<\/h3>\n\n<p>I link che appaiono sul sito web conducono a siti gestiti da terzi. SERLA TRADE, S.L. non controlla questi siti e non \u00e8 responsabile dei loro contenuti o dell&#8217;uso che ne viene fatto. <\/p>\n\n<hr class=\"wp-block-separator has-alpha-channel-opacity\"\/>\n\n<h3 class=\"wp-block-heading\">6. Utilizzo dei cookie<\/h3>\n\n<p>Questo sito utilizza cookie propri e di terze parti per scopi funzionali, analitici e pubblicitari. Se prosegui la navigazione senza modificare le impostazioni dei cookie del tuo browser, comprendiamo che acconsenti al loro utilizzo <a href=\"https:\/\/www.laspalmeras.com\/nota-legal\/?utm_source=chatgpt.com\" target=\"_blank\" rel=\"noreferrer noopener\">eljardindelaspalmeras.es+2laspalmeras.com+2lapalmera.org+2.<\/a> <\/p>\n\n<hr class=\"wp-block-separator has-alpha-channel-opacity\"\/>\n\n<h3 class=\"wp-block-heading\">7. Legge applicabile e giurisdizione<\/h3>\n\n<p>Il presente Avviso Legale \u00e8 regolato dalla legge spagnola e i tribunali competenti per la risoluzione di qualsiasi controversia saranno quelli di Tarragona, a meno che una norma applicabile non disponga diversamente <a href=\"https:\/\/www.laspalmeras.com\/nota-legal\/?utm_source=chatgpt.com\" target=\"_blank\" rel=\"noreferrer noopener\">lapalmera.org+3laspalmeras.com+3Las Palmeras Resort+3.<\/a><\/p>\n\n<hr class=\"wp-block-separator has-alpha-channel-opacity\"\/>\n\n<h3 class=\"wp-block-heading\">8. Modifiche<\/h3>\n\n<p>SERLA TRADE, S.L. si riserva il diritto di modificare il presente Avviso Legale in qualsiasi momento. Gli aggiornamenti saranno pubblicati su questa pagina, pertanto ti consigliamo di consultarla periodicamente <a href=\"https:\/\/www.laspalmeras.com\/nota-legal\/?utm_source=chatgpt.com\" target=\"_blank\" rel=\"noreferrer noopener\">laspalmeras.com+6laspalmeras.com+6lapalmera.org+6.<\/a> <\/p>\n\n<hr class=\"wp-block-separator has-alpha-channel-opacity\"\/>\n\n<p><strong>Ultimo aggiornamento:<\/strong> 16 luglio 2025<\/p>\n","protected":false},"excerpt":{"rendered":"<p>1. Identificazione della persona responsabile SERLA TRADE, S.L. (Camping Platja Llarga)CIF: B75975607Indirizzo: N-340 km 1165, 43007 Tarragona (Spagna)E-mail: info@campingplatjallarga.comAttivit\u00e0: Servizi di campeggi e alloggi turistici 2. Condizioni di utilizzo del sito web L&#8217;accesso e l&#8217;utilizzo di questo sito implica l&#8217;accettazione integrale e senza riserve del presente Avviso Legale. Se non sei d&#8217;accordo con una qualsiasi [&hellip;]<\/p>\n","protected":false},"author":1,"featured_media":0,"parent":0,"menu_order":0,"comment_status":"closed","ping_status":"closed","template":"","meta":{"ocean_post_layout":"","ocean_both_sidebars_style":"","ocean_both_sidebars_content_width":0,"ocean_both_sidebars_sidebars_width":0,"ocean_sidebar":"","ocean_second_sidebar":"","ocean_disable_margins":"enable","ocean_add_body_class":"","ocean_shortcode_before_top_bar":"","ocean_shortcode_after_top_bar":"","ocean_shortcode_before_header":"","ocean_shortcode_after_header":"","ocean_has_shortcode":"","ocean_shortcode_after_title":"","ocean_shortcode_before_footer_widgets":"","ocean_shortcode_after_footer_widgets":"","ocean_shortcode_before_footer_bottom":"","ocean_shortcode_after_footer_bottom":"","ocean_display_top_bar":"default","ocean_display_header":"default","ocean_header_style":"","ocean_center_header_left_menu":"","ocean_custom_header_template":"","ocean_custom_logo":0,"ocean_custom_retina_logo":0,"ocean_custom_logo_max_width":0,"ocean_custom_logo_tablet_max_width":0,"ocean_custom_logo_mobile_max_width":0,"ocean_custom_logo_max_height":0,"ocean_custom_logo_tablet_max_height":0,"ocean_custom_logo_mobile_max_height":0,"ocean_header_custom_menu":"","ocean_menu_typo_font_family":"","ocean_menu_typo_font_subset":"","ocean_menu_typo_font_size":0,"ocean_menu_typo_font_size_tablet":0,"ocean_menu_typo_font_size_mobile":0,"ocean_menu_typo_font_size_unit":"px","ocean_menu_typo_font_weight":"","ocean_menu_typo_font_weight_tablet":"","ocean_menu_typo_font_weight_mobile":"","ocean_menu_typo_transform":"","ocean_menu_typo_transform_tablet":"","ocean_menu_typo_transform_mobile":"","ocean_menu_typo_line_height":0,"ocean_menu_typo_line_height_tablet":0,"ocean_menu_typo_line_height_mobile":0,"ocean_menu_typo_line_height_unit":"","ocean_menu_typo_spacing":0,"ocean_menu_typo_spacing_tablet":0,"ocean_menu_typo_spacing_mobile":0,"ocean_menu_typo_spacing_unit":"","ocean_menu_link_color":"","ocean_menu_link_color_hover":"","ocean_menu_link_color_active":"","ocean_menu_link_background":"","ocean_menu_link_hover_background":"","ocean_menu_link_active_background":"","ocean_menu_social_links_bg":"","ocean_menu_social_hover_links_bg":"","ocean_menu_social_links_color":"","ocean_menu_social_hover_links_color":"","ocean_disable_title":"default","ocean_disable_heading":"default","ocean_post_title":"","ocean_post_subheading":"","ocean_post_title_style":"","ocean_post_title_background_color":"","ocean_post_title_background":0,"ocean_post_title_bg_image_position":"","ocean_post_title_bg_image_attachment":"","ocean_post_title_bg_image_repeat":"","ocean_post_title_bg_image_size":"","ocean_post_title_height":0,"ocean_post_title_bg_overlay":0.5,"ocean_post_title_bg_overlay_color":"","ocean_disable_breadcrumbs":"default","ocean_breadcrumbs_color":"","ocean_breadcrumbs_separator_color":"","ocean_breadcrumbs_links_color":"","ocean_breadcrumbs_links_hover_color":"","ocean_display_footer_widgets":"default","ocean_display_footer_bottom":"default","ocean_custom_footer_template":"","footnotes":""},"class_list":["post-968","page","type-page","status-publish","hentry","entry"],"yoast_head":"<!-- This site is optimized with the Yoast SEO plugin v27.0 - https:\/\/yoast.com\/product\/yoast-seo-wordpress\/ -->\n<title>Nota legale - Camping Platja Llarga Tarragona<\/title>\n<meta name=\"robots\" content=\"index, follow, max-snippet:-1, max-image-preview:large, max-video-preview:-1\" \/>\n<link rel=\"canonical\" href=\"https:\/\/campingplatjallarga.com\/it\/nota-legale\/\" \/>\n<meta property=\"og:locale\" content=\"it_IT\" \/>\n<meta property=\"og:type\" content=\"article\" \/>\n<meta property=\"og:title\" content=\"Nota legale - Camping Platja Llarga Tarragona\" \/>\n<meta property=\"og:description\" content=\"1. Identificazione della persona responsabile SERLA TRADE, S.L. (Camping Platja Llarga)CIF: B75975607Indirizzo: N-340 km 1165, 43007 Tarragona (Spagna)E-mail: info@campingplatjallarga.comAttivit\u00e0: Servizi di campeggi e alloggi turistici 2. Condizioni di utilizzo del sito web L&#8217;accesso e l&#8217;utilizzo di questo sito implica l&#8217;accettazione integrale e senza riserve del presente Avviso Legale. Se non sei d&#8217;accordo con una qualsiasi [&hellip;]\" \/>\n<meta property=\"og:url\" content=\"https:\/\/campingplatjallarga.com\/it\/nota-legale\/\" \/>\n<meta property=\"og:site_name\" content=\"Camping Platja Llarga Tarragona\" \/>\n<meta property=\"article:modified_time\" content=\"2025-07-16T11:17:55+00:00\" \/>\n<meta name=\"twitter:card\" content=\"summary_large_image\" \/>\n<meta name=\"twitter:label1\" content=\"Tempo di lettura stimato\" \/>\n\t<meta name=\"twitter:data1\" content=\"2 minuti\" \/>\n<script type=\"application\/ld+json\" class=\"yoast-schema-graph\">{\"@context\":\"https:\/\/schema.org\",\"@graph\":[{\"@type\":\"WebPage\",\"@id\":\"https:\/\/campingplatjallarga.com\/it\/nota-legale\/\",\"url\":\"https:\/\/campingplatjallarga.com\/it\/nota-legale\/\",\"name\":\"Nota legale - Camping Platja Llarga Tarragona\",\"isPartOf\":{\"@id\":\"https:\/\/campingplatjallarga.com\/it\/#website\"},\"datePublished\":\"2025-07-16T11:17:38+00:00\",\"dateModified\":\"2025-07-16T11:17:55+00:00\",\"breadcrumb\":{\"@id\":\"https:\/\/campingplatjallarga.com\/it\/nota-legale\/#breadcrumb\"},\"inLanguage\":\"it-IT\",\"potentialAction\":[{\"@type\":\"ReadAction\",\"target\":[\"https:\/\/campingplatjallarga.com\/it\/nota-legale\/\"]}]},{\"@type\":\"BreadcrumbList\",\"@id\":\"https:\/\/campingplatjallarga.com\/it\/nota-legale\/#breadcrumb\",\"itemListElement\":[{\"@type\":\"ListItem\",\"position\":1,\"name\":\"Portada\",\"item\":\"https:\/\/campingplatjallarga.com\/it\/\"},{\"@type\":\"ListItem\",\"position\":2,\"name\":\"Nota legale\"}]},{\"@type\":\"WebSite\",\"@id\":\"https:\/\/campingplatjallarga.com\/it\/#website\",\"url\":\"https:\/\/campingplatjallarga.com\/it\/\",\"name\":\"Camping Platja Llarga Tarragona\",\"description\":\"Camping Platja Llarga en Tarragona: camping familiar frente al mar, rodeado de naturaleza, con acceso directo a la playa. Parcelas, bungalows y servicios ideales para tus vacaciones en la Costa Dorada.\",\"publisher\":{\"@id\":\"https:\/\/campingplatjallarga.com\/it\/#organization\"},\"potentialAction\":[{\"@type\":\"SearchAction\",\"target\":{\"@type\":\"EntryPoint\",\"urlTemplate\":\"https:\/\/campingplatjallarga.com\/it\/?s={search_term_string}\"},\"query-input\":{\"@type\":\"PropertyValueSpecification\",\"valueRequired\":true,\"valueName\":\"search_term_string\"}}],\"inLanguage\":\"it-IT\"},{\"@type\":\"Organization\",\"@id\":\"https:\/\/campingplatjallarga.com\/it\/#organization\",\"name\":\"Camping Platja Llarga Tarragona\",\"url\":\"https:\/\/campingplatjallarga.com\/it\/\",\"logo\":{\"@type\":\"ImageObject\",\"inLanguage\":\"it-IT\",\"@id\":\"https:\/\/campingplatjallarga.com\/it\/#\/schema\/logo\/image\/\",\"url\":\"https:\/\/campingplatjallarga.com\/wp-content\/uploads\/2025\/07\/logo250-transparent.png\",\"contentUrl\":\"https:\/\/campingplatjallarga.com\/wp-content\/uploads\/2025\/07\/logo250-transparent.png\",\"width\":250,\"height\":250,\"caption\":\"Camping Platja Llarga Tarragona\"},\"image\":{\"@id\":\"https:\/\/campingplatjallarga.com\/it\/#\/schema\/logo\/image\/\"},\"sameAs\":[\"https:\/\/www.instagram.com\/campingplatjallarga\/\"]}]}<\/script>\n<!-- \/ Yoast SEO plugin. -->","yoast_head_json":{"title":"Nota legale - Camping Platja Llarga Tarragona","robots":{"index":"index","follow":"follow","max-snippet":"max-snippet:-1","max-image-preview":"max-image-preview:large","max-video-preview":"max-video-preview:-1"},"canonical":"https:\/\/campingplatjallarga.com\/it\/nota-legale\/","og_locale":"it_IT","og_type":"article","og_title":"Nota legale - Camping Platja Llarga Tarragona","og_description":"1. Identificazione della persona responsabile SERLA TRADE, S.L. (Camping Platja Llarga)CIF: B75975607Indirizzo: N-340 km 1165, 43007 Tarragona (Spagna)E-mail: info@campingplatjallarga.comAttivit\u00e0: Servizi di campeggi e alloggi turistici 2. Condizioni di utilizzo del sito web L&#8217;accesso e l&#8217;utilizzo di questo sito implica l&#8217;accettazione integrale e senza riserve del presente Avviso Legale. Se non sei d&#8217;accordo con una qualsiasi [&hellip;]","og_url":"https:\/\/campingplatjallarga.com\/it\/nota-legale\/","og_site_name":"Camping Platja Llarga Tarragona","article_modified_time":"2025-07-16T11:17:55+00:00","twitter_card":"summary_large_image","twitter_misc":{"Tempo di lettura stimato":"2 minuti"},"schema":{"@context":"https:\/\/schema.org","@graph":[{"@type":"WebPage","@id":"https:\/\/campingplatjallarga.com\/it\/nota-legale\/","url":"https:\/\/campingplatjallarga.com\/it\/nota-legale\/","name":"Nota legale - Camping Platja Llarga Tarragona","isPartOf":{"@id":"https:\/\/campingplatjallarga.com\/it\/#website"},"datePublished":"2025-07-16T11:17:38+00:00","dateModified":"2025-07-16T11:17:55+00:00","breadcrumb":{"@id":"https:\/\/campingplatjallarga.com\/it\/nota-legale\/#breadcrumb"},"inLanguage":"it-IT","potentialAction":[{"@type":"ReadAction","target":["https:\/\/campingplatjallarga.com\/it\/nota-legale\/"]}]},{"@type":"BreadcrumbList","@id":"https:\/\/campingplatjallarga.com\/it\/nota-legale\/#breadcrumb","itemListElement":[{"@type":"ListItem","position":1,"name":"Portada","item":"https:\/\/campingplatjallarga.com\/it\/"},{"@type":"ListItem","position":2,"name":"Nota legale"}]},{"@type":"WebSite","@id":"https:\/\/campingplatjallarga.com\/it\/#website","url":"https:\/\/campingplatjallarga.com\/it\/","name":"Camping Platja Llarga Tarragona","description":"Camping Platja Llarga en Tarragona: camping familiar frente al mar, rodeado de naturaleza, con acceso directo a la playa. Parcelas, bungalows y servicios ideales para tus vacaciones en la Costa Dorada.","publisher":{"@id":"https:\/\/campingplatjallarga.com\/it\/#organization"},"potentialAction":[{"@type":"SearchAction","target":{"@type":"EntryPoint","urlTemplate":"https:\/\/campingplatjallarga.com\/it\/?s={search_term_string}"},"query-input":{"@type":"PropertyValueSpecification","valueRequired":true,"valueName":"search_term_string"}}],"inLanguage":"it-IT"},{"@type":"Organization","@id":"https:\/\/campingplatjallarga.com\/it\/#organization","name":"Camping Platja Llarga Tarragona","url":"https:\/\/campingplatjallarga.com\/it\/","logo":{"@type":"ImageObject","inLanguage":"it-IT","@id":"https:\/\/campingplatjallarga.com\/it\/#\/schema\/logo\/image\/","url":"https:\/\/campingplatjallarga.com\/wp-content\/uploads\/2025\/07\/logo250-transparent.png","contentUrl":"https:\/\/campingplatjallarga.com\/wp-content\/uploads\/2025\/07\/logo250-transparent.png","width":250,"height":250,"caption":"Camping Platja Llarga Tarragona"},"image":{"@id":"https:\/\/campingplatjallarga.com\/it\/#\/schema\/logo\/image\/"},"sameAs":["https:\/\/www.instagram.com\/campingplatjallarga\/"]}]}},"_links":{"self":[{"href":"https:\/\/campingplatjallarga.com\/it\/wp-json\/wp\/v2\/pages\/968","targetHints":{"allow":["GET"]}}],"collection":[{"href":"https:\/\/campingplatjallarga.com\/it\/wp-json\/wp\/v2\/pages"}],"about":[{"href":"https:\/\/campingplatjallarga.com\/it\/wp-json\/wp\/v2\/types\/page"}],"author":[{"embeddable":true,"href":"https:\/\/campingplatjallarga.com\/it\/wp-json\/wp\/v2\/users\/1"}],"replies":[{"embeddable":true,"href":"https:\/\/campingplatjallarga.com\/it\/wp-json\/wp\/v2\/comments?post=968"}],"version-history":[{"count":1,"href":"https:\/\/campingplatjallarga.com\/it\/wp-json\/wp\/v2\/pages\/968\/revisions"}],"predecessor-version":[{"id":969,"href":"https:\/\/campingplatjallarga.com\/it\/wp-json\/wp\/v2\/pages\/968\/revisions\/969"}],"wp:attachment":[{"href":"https:\/\/campingplatjallarga.com\/it\/wp-json\/wp\/v2\/media?parent=968"}],"curies":[{"name":"wp","href":"https:\/\/api.w.org\/{rel}","templated":true}]}}