{"id":972,"date":"2025-07-16T13:17:38","date_gmt":"2025-07-16T11:17:38","guid":{"rendered":"https:\/\/blamark.com\/campingplatjallarga\/note-juridique\/"},"modified":"2025-07-16T13:17:55","modified_gmt":"2025-07-16T11:17:55","slug":"note-juridique","status":"publish","type":"page","link":"https:\/\/campingplatjallarga.com\/fr\/note-juridique\/","title":{"rendered":"Note juridique"},"content":{"rendered":"\n<h3 class=\"wp-block-heading\">1. identification de la personne responsable<\/h3>\n\n<p><strong>SERLA TRADE, S.L.<\/strong> (Camping Platja Llarga)<br\/>CIF : B75975607<br\/>Adresse : N-340 km 1165, 43007 Tarragona (Espagne)<br\/>E-mail : <a href=\"mailto:info@campingplatjallarga.com\">info@campingplatjallarga.com<\/a><br\/>Activit\u00e9 : Services de camping et d&rsquo;h\u00e9bergement touristique<\/p>\n\n<hr class=\"wp-block-separator has-alpha-channel-opacity\"\/>\n\n<h3 class=\"wp-block-heading\">2. Conditions d&rsquo;utilisation du site web<\/h3>\n\n<p>L&rsquo;acc\u00e8s \u00e0 ce site et son utilisation impliquent l&rsquo;acceptation totale et sans r\u00e9serve des pr\u00e9sentes mentions l\u00e9gales. Si vous n&rsquo;\u00eates pas d&rsquo;accord avec l&rsquo;une de ses sections, veuillez quitter le site. <\/p>\n\n<hr class=\"wp-block-separator has-alpha-channel-opacity\"\/>\n\n<h3 class=\"wp-block-heading\">3. Propri\u00e9t\u00e9 intellectuelle et industrielle<\/h3>\n\n<p>Tous les contenus du site (textes, images, logos, code, design&#8230;) sont la propri\u00e9t\u00e9 de SERLA TRADE, S.L. ou de leurs auteurs correspondants. Il est interdit de les reproduire, de les distribuer, de les transformer ou de les traiter sans autorisation expresse. <\/p>\n\n<hr class=\"wp-block-separator has-alpha-channel-opacity\"\/>\n\n<h3 class=\"wp-block-heading\">4. La responsabilit\u00e9<\/h3>\n\n<p>Bien que l&rsquo;information soit rigoureusement mise \u00e0 jour, SERLA TRADE, S.L. d\u00e9cline toute responsabilit\u00e9 en cas d&rsquo;erreurs, d&rsquo;omissions ou de dommages d\u00e9coulant de son utilisation ou de son acc\u00e8s. Elle n&rsquo;assume pas non plus la responsabilit\u00e9 du contenu des sites externes li\u00e9s \u00e0 ce site <a href=\"https:\/\/www.laspalmeras.com\/nota-legal\/?utm_source=chatgpt.com\" target=\"_blank\" rel=\"noreferrer noopener\">laspalmeras.com+8laspalmeras.com+8Las Palmeras Resort+8laspalmeras<\/a><a href=\"https:\/\/www.corteidh.or.cr\/docs\/casos\/articulos\/seriec_67_esp.pdf?utm_source=chatgpt.com\" target=\"_blank\" rel=\"noreferrer noopener\">.com+2Corte IDH+2laspalmeras.com+2laspalmeras.com+2laspalmeras.com+2.<\/a> <\/p>\n\n<hr class=\"wp-block-separator has-alpha-channel-opacity\"\/>\n\n<h3 class=\"wp-block-heading\">5. Liens avec des tiers<\/h3>\n\n<p>Les liens qui apparaissent sur le site Web conduisent \u00e0 des sites g\u00e9r\u00e9s par des tiers. SERLA TRADE, S.L. ne contr\u00f4le pas ces sites et n&rsquo;est pas responsable de leur contenu ni de l&rsquo;utilisation qui en est faite. <\/p>\n\n<hr class=\"wp-block-separator has-alpha-channel-opacity\"\/>\n\n<h3 class=\"wp-block-heading\">6. Utilisation de cookies<\/h3>\n\n<p>Ce site utilise ses propres cookies et ceux de tiers \u00e0 des fins fonctionnelles, analytiques et publicitaires. Si vous continuez \u00e0 naviguer sans modifier les param\u00e8tres de votre navigateur en mati\u00e8re de cookies, nous comprenons que vous consentez \u00e0 leur utilisation <a href=\"https:\/\/www.laspalmeras.com\/nota-legal\/?utm_source=chatgpt.com\" target=\"_blank\" rel=\"noreferrer noopener\">eljardindelaspalmeras.es+2laspalmeras.com+2lapalmera.org+2.<\/a> <\/p>\n\n<hr class=\"wp-block-separator has-alpha-channel-opacity\"\/>\n\n<h3 class=\"wp-block-heading\">7. Droit applicable et juridiction<\/h3>\n\n<p>Le pr\u00e9sent avis juridique est r\u00e9gi par la l\u00e9gislation espagnole et les tribunaux comp\u00e9tents pour r\u00e9soudre tout litige seront ceux de Tarragone, \u00e0 moins qu&rsquo;une r\u00e8gle applicable n&rsquo;en dispose autrement <a href=\"https:\/\/www.laspalmeras.com\/nota-legal\/?utm_source=chatgpt.com\" target=\"_blank\" rel=\"noreferrer noopener\">lapalmera.org+3laspalmeras.com+3Las Palmeras Resort+3.<\/a><\/p>\n\n<hr class=\"wp-block-separator has-alpha-channel-opacity\"\/>\n\n<h3 class=\"wp-block-heading\">8. Modifications<\/h3>\n\n<p>SERLA TRADE, S.L. se r\u00e9serve le droit de modifier cet avis l\u00e9gal \u00e0 tout moment. Les mises \u00e0 jour seront publi\u00e9es sur cette page, que nous vous recommandons de consulter r\u00e9guli\u00e8rement <a href=\"https:\/\/www.laspalmeras.com\/nota-legal\/?utm_source=chatgpt.com\" target=\"_blank\" rel=\"noreferrer noopener\">laspalmeras.com+6laspalmeras.com+6lapalmera.org+6.<\/a> <\/p>\n\n<hr class=\"wp-block-separator has-alpha-channel-opacity\"\/>\n\n<p><strong>Derni\u00e8re mise \u00e0 jour :<\/strong> 16 juillet 2025<\/p>\n","protected":false},"excerpt":{"rendered":"<p>1. identification de la personne responsable SERLA TRADE, S.L. (Camping Platja Llarga)CIF : B75975607Adresse : N-340 km 1165, 43007 Tarragona (Espagne)E-mail : info@campingplatjallarga.comActivit\u00e9 : Services de camping et d&rsquo;h\u00e9bergement touristique 2. Conditions d&rsquo;utilisation du site web L&rsquo;acc\u00e8s \u00e0 ce site et son utilisation impliquent l&rsquo;acceptation totale et sans r\u00e9serve des pr\u00e9sentes mentions l\u00e9gales. Si vous [&hellip;]<\/p>\n","protected":false},"author":1,"featured_media":0,"parent":0,"menu_order":0,"comment_status":"closed","ping_status":"closed","template":"","meta":{"ocean_post_layout":"","ocean_both_sidebars_style":"","ocean_both_sidebars_content_width":0,"ocean_both_sidebars_sidebars_width":0,"ocean_sidebar":"","ocean_second_sidebar":"","ocean_disable_margins":"enable","ocean_add_body_class":"","ocean_shortcode_before_top_bar":"","ocean_shortcode_after_top_bar":"","ocean_shortcode_before_header":"","ocean_shortcode_after_header":"","ocean_has_shortcode":"","ocean_shortcode_after_title":"","ocean_shortcode_before_footer_widgets":"","ocean_shortcode_after_footer_widgets":"","ocean_shortcode_before_footer_bottom":"","ocean_shortcode_after_footer_bottom":"","ocean_display_top_bar":"default","ocean_display_header":"default","ocean_header_style":"","ocean_center_header_left_menu":"","ocean_custom_header_template":"","ocean_custom_logo":0,"ocean_custom_retina_logo":0,"ocean_custom_logo_max_width":0,"ocean_custom_logo_tablet_max_width":0,"ocean_custom_logo_mobile_max_width":0,"ocean_custom_logo_max_height":0,"ocean_custom_logo_tablet_max_height":0,"ocean_custom_logo_mobile_max_height":0,"ocean_header_custom_menu":"","ocean_menu_typo_font_family":"","ocean_menu_typo_font_subset":"","ocean_menu_typo_font_size":0,"ocean_menu_typo_font_size_tablet":0,"ocean_menu_typo_font_size_mobile":0,"ocean_menu_typo_font_size_unit":"px","ocean_menu_typo_font_weight":"","ocean_menu_typo_font_weight_tablet":"","ocean_menu_typo_font_weight_mobile":"","ocean_menu_typo_transform":"","ocean_menu_typo_transform_tablet":"","ocean_menu_typo_transform_mobile":"","ocean_menu_typo_line_height":0,"ocean_menu_typo_line_height_tablet":0,"ocean_menu_typo_line_height_mobile":0,"ocean_menu_typo_line_height_unit":"","ocean_menu_typo_spacing":0,"ocean_menu_typo_spacing_tablet":0,"ocean_menu_typo_spacing_mobile":0,"ocean_menu_typo_spacing_unit":"","ocean_menu_link_color":"","ocean_menu_link_color_hover":"","ocean_menu_link_color_active":"","ocean_menu_link_background":"","ocean_menu_link_hover_background":"","ocean_menu_link_active_background":"","ocean_menu_social_links_bg":"","ocean_menu_social_hover_links_bg":"","ocean_menu_social_links_color":"","ocean_menu_social_hover_links_color":"","ocean_disable_title":"default","ocean_disable_heading":"default","ocean_post_title":"","ocean_post_subheading":"","ocean_post_title_style":"","ocean_post_title_background_color":"","ocean_post_title_background":0,"ocean_post_title_bg_image_position":"","ocean_post_title_bg_image_attachment":"","ocean_post_title_bg_image_repeat":"","ocean_post_title_bg_image_size":"","ocean_post_title_height":0,"ocean_post_title_bg_overlay":0.5,"ocean_post_title_bg_overlay_color":"","ocean_disable_breadcrumbs":"default","ocean_breadcrumbs_color":"","ocean_breadcrumbs_separator_color":"","ocean_breadcrumbs_links_color":"","ocean_breadcrumbs_links_hover_color":"","ocean_display_footer_widgets":"default","ocean_display_footer_bottom":"default","ocean_custom_footer_template":"","footnotes":""},"class_list":["post-972","page","type-page","status-publish","hentry","entry"],"yoast_head":"<!-- This site is optimized with the Yoast SEO plugin v27.0 - https:\/\/yoast.com\/product\/yoast-seo-wordpress\/ -->\n<title>Note juridique - Camping Platja Llarga Tarragona<\/title>\n<meta name=\"robots\" content=\"index, follow, max-snippet:-1, max-image-preview:large, max-video-preview:-1\" \/>\n<link rel=\"canonical\" href=\"https:\/\/campingplatjallarga.com\/fr\/note-juridique\/\" \/>\n<meta property=\"og:locale\" content=\"fr_FR\" \/>\n<meta property=\"og:type\" content=\"article\" \/>\n<meta property=\"og:title\" content=\"Note juridique - Camping Platja Llarga Tarragona\" \/>\n<meta property=\"og:description\" content=\"1. identification de la personne responsable SERLA TRADE, S.L. (Camping Platja Llarga)CIF : B75975607Adresse : N-340 km 1165, 43007 Tarragona (Espagne)E-mail : info@campingplatjallarga.comActivit\u00e9 : Services de camping et d&rsquo;h\u00e9bergement touristique 2. Conditions d&rsquo;utilisation du site web L&rsquo;acc\u00e8s \u00e0 ce site et son utilisation impliquent l&rsquo;acceptation totale et sans r\u00e9serve des pr\u00e9sentes mentions l\u00e9gales. Si vous [&hellip;]\" \/>\n<meta property=\"og:url\" content=\"https:\/\/campingplatjallarga.com\/fr\/note-juridique\/\" \/>\n<meta property=\"og:site_name\" content=\"Camping Platja Llarga Tarragona\" \/>\n<meta property=\"article:modified_time\" content=\"2025-07-16T11:17:55+00:00\" \/>\n<meta name=\"twitter:card\" content=\"summary_large_image\" \/>\n<meta name=\"twitter:label1\" content=\"Dur\u00e9e de lecture estim\u00e9e\" \/>\n\t<meta name=\"twitter:data1\" content=\"2 minutes\" \/>\n<script type=\"application\/ld+json\" class=\"yoast-schema-graph\">{\"@context\":\"https:\/\/schema.org\",\"@graph\":[{\"@type\":\"WebPage\",\"@id\":\"https:\/\/campingplatjallarga.com\/fr\/note-juridique\/\",\"url\":\"https:\/\/campingplatjallarga.com\/fr\/note-juridique\/\",\"name\":\"Note juridique - Camping Platja Llarga Tarragona\",\"isPartOf\":{\"@id\":\"https:\/\/campingplatjallarga.com\/fr\/#website\"},\"datePublished\":\"2025-07-16T11:17:38+00:00\",\"dateModified\":\"2025-07-16T11:17:55+00:00\",\"breadcrumb\":{\"@id\":\"https:\/\/campingplatjallarga.com\/fr\/note-juridique\/#breadcrumb\"},\"inLanguage\":\"fr-FR\",\"potentialAction\":[{\"@type\":\"ReadAction\",\"target\":[\"https:\/\/campingplatjallarga.com\/fr\/note-juridique\/\"]}]},{\"@type\":\"BreadcrumbList\",\"@id\":\"https:\/\/campingplatjallarga.com\/fr\/note-juridique\/#breadcrumb\",\"itemListElement\":[{\"@type\":\"ListItem\",\"position\":1,\"name\":\"Portada\",\"item\":\"https:\/\/campingplatjallarga.com\/fr\/\"},{\"@type\":\"ListItem\",\"position\":2,\"name\":\"Note juridique\"}]},{\"@type\":\"WebSite\",\"@id\":\"https:\/\/campingplatjallarga.com\/fr\/#website\",\"url\":\"https:\/\/campingplatjallarga.com\/fr\/\",\"name\":\"Camping Platja Llarga Tarragona\",\"description\":\"Camping Platja Llarga en Tarragona: camping familiar frente al mar, rodeado de naturaleza, con acceso directo a la playa. Parcelas, bungalows y servicios ideales para tus vacaciones en la Costa Dorada.\",\"publisher\":{\"@id\":\"https:\/\/campingplatjallarga.com\/fr\/#organization\"},\"potentialAction\":[{\"@type\":\"SearchAction\",\"target\":{\"@type\":\"EntryPoint\",\"urlTemplate\":\"https:\/\/campingplatjallarga.com\/fr\/?s={search_term_string}\"},\"query-input\":{\"@type\":\"PropertyValueSpecification\",\"valueRequired\":true,\"valueName\":\"search_term_string\"}}],\"inLanguage\":\"fr-FR\"},{\"@type\":\"Organization\",\"@id\":\"https:\/\/campingplatjallarga.com\/fr\/#organization\",\"name\":\"Camping Platja Llarga Tarragona\",\"url\":\"https:\/\/campingplatjallarga.com\/fr\/\",\"logo\":{\"@type\":\"ImageObject\",\"inLanguage\":\"fr-FR\",\"@id\":\"https:\/\/campingplatjallarga.com\/fr\/#\/schema\/logo\/image\/\",\"url\":\"https:\/\/campingplatjallarga.com\/wp-content\/uploads\/2025\/07\/logo250-transparent.png\",\"contentUrl\":\"https:\/\/campingplatjallarga.com\/wp-content\/uploads\/2025\/07\/logo250-transparent.png\",\"width\":250,\"height\":250,\"caption\":\"Camping Platja Llarga Tarragona\"},\"image\":{\"@id\":\"https:\/\/campingplatjallarga.com\/fr\/#\/schema\/logo\/image\/\"},\"sameAs\":[\"https:\/\/www.instagram.com\/campingplatjallarga\/\"]}]}<\/script>\n<!-- \/ Yoast SEO plugin. -->","yoast_head_json":{"title":"Note juridique - Camping Platja Llarga Tarragona","robots":{"index":"index","follow":"follow","max-snippet":"max-snippet:-1","max-image-preview":"max-image-preview:large","max-video-preview":"max-video-preview:-1"},"canonical":"https:\/\/campingplatjallarga.com\/fr\/note-juridique\/","og_locale":"fr_FR","og_type":"article","og_title":"Note juridique - Camping Platja Llarga Tarragona","og_description":"1. identification de la personne responsable SERLA TRADE, S.L. (Camping Platja Llarga)CIF : B75975607Adresse : N-340 km 1165, 43007 Tarragona (Espagne)E-mail : info@campingplatjallarga.comActivit\u00e9 : Services de camping et d&rsquo;h\u00e9bergement touristique 2. Conditions d&rsquo;utilisation du site web L&rsquo;acc\u00e8s \u00e0 ce site et son utilisation impliquent l&rsquo;acceptation totale et sans r\u00e9serve des pr\u00e9sentes mentions l\u00e9gales. Si vous [&hellip;]","og_url":"https:\/\/campingplatjallarga.com\/fr\/note-juridique\/","og_site_name":"Camping Platja Llarga Tarragona","article_modified_time":"2025-07-16T11:17:55+00:00","twitter_card":"summary_large_image","twitter_misc":{"Dur\u00e9e de lecture estim\u00e9e":"2 minutes"},"schema":{"@context":"https:\/\/schema.org","@graph":[{"@type":"WebPage","@id":"https:\/\/campingplatjallarga.com\/fr\/note-juridique\/","url":"https:\/\/campingplatjallarga.com\/fr\/note-juridique\/","name":"Note juridique - Camping Platja Llarga Tarragona","isPartOf":{"@id":"https:\/\/campingplatjallarga.com\/fr\/#website"},"datePublished":"2025-07-16T11:17:38+00:00","dateModified":"2025-07-16T11:17:55+00:00","breadcrumb":{"@id":"https:\/\/campingplatjallarga.com\/fr\/note-juridique\/#breadcrumb"},"inLanguage":"fr-FR","potentialAction":[{"@type":"ReadAction","target":["https:\/\/campingplatjallarga.com\/fr\/note-juridique\/"]}]},{"@type":"BreadcrumbList","@id":"https:\/\/campingplatjallarga.com\/fr\/note-juridique\/#breadcrumb","itemListElement":[{"@type":"ListItem","position":1,"name":"Portada","item":"https:\/\/campingplatjallarga.com\/fr\/"},{"@type":"ListItem","position":2,"name":"Note juridique"}]},{"@type":"WebSite","@id":"https:\/\/campingplatjallarga.com\/fr\/#website","url":"https:\/\/campingplatjallarga.com\/fr\/","name":"Camping Platja Llarga Tarragona","description":"Camping Platja Llarga en Tarragona: camping familiar frente al mar, rodeado de naturaleza, con acceso directo a la playa. Parcelas, bungalows y servicios ideales para tus vacaciones en la Costa Dorada.","publisher":{"@id":"https:\/\/campingplatjallarga.com\/fr\/#organization"},"potentialAction":[{"@type":"SearchAction","target":{"@type":"EntryPoint","urlTemplate":"https:\/\/campingplatjallarga.com\/fr\/?s={search_term_string}"},"query-input":{"@type":"PropertyValueSpecification","valueRequired":true,"valueName":"search_term_string"}}],"inLanguage":"fr-FR"},{"@type":"Organization","@id":"https:\/\/campingplatjallarga.com\/fr\/#organization","name":"Camping Platja Llarga Tarragona","url":"https:\/\/campingplatjallarga.com\/fr\/","logo":{"@type":"ImageObject","inLanguage":"fr-FR","@id":"https:\/\/campingplatjallarga.com\/fr\/#\/schema\/logo\/image\/","url":"https:\/\/campingplatjallarga.com\/wp-content\/uploads\/2025\/07\/logo250-transparent.png","contentUrl":"https:\/\/campingplatjallarga.com\/wp-content\/uploads\/2025\/07\/logo250-transparent.png","width":250,"height":250,"caption":"Camping Platja Llarga Tarragona"},"image":{"@id":"https:\/\/campingplatjallarga.com\/fr\/#\/schema\/logo\/image\/"},"sameAs":["https:\/\/www.instagram.com\/campingplatjallarga\/"]}]}},"_links":{"self":[{"href":"https:\/\/campingplatjallarga.com\/fr\/wp-json\/wp\/v2\/pages\/972","targetHints":{"allow":["GET"]}}],"collection":[{"href":"https:\/\/campingplatjallarga.com\/fr\/wp-json\/wp\/v2\/pages"}],"about":[{"href":"https:\/\/campingplatjallarga.com\/fr\/wp-json\/wp\/v2\/types\/page"}],"author":[{"embeddable":true,"href":"https:\/\/campingplatjallarga.com\/fr\/wp-json\/wp\/v2\/users\/1"}],"replies":[{"embeddable":true,"href":"https:\/\/campingplatjallarga.com\/fr\/wp-json\/wp\/v2\/comments?post=972"}],"version-history":[{"count":1,"href":"https:\/\/campingplatjallarga.com\/fr\/wp-json\/wp\/v2\/pages\/972\/revisions"}],"predecessor-version":[{"id":973,"href":"https:\/\/campingplatjallarga.com\/fr\/wp-json\/wp\/v2\/pages\/972\/revisions\/973"}],"wp:attachment":[{"href":"https:\/\/campingplatjallarga.com\/fr\/wp-json\/wp\/v2\/media?parent=972"}],"curies":[{"name":"wp","href":"https:\/\/api.w.org\/{rel}","templated":true}]}}