{"id":894,"date":"2025-07-10T12:35:04","date_gmt":"2025-07-10T10:35:04","guid":{"rendered":"https:\/\/blamark.com\/campingplatjallarga\/?page_id=894"},"modified":"2025-07-16T13:06:28","modified_gmt":"2025-07-16T11:06:28","slug":"politique-de-confidentialite","status":"publish","type":"page","link":"https:\/\/campingplatjallarga.com\/fr\/politique-de-confidentialite\/","title":{"rendered":"Politique de confidentialit\u00e9"},"content":{"rendered":"\n<h2 class=\"wp-block-heading\">1. le responsable du traitement des donn\u00e9es<\/h2>\n\n<p><strong>SERLA TRADE, S.L.<\/strong><br\/>CIF : B75975607<br\/>Adresse : N-340 km 1165, 43007 Tarragona (Espagne)<br\/>E-mail : <a>info@campingplatjallarga.com<\/a><br\/>Activit\u00e9 : Services de camping et d&rsquo;h\u00e9bergement touristique<\/p>\n\n<hr class=\"wp-block-separator has-alpha-channel-opacity\"\/>\n\n<h3 class=\"wp-block-heading\">2. la finalit\u00e9 du traitement<\/h3>\n\n<p>Les donn\u00e9es personnelles que vous fournissez seront utilis\u00e9es pour :<\/p>\n\n<ul class=\"wp-block-list\">\n<li>G\u00e9rer les questions, les r\u00e9servations, les demandes et les communications relatives \u00e0 nos services.<\/li>\n\n\n\n<li>Vous envoyer des informations commerciales, si vous nous y autorisez, sur les nouveaut\u00e9s, les offres ou les services du camping.<\/li>\n\n\n\n<li>respecter nos obligations l\u00e9gales, comptables ou fiscales.<\/li>\n<\/ul>\n\n<hr class=\"wp-block-separator has-alpha-channel-opacity\"\/>\n\n<h3 class=\"wp-block-heading\">3. L\u00e9gitimation<\/h3>\n\n<p>Le traitement de vos donn\u00e9es est bas\u00e9 sur :<\/p>\n\n<ul class=\"wp-block-list\">\n<li>Votre consentement pr\u00e9alable (dans les formulaires de contact, les abonnements ou les r\u00e9servations).<\/li>\n\n\n\n<li>l&rsquo;ex\u00e9cution d&rsquo;un contrat ou de mesures pr\u00e9contractuelles (lorsque vous effectuez une r\u00e9servation ou une demande de renseignements).<\/li>\n\n\n\n<li>Respect de nos obligations l\u00e9gales.<\/li>\n<\/ul>\n\n<hr class=\"wp-block-separator has-alpha-channel-opacity\"\/>\n\n<h3 class=\"wp-block-heading\">4. Conservation des donn\u00e9es<\/h3>\n\n<p>Les donn\u00e9es seront conserv\u00e9es pendant la dur\u00e9e n\u00e9cessaire \u00e0 la r\u00e9alisation de l&rsquo;objectif pour lequel elles ont \u00e9t\u00e9 collect\u00e9es et, en tout \u00e9tat de cause, pendant les p\u00e9riodes requises par la l\u00e9gislation en vigueur.<\/p>\n\n<hr class=\"wp-block-separator has-alpha-channel-opacity\"\/>\n\n<h3 class=\"wp-block-heading\">5. Destinataires<\/h3>\n\n<p>Nous ne transmettrons pas vos donn\u00e9es \u00e0 des tiers, sauf si la loi l&rsquo;exige ou si cela est n\u00e9cessaire \u00e0 la fourniture du service (par exemple, outils de gestion des r\u00e9servations ou passerelles de paiement), auquel cas nous garantissons qu&rsquo;ils respectent les r\u00e9glementations en mati\u00e8re de protection des donn\u00e9es.<\/p>\n\n<hr class=\"wp-block-separator has-alpha-channel-opacity\"\/>\n\n<h3 class=\"wp-block-heading\">6. Droits de l&rsquo;utilisateur<\/h3>\n\n<p>Vous pouvez exercer les droits suivants \u00e0 tout moment :<\/p>\n\n<ul class=\"wp-block-list\">\n<li>Acc\u00e8s \u00e0 vos donn\u00e9es personnelles.<\/li>\n\n\n\n<li>Rectification ou suppression.<\/li>\n\n\n\n<li>Limitation du traitement.<\/li>\n\n\n\n<li>Opposition au traitement.<\/li>\n\n\n\n<li>La portabilit\u00e9 des donn\u00e9es.<\/li>\n<\/ul>\n\n<p>Pour exercer ces droits, veuillez envoyer un courriel \u00e0 <a>info@campingplatjallarga.com<\/a> en joignant une copie de votre carte d&rsquo;identit\u00e9 ou d&rsquo;un document \u00e9quivalent.<\/p>\n\n<hr class=\"wp-block-separator has-alpha-channel-opacity\"\/>\n\n<h3 class=\"wp-block-heading\">7. S\u00e9curit\u00e9<\/h3>\n\n<p>SERLA TRADE, S.L. applique les mesures techniques et organisationnelles appropri\u00e9es pour garantir la s\u00e9curit\u00e9 et la confidentialit\u00e9 de vos donn\u00e9es, en \u00e9vitant leur alt\u00e9ration, perte, traitement ou acc\u00e8s non autoris\u00e9.<\/p>\n\n<hr class=\"wp-block-separator has-alpha-channel-opacity\"\/>\n\n<h3 class=\"wp-block-heading\">8. Modifications de la politique de confidentialit\u00e9<\/h3>\n\n<p>Nous pouvons modifier cette politique pour l&rsquo;adapter \u00e0 d&rsquo;\u00e9ventuels d\u00e9veloppements l\u00e9gislatifs ou jurisprudentiels. Toute modification sera publi\u00e9e sur cette page avec la date de mise \u00e0 jour. <\/p>\n\n<hr class=\"wp-block-separator has-alpha-channel-opacity\"\/>\n\n<p><strong>Derni\u00e8re mise \u00e0 jour : 16 juillet 2025<\/strong><\/p>\n","protected":false},"excerpt":{"rendered":"<p>1. le responsable du traitement des donn\u00e9es SERLA TRADE, S.L.CIF : B75975607Adresse : N-340 km 1165, 43007 Tarragona (Espagne)E-mail : info@campingplatjallarga.comActivit\u00e9 : Services de camping et d&rsquo;h\u00e9bergement touristique 2. la finalit\u00e9 du traitement Les donn\u00e9es personnelles que vous fournissez seront utilis\u00e9es pour : 3. L\u00e9gitimation Le traitement de vos donn\u00e9es est bas\u00e9 sur : 4. [&hellip;]<\/p>\n","protected":false},"author":1,"featured_media":0,"parent":0,"menu_order":0,"comment_status":"closed","ping_status":"open","template":"","meta":{"ocean_post_layout":"","ocean_both_sidebars_style":"","ocean_both_sidebars_content_width":0,"ocean_both_sidebars_sidebars_width":0,"ocean_sidebar":"","ocean_second_sidebar":"","ocean_disable_margins":"enable","ocean_add_body_class":"","ocean_shortcode_before_top_bar":"","ocean_shortcode_after_top_bar":"","ocean_shortcode_before_header":"","ocean_shortcode_after_header":"","ocean_has_shortcode":"","ocean_shortcode_after_title":"","ocean_shortcode_before_footer_widgets":"","ocean_shortcode_after_footer_widgets":"","ocean_shortcode_before_footer_bottom":"","ocean_shortcode_after_footer_bottom":"","ocean_display_top_bar":"default","ocean_display_header":"default","ocean_header_style":"","ocean_center_header_left_menu":"","ocean_custom_header_template":"","ocean_custom_logo":0,"ocean_custom_retina_logo":0,"ocean_custom_logo_max_width":0,"ocean_custom_logo_tablet_max_width":0,"ocean_custom_logo_mobile_max_width":0,"ocean_custom_logo_max_height":0,"ocean_custom_logo_tablet_max_height":0,"ocean_custom_logo_mobile_max_height":0,"ocean_header_custom_menu":"","ocean_menu_typo_font_family":"","ocean_menu_typo_font_subset":"","ocean_menu_typo_font_size":0,"ocean_menu_typo_font_size_tablet":0,"ocean_menu_typo_font_size_mobile":0,"ocean_menu_typo_font_size_unit":"px","ocean_menu_typo_font_weight":"","ocean_menu_typo_font_weight_tablet":"","ocean_menu_typo_font_weight_mobile":"","ocean_menu_typo_transform":"","ocean_menu_typo_transform_tablet":"","ocean_menu_typo_transform_mobile":"","ocean_menu_typo_line_height":0,"ocean_menu_typo_line_height_tablet":0,"ocean_menu_typo_line_height_mobile":0,"ocean_menu_typo_line_height_unit":"","ocean_menu_typo_spacing":0,"ocean_menu_typo_spacing_tablet":0,"ocean_menu_typo_spacing_mobile":0,"ocean_menu_typo_spacing_unit":"","ocean_menu_link_color":"","ocean_menu_link_color_hover":"","ocean_menu_link_color_active":"","ocean_menu_link_background":"","ocean_menu_link_hover_background":"","ocean_menu_link_active_background":"","ocean_menu_social_links_bg":"","ocean_menu_social_hover_links_bg":"","ocean_menu_social_links_color":"","ocean_menu_social_hover_links_color":"","ocean_disable_title":"default","ocean_disable_heading":"default","ocean_post_title":"","ocean_post_subheading":"","ocean_post_title_style":"","ocean_post_title_background_color":"","ocean_post_title_background":0,"ocean_post_title_bg_image_position":"","ocean_post_title_bg_image_attachment":"","ocean_post_title_bg_image_repeat":"","ocean_post_title_bg_image_size":"","ocean_post_title_height":0,"ocean_post_title_bg_overlay":0.5,"ocean_post_title_bg_overlay_color":"","ocean_disable_breadcrumbs":"default","ocean_breadcrumbs_color":"","ocean_breadcrumbs_separator_color":"","ocean_breadcrumbs_links_color":"","ocean_breadcrumbs_links_hover_color":"","ocean_display_footer_widgets":"default","ocean_display_footer_bottom":"default","ocean_custom_footer_template":"","footnotes":""},"class_list":["post-894","page","type-page","status-publish","hentry","entry"],"yoast_head":"<!-- This site is optimized with the Yoast SEO plugin v27.0 - https:\/\/yoast.com\/product\/yoast-seo-wordpress\/ -->\n<title>Politique de confidentialit\u00e9 - Camping Platja Llarga Tarragona<\/title>\n<meta name=\"robots\" content=\"index, follow, max-snippet:-1, max-image-preview:large, max-video-preview:-1\" \/>\n<link rel=\"canonical\" href=\"https:\/\/campingplatjallarga.com\/fr\/politique-de-confidentialite\/\" \/>\n<meta property=\"og:locale\" content=\"fr_FR\" \/>\n<meta property=\"og:type\" content=\"article\" \/>\n<meta property=\"og:title\" content=\"Politique de confidentialit\u00e9 - Camping Platja Llarga Tarragona\" \/>\n<meta property=\"og:description\" content=\"1. le responsable du traitement des donn\u00e9es SERLA TRADE, S.L.CIF : B75975607Adresse : N-340 km 1165, 43007 Tarragona (Espagne)E-mail : info@campingplatjallarga.comActivit\u00e9 : Services de camping et d&rsquo;h\u00e9bergement touristique 2. la finalit\u00e9 du traitement Les donn\u00e9es personnelles que vous fournissez seront utilis\u00e9es pour : 3. L\u00e9gitimation Le traitement de vos donn\u00e9es est bas\u00e9 sur : 4. [&hellip;]\" \/>\n<meta property=\"og:url\" content=\"https:\/\/campingplatjallarga.com\/fr\/politique-de-confidentialite\/\" \/>\n<meta property=\"og:site_name\" content=\"Camping Platja Llarga Tarragona\" \/>\n<meta property=\"article:modified_time\" content=\"2025-07-16T11:06:28+00:00\" \/>\n<meta name=\"twitter:card\" content=\"summary_large_image\" \/>\n<meta name=\"twitter:label1\" content=\"Dur\u00e9e de lecture estim\u00e9e\" \/>\n\t<meta name=\"twitter:data1\" content=\"2 minutes\" \/>\n<script type=\"application\/ld+json\" class=\"yoast-schema-graph\">{\"@context\":\"https:\/\/schema.org\",\"@graph\":[{\"@type\":\"WebPage\",\"@id\":\"https:\/\/campingplatjallarga.com\/fr\/politique-de-confidentialite\/\",\"url\":\"https:\/\/campingplatjallarga.com\/fr\/politique-de-confidentialite\/\",\"name\":\"Politique de confidentialit\u00e9 - Camping Platja Llarga Tarragona\",\"isPartOf\":{\"@id\":\"https:\/\/campingplatjallarga.com\/fr\/#website\"},\"datePublished\":\"2025-07-10T10:35:04+00:00\",\"dateModified\":\"2025-07-16T11:06:28+00:00\",\"breadcrumb\":{\"@id\":\"https:\/\/campingplatjallarga.com\/fr\/politique-de-confidentialite\/#breadcrumb\"},\"inLanguage\":\"fr-FR\",\"potentialAction\":[{\"@type\":\"ReadAction\",\"target\":[\"https:\/\/campingplatjallarga.com\/fr\/politique-de-confidentialite\/\"]}]},{\"@type\":\"BreadcrumbList\",\"@id\":\"https:\/\/campingplatjallarga.com\/fr\/politique-de-confidentialite\/#breadcrumb\",\"itemListElement\":[{\"@type\":\"ListItem\",\"position\":1,\"name\":\"Portada\",\"item\":\"https:\/\/campingplatjallarga.com\/fr\/\"},{\"@type\":\"ListItem\",\"position\":2,\"name\":\"Politique de confidentialit\u00e9\"}]},{\"@type\":\"WebSite\",\"@id\":\"https:\/\/campingplatjallarga.com\/fr\/#website\",\"url\":\"https:\/\/campingplatjallarga.com\/fr\/\",\"name\":\"Camping Platja Llarga Tarragona\",\"description\":\"Camping Platja Llarga en Tarragona: camping familiar frente al mar, rodeado de naturaleza, con acceso directo a la playa. Parcelas, bungalows y servicios ideales para tus vacaciones en la Costa Dorada.\",\"publisher\":{\"@id\":\"https:\/\/campingplatjallarga.com\/fr\/#organization\"},\"potentialAction\":[{\"@type\":\"SearchAction\",\"target\":{\"@type\":\"EntryPoint\",\"urlTemplate\":\"https:\/\/campingplatjallarga.com\/fr\/?s={search_term_string}\"},\"query-input\":{\"@type\":\"PropertyValueSpecification\",\"valueRequired\":true,\"valueName\":\"search_term_string\"}}],\"inLanguage\":\"fr-FR\"},{\"@type\":\"Organization\",\"@id\":\"https:\/\/campingplatjallarga.com\/fr\/#organization\",\"name\":\"Camping Platja Llarga Tarragona\",\"url\":\"https:\/\/campingplatjallarga.com\/fr\/\",\"logo\":{\"@type\":\"ImageObject\",\"inLanguage\":\"fr-FR\",\"@id\":\"https:\/\/campingplatjallarga.com\/fr\/#\/schema\/logo\/image\/\",\"url\":\"https:\/\/campingplatjallarga.com\/wp-content\/uploads\/2025\/07\/logo250-transparent.png\",\"contentUrl\":\"https:\/\/campingplatjallarga.com\/wp-content\/uploads\/2025\/07\/logo250-transparent.png\",\"width\":250,\"height\":250,\"caption\":\"Camping Platja Llarga Tarragona\"},\"image\":{\"@id\":\"https:\/\/campingplatjallarga.com\/fr\/#\/schema\/logo\/image\/\"},\"sameAs\":[\"https:\/\/www.instagram.com\/campingplatjallarga\/\"]}]}<\/script>\n<!-- \/ Yoast SEO plugin. -->","yoast_head_json":{"title":"Politique de confidentialit\u00e9 - Camping Platja Llarga Tarragona","robots":{"index":"index","follow":"follow","max-snippet":"max-snippet:-1","max-image-preview":"max-image-preview:large","max-video-preview":"max-video-preview:-1"},"canonical":"https:\/\/campingplatjallarga.com\/fr\/politique-de-confidentialite\/","og_locale":"fr_FR","og_type":"article","og_title":"Politique de confidentialit\u00e9 - Camping Platja Llarga Tarragona","og_description":"1. le responsable du traitement des donn\u00e9es SERLA TRADE, S.L.CIF : B75975607Adresse : N-340 km 1165, 43007 Tarragona (Espagne)E-mail : info@campingplatjallarga.comActivit\u00e9 : Services de camping et d&rsquo;h\u00e9bergement touristique 2. la finalit\u00e9 du traitement Les donn\u00e9es personnelles que vous fournissez seront utilis\u00e9es pour : 3. L\u00e9gitimation Le traitement de vos donn\u00e9es est bas\u00e9 sur : 4. [&hellip;]","og_url":"https:\/\/campingplatjallarga.com\/fr\/politique-de-confidentialite\/","og_site_name":"Camping Platja Llarga Tarragona","article_modified_time":"2025-07-16T11:06:28+00:00","twitter_card":"summary_large_image","twitter_misc":{"Dur\u00e9e de lecture estim\u00e9e":"2 minutes"},"schema":{"@context":"https:\/\/schema.org","@graph":[{"@type":"WebPage","@id":"https:\/\/campingplatjallarga.com\/fr\/politique-de-confidentialite\/","url":"https:\/\/campingplatjallarga.com\/fr\/politique-de-confidentialite\/","name":"Politique de confidentialit\u00e9 - Camping Platja Llarga Tarragona","isPartOf":{"@id":"https:\/\/campingplatjallarga.com\/fr\/#website"},"datePublished":"2025-07-10T10:35:04+00:00","dateModified":"2025-07-16T11:06:28+00:00","breadcrumb":{"@id":"https:\/\/campingplatjallarga.com\/fr\/politique-de-confidentialite\/#breadcrumb"},"inLanguage":"fr-FR","potentialAction":[{"@type":"ReadAction","target":["https:\/\/campingplatjallarga.com\/fr\/politique-de-confidentialite\/"]}]},{"@type":"BreadcrumbList","@id":"https:\/\/campingplatjallarga.com\/fr\/politique-de-confidentialite\/#breadcrumb","itemListElement":[{"@type":"ListItem","position":1,"name":"Portada","item":"https:\/\/campingplatjallarga.com\/fr\/"},{"@type":"ListItem","position":2,"name":"Politique de confidentialit\u00e9"}]},{"@type":"WebSite","@id":"https:\/\/campingplatjallarga.com\/fr\/#website","url":"https:\/\/campingplatjallarga.com\/fr\/","name":"Camping Platja Llarga Tarragona","description":"Camping Platja Llarga en Tarragona: camping familiar frente al mar, rodeado de naturaleza, con acceso directo a la playa. Parcelas, bungalows y servicios ideales para tus vacaciones en la Costa Dorada.","publisher":{"@id":"https:\/\/campingplatjallarga.com\/fr\/#organization"},"potentialAction":[{"@type":"SearchAction","target":{"@type":"EntryPoint","urlTemplate":"https:\/\/campingplatjallarga.com\/fr\/?s={search_term_string}"},"query-input":{"@type":"PropertyValueSpecification","valueRequired":true,"valueName":"search_term_string"}}],"inLanguage":"fr-FR"},{"@type":"Organization","@id":"https:\/\/campingplatjallarga.com\/fr\/#organization","name":"Camping Platja Llarga Tarragona","url":"https:\/\/campingplatjallarga.com\/fr\/","logo":{"@type":"ImageObject","inLanguage":"fr-FR","@id":"https:\/\/campingplatjallarga.com\/fr\/#\/schema\/logo\/image\/","url":"https:\/\/campingplatjallarga.com\/wp-content\/uploads\/2025\/07\/logo250-transparent.png","contentUrl":"https:\/\/campingplatjallarga.com\/wp-content\/uploads\/2025\/07\/logo250-transparent.png","width":250,"height":250,"caption":"Camping Platja Llarga Tarragona"},"image":{"@id":"https:\/\/campingplatjallarga.com\/fr\/#\/schema\/logo\/image\/"},"sameAs":["https:\/\/www.instagram.com\/campingplatjallarga\/"]}]}},"_links":{"self":[{"href":"https:\/\/campingplatjallarga.com\/fr\/wp-json\/wp\/v2\/pages\/894","targetHints":{"allow":["GET"]}}],"collection":[{"href":"https:\/\/campingplatjallarga.com\/fr\/wp-json\/wp\/v2\/pages"}],"about":[{"href":"https:\/\/campingplatjallarga.com\/fr\/wp-json\/wp\/v2\/types\/page"}],"author":[{"embeddable":true,"href":"https:\/\/campingplatjallarga.com\/fr\/wp-json\/wp\/v2\/users\/1"}],"replies":[{"embeddable":true,"href":"https:\/\/campingplatjallarga.com\/fr\/wp-json\/wp\/v2\/comments?post=894"}],"version-history":[{"count":2,"href":"https:\/\/campingplatjallarga.com\/fr\/wp-json\/wp\/v2\/pages\/894\/revisions"}],"predecessor-version":[{"id":946,"href":"https:\/\/campingplatjallarga.com\/fr\/wp-json\/wp\/v2\/pages\/894\/revisions\/946"}],"wp:attachment":[{"href":"https:\/\/campingplatjallarga.com\/fr\/wp-json\/wp\/v2\/media?parent=894"}],"curies":[{"name":"wp","href":"https:\/\/api.w.org\/{rel}","templated":true}]}}