{"id":1371,"date":"2025-07-16T15:29:35","date_gmt":"2025-07-16T13:29:35","guid":{"rendered":"https:\/\/blamark.com\/campingplatjallarga\/tarifs\/"},"modified":"2025-09-15T12:46:37","modified_gmt":"2025-09-15T10:46:37","slug":"tarifs","status":"publish","type":"page","link":"https:\/\/campingplatjallarga.com\/fr\/tarifs\/","title":{"rendered":"Tarifs"},"content":{"rendered":"\n<h2 class=\"wp-block-heading has-x-large-font-size\">Taux des parcelles  <\/h2>\n\n<p class=\"has-large-font-size\">Saison 2025<\/p>\n\n<p><em>Prix par nuit (parcelle avec 2 personnes)<\/em><\/p>\n\n<figure class=\"wp-block-table\"><table class=\"has-fixed-layout\"><thead><tr><th><strong>Saison<\/strong><\/th><th><strong>Prix de la parcelle<\/strong><\/th><th><strong>L&rsquo;\u00e9lectricit\u00e9<\/strong><\/th><th><strong>Suppl\u00e9ments<\/strong><\/th><\/tr><\/thead><tbody><tr><td><strong>Saison d&rsquo;hiver<\/strong><\/td><td>15 \u20ac<\/td><td>+7 \u20ac<\/td><td>Personne suppl\u00e9mentaire (\u00e0 partir de 4 ans) : 5 \u20ac\/nuit<\/td><\/tr><tr><td><strong>Basse saison<\/strong><\/td><td>23 \u20ac<\/td><td>+7 \u20ac<\/td><td>Personne suppl\u00e9mentaire (\u00e0 partir de 4 ans) : 5 \u20ac\/nuit<\/td><\/tr><tr><td><strong>Mi-saison<\/strong><\/td><td>27 \u20ac<\/td><td>+7 \u20ac<\/td><td>Personne suppl\u00e9mentaire (\u00e0 partir de 4 ans) : 5 \u20ac\/nuit<\/td><\/tr><tr><td><strong>Sp\u00e9cial juillet<\/strong><\/td><td>37 \u20ac<\/td><td>+7 \u20ac<\/td><td>Personne suppl\u00e9mentaire : 10 \u20ac\/nuit<br\/>Voiture suppl\u00e9mentaire : 10 \u20ac\/nuit<\/td><\/tr><tr><td><strong>Haute saison<\/strong><\/td><td>45 \u20ac<\/td><td>+7 \u20ac<\/td><td>Personne suppl\u00e9mentaire : 10 \u20ac\/nuit<br\/>Voiture suppl\u00e9mentaire : 10 \u20ac\/nuit<\/td><\/tr><\/tbody><\/table><\/figure>\n\n<hr class=\"wp-block-separator has-alpha-channel-opacity\"\/>\n\n<h3 class=\"wp-block-heading\">\ud83e\uddfe D\u00e9tails importants<\/h3>\n\n<ul class=\"wp-block-list\">\n<li>Tous les prix s&rsquo;entendent pour <strong>2 personnes par parcelle<\/strong><\/li>\n\n\n\n<li><strong>Enfants de moins de 4 ans : gratuit<\/strong><\/li>\n\n\n\n<li><strong>Personne suppl\u00e9mentaire<\/strong> \u00e0 partir de 4 ans :<br\/> &#8211; 5 \u20ac\/nuit <br\/> &#8211; 10 \u20ac\/nuit en saison sp\u00e9ciale en juillet et en haute saison.<\/li>\n\n\n\n<li>Suppl\u00e9ment de 7 \u20ac pour l<strong>&lsquo;\u00e9lectricit\u00e9<\/strong>.<\/li>\n\n\n\n<li><strong>V\u00e9hicule suppl\u00e9mentaire<\/strong>: 10 \u20ac\/nuit (uniquement en juillet sp\u00e9cial et en haute saison)<\/li>\n<\/ul>\n\n<hr class=\"wp-block-separator has-alpha-channel-opacity\"\/>\n\n<h3 class=\"wp-block-heading\">\ud83d\udd52 Horaires<\/h3>\n\n<ul class=\"wp-block-list\">\n<li><strong>Enregistrement<\/strong>: \u00e0 partir de 14h00<\/li>\n\n\n\n<li><strong>D\u00e9part<\/strong>: avant 12h00.<\/li>\n<\/ul>\n\n<h2 class=\"wp-block-heading has-x-large-font-size\">Tarifs des bungalows  <\/h2>\n\n<p class=\"has-large-font-size\">Saison 2025<\/p>\n\n<p><em>Prix par nuit, selon la saison et la capacit\u00e9<\/em><\/p>\n\n<figure class=\"wp-block-table\"><table class=\"has-fixed-layout\"><thead><tr><th><strong>Type de bungalow<\/strong><\/th><th><strong>Capacit\u00e9<\/strong><\/th><th><strong>Reste de l&rsquo;ann\u00e9e<\/strong><\/th><th><strong>Sp\u00e9cial juillet et ao\u00fbt<\/strong><\/th><\/tr><\/thead><tbody><tr><td><strong>Petit bungalow<\/strong><\/td><td>Jusqu&rsquo;\u00e0 4 personnes<\/td><td>110 \u20ac<\/td><td>120 \u20ac<\/td><\/tr><tr><td><strong>Bungalow moyen<\/strong><\/td><td>Jusqu&rsquo;\u00e0 6 personnes<\/td><td>120 \u20ac<\/td><td>130 \u20ac<\/td><\/tr><tr><td><strong>Grand bungalow<\/strong><\/td><td>Jusqu&rsquo;\u00e0 6 personnes<\/td><td>130 \u20ac<\/td><td>150\u20ac<\/td><\/tr><\/tbody><\/table><\/figure>\n\n<blockquote class=\"wp-block-quote is-layout-flow wp-block-quote-is-layout-flow\">\n<p><em>(Prix indicatifs : remplacez les montants si vous avez les valeurs exactes)<\/em><\/p>\n<\/blockquote>\n\n<hr class=\"wp-block-separator has-alpha-channel-opacity\"\/>\n\n<h3 class=\"wp-block-heading\">\u2139\ufe0f Informations compl\u00e9mentaires<\/h3>\n\n<ul class=\"wp-block-list\">\n<li><strong>S\u00e9jour minimum<\/strong>:<br\/> &#8211; 2 nuits en basse et moyenne saison<br\/> &#8211; 4 nuits en juillet sp\u00e9cial et haute saison<\/li>\n\n\n\n<li><strong>Comprend<\/strong>: h\u00e9bergement complet, utilisation des installations, 1 place de parking et Wi-Fi gratuit.<\/li>\n\n\n\n<li><strong>Non inclus<\/strong>: Taxe de s\u00e9jour (\u00e0 payer \u00e0 la r\u00e9ception). Le linge de lit, s&rsquo;il est n\u00e9cessaire, doit \u00eatre demand\u00e9 avant l&rsquo;arriv\u00e9e pour un prix de 35 euros en plus du montant total de la r\u00e9servation. <\/li>\n\n\n\n<li><strong>Heure d&rsquo;arriv\u00e9e<\/strong>: de 15:00h \u00e0 20:00h, veuillez nous informer si vous arrivez en dehors de ces heures.<\/li>\n\n\n\n<li><strong>Heure de d\u00e9part<\/strong>: avant 11 heures.<\/li>\n<\/ul>\n\n<hr class=\"wp-block-separator has-alpha-channel-opacity\"\/>\n\n<h3 class=\"wp-block-heading\">\ud83e\uddfe Suppl\u00e9ments et conditions<\/h3>\n\n<ul class=\"wp-block-list\">\n<li>Personne suppl\u00e9mentaire : uniquement dans le grand bungalow (v\u00e9rifier la disponibilit\u00e9)<\/li>\n\n\n\n<li>Lit b\u00e9b\u00e9 ou lit suppl\u00e9mentaire : sur demande (un suppl\u00e9ment peut \u00eatre demand\u00e9).<\/li>\n\n\n\n<li>Animaux : non admis dans les bungalows<\/li>\n\n\n\n<li>Nettoyage final : inclus, \u00e0 condition que le bungalow soit rendu en bon \u00e9tat.<\/li>\n<\/ul>\n\n<div class=\"wp-block-cover alignfull\"><span aria-hidden=\"true\" class=\"wp-block-cover__background has-vivid-cyan-blue-background-color has-background-dim-100 has-background-dim\"><\/span><div class=\"wp-block-cover__inner-container is-layout-constrained wp-block-cover-is-layout-constrained\">\n<p class=\"has-text-align-center has-white-color has-text-color has-link-color has-large-font-size wp-elements-5d01eaf2da51337ee01b9f2fb04bc79a\"><strong>R\u00e9servations de longs s\u00e9jours<\/strong><\/p>\n\n\n\n<p class=\"has-text-align-center has-medium-font-size\">Si vous souhaitez prolonger votre s\u00e9jour au Camping Platja Llarga, nous vous proposons des options sp\u00e9ciales adapt\u00e9es \u00e0 vos besoins.<\/p>\n\n\n\n<p class=\"has-text-align-center has-small-font-size\"><em>Pour des devis personnalis\u00e9s et de plus amples informations, veuillez nous contacter par courrier :<\/em><\/p>\n\n\n\n<p class=\"has-text-align-center has-white-color has-text-color has-link-color has-medium-font-size wp-elements-3c6a6b3e3e2aee27874c8ca1c3c17acc\"><strong><a href=\"mailto:info@campingplatjallarga.com\">info@campingplatjallarga.com<\/a><\/strong><\/p>\n<\/div><\/div>\n","protected":false},"excerpt":{"rendered":"<p>Taux des parcelles Saison 2025 Prix par nuit (parcelle avec 2 personnes) Saison Prix de la parcelle L&rsquo;\u00e9lectricit\u00e9 Suppl\u00e9ments Saison d&rsquo;hiver 15 \u20ac +7 \u20ac Personne suppl\u00e9mentaire (\u00e0 partir de 4 ans) : 5 \u20ac\/nuit Basse saison 23 \u20ac +7 \u20ac Personne suppl\u00e9mentaire (\u00e0 partir de 4 ans) : 5 \u20ac\/nuit Mi-saison 27 \u20ac +7 [&hellip;]<\/p>\n","protected":false},"author":1,"featured_media":0,"parent":0,"menu_order":0,"comment_status":"closed","ping_status":"closed","template":"","meta":{"ocean_post_layout":"","ocean_both_sidebars_style":"","ocean_both_sidebars_content_width":0,"ocean_both_sidebars_sidebars_width":0,"ocean_sidebar":"","ocean_second_sidebar":"","ocean_disable_margins":"enable","ocean_add_body_class":"","ocean_shortcode_before_top_bar":"","ocean_shortcode_after_top_bar":"","ocean_shortcode_before_header":"","ocean_shortcode_after_header":"","ocean_has_shortcode":"","ocean_shortcode_after_title":"","ocean_shortcode_before_footer_widgets":"","ocean_shortcode_after_footer_widgets":"","ocean_shortcode_before_footer_bottom":"","ocean_shortcode_after_footer_bottom":"","ocean_display_top_bar":"default","ocean_display_header":"default","ocean_header_style":"","ocean_center_header_left_menu":"","ocean_custom_header_template":"","ocean_custom_logo":0,"ocean_custom_retina_logo":0,"ocean_custom_logo_max_width":0,"ocean_custom_logo_tablet_max_width":0,"ocean_custom_logo_mobile_max_width":0,"ocean_custom_logo_max_height":0,"ocean_custom_logo_tablet_max_height":0,"ocean_custom_logo_mobile_max_height":0,"ocean_header_custom_menu":"","ocean_menu_typo_font_family":"","ocean_menu_typo_font_subset":"","ocean_menu_typo_font_size":0,"ocean_menu_typo_font_size_tablet":0,"ocean_menu_typo_font_size_mobile":0,"ocean_menu_typo_font_size_unit":"px","ocean_menu_typo_font_weight":"","ocean_menu_typo_font_weight_tablet":"","ocean_menu_typo_font_weight_mobile":"","ocean_menu_typo_transform":"","ocean_menu_typo_transform_tablet":"","ocean_menu_typo_transform_mobile":"","ocean_menu_typo_line_height":0,"ocean_menu_typo_line_height_tablet":0,"ocean_menu_typo_line_height_mobile":0,"ocean_menu_typo_line_height_unit":"","ocean_menu_typo_spacing":0,"ocean_menu_typo_spacing_tablet":0,"ocean_menu_typo_spacing_mobile":0,"ocean_menu_typo_spacing_unit":"","ocean_menu_link_color":"","ocean_menu_link_color_hover":"","ocean_menu_link_color_active":"","ocean_menu_link_background":"","ocean_menu_link_hover_background":"","ocean_menu_link_active_background":"","ocean_menu_social_links_bg":"","ocean_menu_social_hover_links_bg":"","ocean_menu_social_links_color":"","ocean_menu_social_hover_links_color":"","ocean_disable_title":"default","ocean_disable_heading":"default","ocean_post_title":"","ocean_post_subheading":"","ocean_post_title_style":"","ocean_post_title_background_color":"","ocean_post_title_background":0,"ocean_post_title_bg_image_position":"","ocean_post_title_bg_image_attachment":"","ocean_post_title_bg_image_repeat":"","ocean_post_title_bg_image_size":"","ocean_post_title_height":0,"ocean_post_title_bg_overlay":0.5,"ocean_post_title_bg_overlay_color":"","ocean_disable_breadcrumbs":"default","ocean_breadcrumbs_color":"","ocean_breadcrumbs_separator_color":"","ocean_breadcrumbs_links_color":"","ocean_breadcrumbs_links_hover_color":"","ocean_display_footer_widgets":"default","ocean_display_footer_bottom":"default","ocean_custom_footer_template":"","footnotes":""},"class_list":["post-1371","page","type-page","status-publish","hentry","entry"],"yoast_head":"<!-- This site is optimized with the Yoast SEO plugin v27.0 - https:\/\/yoast.com\/product\/yoast-seo-wordpress\/ -->\n<title>Tarifs - Camping Platja Llarga Tarragona<\/title>\n<meta name=\"robots\" content=\"index, follow, max-snippet:-1, max-image-preview:large, max-video-preview:-1\" \/>\n<link rel=\"canonical\" href=\"https:\/\/campingplatjallarga.com\/fr\/tarifs\/\" \/>\n<meta property=\"og:locale\" content=\"fr_FR\" \/>\n<meta property=\"og:type\" content=\"article\" \/>\n<meta property=\"og:title\" content=\"Tarifs - Camping Platja Llarga Tarragona\" \/>\n<meta property=\"og:description\" content=\"Taux des parcelles Saison 2025 Prix par nuit (parcelle avec 2 personnes) Saison Prix de la parcelle L&rsquo;\u00e9lectricit\u00e9 Suppl\u00e9ments Saison d&rsquo;hiver 15 \u20ac +7 \u20ac Personne suppl\u00e9mentaire (\u00e0 partir de 4 ans) : 5 \u20ac\/nuit Basse saison 23 \u20ac +7 \u20ac Personne suppl\u00e9mentaire (\u00e0 partir de 4 ans) : 5 \u20ac\/nuit Mi-saison 27 \u20ac +7 [&hellip;]\" \/>\n<meta property=\"og:url\" content=\"https:\/\/campingplatjallarga.com\/fr\/tarifs\/\" \/>\n<meta property=\"og:site_name\" content=\"Camping Platja Llarga Tarragona\" \/>\n<meta property=\"article:modified_time\" content=\"2025-09-15T10:46:37+00:00\" \/>\n<meta name=\"twitter:card\" content=\"summary_large_image\" \/>\n<meta name=\"twitter:label1\" content=\"Dur\u00e9e de lecture estim\u00e9e\" \/>\n\t<meta name=\"twitter:data1\" content=\"2 minutes\" \/>\n<script type=\"application\/ld+json\" class=\"yoast-schema-graph\">{\"@context\":\"https:\/\/schema.org\",\"@graph\":[{\"@type\":\"WebPage\",\"@id\":\"https:\/\/campingplatjallarga.com\/fr\/tarifs\/\",\"url\":\"https:\/\/campingplatjallarga.com\/fr\/tarifs\/\",\"name\":\"Tarifs - Camping Platja Llarga Tarragona\",\"isPartOf\":{\"@id\":\"https:\/\/campingplatjallarga.com\/fr\/#website\"},\"datePublished\":\"2025-07-16T13:29:35+00:00\",\"dateModified\":\"2025-09-15T10:46:37+00:00\",\"breadcrumb\":{\"@id\":\"https:\/\/campingplatjallarga.com\/fr\/tarifs\/#breadcrumb\"},\"inLanguage\":\"fr-FR\",\"potentialAction\":[{\"@type\":\"ReadAction\",\"target\":[\"https:\/\/campingplatjallarga.com\/fr\/tarifs\/\"]}]},{\"@type\":\"BreadcrumbList\",\"@id\":\"https:\/\/campingplatjallarga.com\/fr\/tarifs\/#breadcrumb\",\"itemListElement\":[{\"@type\":\"ListItem\",\"position\":1,\"name\":\"Portada\",\"item\":\"https:\/\/campingplatjallarga.com\/fr\/\"},{\"@type\":\"ListItem\",\"position\":2,\"name\":\"Tarifs\"}]},{\"@type\":\"WebSite\",\"@id\":\"https:\/\/campingplatjallarga.com\/fr\/#website\",\"url\":\"https:\/\/campingplatjallarga.com\/fr\/\",\"name\":\"Camping Platja Llarga Tarragona\",\"description\":\"Camping Platja Llarga en Tarragona: camping familiar frente al mar, rodeado de naturaleza, con acceso directo a la playa. Parcelas, bungalows y servicios ideales para tus vacaciones en la Costa Dorada.\",\"publisher\":{\"@id\":\"https:\/\/campingplatjallarga.com\/fr\/#organization\"},\"potentialAction\":[{\"@type\":\"SearchAction\",\"target\":{\"@type\":\"EntryPoint\",\"urlTemplate\":\"https:\/\/campingplatjallarga.com\/fr\/?s={search_term_string}\"},\"query-input\":{\"@type\":\"PropertyValueSpecification\",\"valueRequired\":true,\"valueName\":\"search_term_string\"}}],\"inLanguage\":\"fr-FR\"},{\"@type\":\"Organization\",\"@id\":\"https:\/\/campingplatjallarga.com\/fr\/#organization\",\"name\":\"Camping Platja Llarga Tarragona\",\"url\":\"https:\/\/campingplatjallarga.com\/fr\/\",\"logo\":{\"@type\":\"ImageObject\",\"inLanguage\":\"fr-FR\",\"@id\":\"https:\/\/campingplatjallarga.com\/fr\/#\/schema\/logo\/image\/\",\"url\":\"https:\/\/campingplatjallarga.com\/wp-content\/uploads\/2025\/07\/logo250-transparent.png\",\"contentUrl\":\"https:\/\/campingplatjallarga.com\/wp-content\/uploads\/2025\/07\/logo250-transparent.png\",\"width\":250,\"height\":250,\"caption\":\"Camping Platja Llarga Tarragona\"},\"image\":{\"@id\":\"https:\/\/campingplatjallarga.com\/fr\/#\/schema\/logo\/image\/\"},\"sameAs\":[\"https:\/\/www.instagram.com\/campingplatjallarga\/\"]}]}<\/script>\n<!-- \/ Yoast SEO plugin. -->","yoast_head_json":{"title":"Tarifs - Camping Platja Llarga Tarragona","robots":{"index":"index","follow":"follow","max-snippet":"max-snippet:-1","max-image-preview":"max-image-preview:large","max-video-preview":"max-video-preview:-1"},"canonical":"https:\/\/campingplatjallarga.com\/fr\/tarifs\/","og_locale":"fr_FR","og_type":"article","og_title":"Tarifs - Camping Platja Llarga Tarragona","og_description":"Taux des parcelles Saison 2025 Prix par nuit (parcelle avec 2 personnes) Saison Prix de la parcelle L&rsquo;\u00e9lectricit\u00e9 Suppl\u00e9ments Saison d&rsquo;hiver 15 \u20ac +7 \u20ac Personne suppl\u00e9mentaire (\u00e0 partir de 4 ans) : 5 \u20ac\/nuit Basse saison 23 \u20ac +7 \u20ac Personne suppl\u00e9mentaire (\u00e0 partir de 4 ans) : 5 \u20ac\/nuit Mi-saison 27 \u20ac +7 [&hellip;]","og_url":"https:\/\/campingplatjallarga.com\/fr\/tarifs\/","og_site_name":"Camping Platja Llarga Tarragona","article_modified_time":"2025-09-15T10:46:37+00:00","twitter_card":"summary_large_image","twitter_misc":{"Dur\u00e9e de lecture estim\u00e9e":"2 minutes"},"schema":{"@context":"https:\/\/schema.org","@graph":[{"@type":"WebPage","@id":"https:\/\/campingplatjallarga.com\/fr\/tarifs\/","url":"https:\/\/campingplatjallarga.com\/fr\/tarifs\/","name":"Tarifs - Camping Platja Llarga Tarragona","isPartOf":{"@id":"https:\/\/campingplatjallarga.com\/fr\/#website"},"datePublished":"2025-07-16T13:29:35+00:00","dateModified":"2025-09-15T10:46:37+00:00","breadcrumb":{"@id":"https:\/\/campingplatjallarga.com\/fr\/tarifs\/#breadcrumb"},"inLanguage":"fr-FR","potentialAction":[{"@type":"ReadAction","target":["https:\/\/campingplatjallarga.com\/fr\/tarifs\/"]}]},{"@type":"BreadcrumbList","@id":"https:\/\/campingplatjallarga.com\/fr\/tarifs\/#breadcrumb","itemListElement":[{"@type":"ListItem","position":1,"name":"Portada","item":"https:\/\/campingplatjallarga.com\/fr\/"},{"@type":"ListItem","position":2,"name":"Tarifs"}]},{"@type":"WebSite","@id":"https:\/\/campingplatjallarga.com\/fr\/#website","url":"https:\/\/campingplatjallarga.com\/fr\/","name":"Camping Platja Llarga Tarragona","description":"Camping Platja Llarga en Tarragona: camping familiar frente al mar, rodeado de naturaleza, con acceso directo a la playa. Parcelas, bungalows y servicios ideales para tus vacaciones en la Costa Dorada.","publisher":{"@id":"https:\/\/campingplatjallarga.com\/fr\/#organization"},"potentialAction":[{"@type":"SearchAction","target":{"@type":"EntryPoint","urlTemplate":"https:\/\/campingplatjallarga.com\/fr\/?s={search_term_string}"},"query-input":{"@type":"PropertyValueSpecification","valueRequired":true,"valueName":"search_term_string"}}],"inLanguage":"fr-FR"},{"@type":"Organization","@id":"https:\/\/campingplatjallarga.com\/fr\/#organization","name":"Camping Platja Llarga Tarragona","url":"https:\/\/campingplatjallarga.com\/fr\/","logo":{"@type":"ImageObject","inLanguage":"fr-FR","@id":"https:\/\/campingplatjallarga.com\/fr\/#\/schema\/logo\/image\/","url":"https:\/\/campingplatjallarga.com\/wp-content\/uploads\/2025\/07\/logo250-transparent.png","contentUrl":"https:\/\/campingplatjallarga.com\/wp-content\/uploads\/2025\/07\/logo250-transparent.png","width":250,"height":250,"caption":"Camping Platja Llarga Tarragona"},"image":{"@id":"https:\/\/campingplatjallarga.com\/fr\/#\/schema\/logo\/image\/"},"sameAs":["https:\/\/www.instagram.com\/campingplatjallarga\/"]}]}},"_links":{"self":[{"href":"https:\/\/campingplatjallarga.com\/fr\/wp-json\/wp\/v2\/pages\/1371","targetHints":{"allow":["GET"]}}],"collection":[{"href":"https:\/\/campingplatjallarga.com\/fr\/wp-json\/wp\/v2\/pages"}],"about":[{"href":"https:\/\/campingplatjallarga.com\/fr\/wp-json\/wp\/v2\/types\/page"}],"author":[{"embeddable":true,"href":"https:\/\/campingplatjallarga.com\/fr\/wp-json\/wp\/v2\/users\/1"}],"replies":[{"embeddable":true,"href":"https:\/\/campingplatjallarga.com\/fr\/wp-json\/wp\/v2\/comments?post=1371"}],"version-history":[{"count":11,"href":"https:\/\/campingplatjallarga.com\/fr\/wp-json\/wp\/v2\/pages\/1371\/revisions"}],"predecessor-version":[{"id":2076,"href":"https:\/\/campingplatjallarga.com\/fr\/wp-json\/wp\/v2\/pages\/1371\/revisions\/2076"}],"wp:attachment":[{"href":"https:\/\/campingplatjallarga.com\/fr\/wp-json\/wp\/v2\/media?parent=1371"}],"curies":[{"name":"wp","href":"https:\/\/api.w.org\/{rel}","templated":true}]}}