{"id":1356,"date":"2025-07-16T15:24:22","date_gmt":"2025-07-16T13:24:22","guid":{"rendered":"https:\/\/blamark.com\/campingplatjallarga\/politique-dannulation\/"},"modified":"2025-07-16T15:28:58","modified_gmt":"2025-07-16T13:28:58","slug":"politique-dannulation","status":"publish","type":"page","link":"https:\/\/campingplatjallarga.com\/fr\/politique-dannulation\/","title":{"rendered":"Politique d&rsquo;annulation"},"content":{"rendered":"\n<p>Afin de garantir votre r\u00e9servation, nous demandons le paiement pr\u00e9alable de <strong>40% du montant total<\/strong> du s\u00e9jour ou du service contract\u00e9. Ce paiement fait office d&rsquo;acompte de confirmation et valide d\u00e9finitivement la r\u00e9servation. <\/p>\n\n<h3 class=\"wp-block-heading\">Conditions d&rsquo;annulation<\/h3>\n\n<h4 class=\"wp-block-heading\">\u2705 Annulation plus de 15 jours \u00e0 l&rsquo;avance<\/h4>\n\n<p>Si vous annulez votre r\u00e9servation plus de 15 jours avant la date d&rsquo;arriv\u00e9e, <strong>50 % du montant vers\u00e9 \u00e0<\/strong> titre d&rsquo;acompte vous sera rembours\u00e9. Ce montant repr\u00e9sente 20 % du montant total de la r\u00e9servation. Le reste n&rsquo;est pas remboursable.  <\/p>\n\n<h4 class=\"wp-block-heading\">\u26a0\ufe0f Annulations entre 14 et 0 jours avant l&rsquo;arriv\u00e9e<\/h4>\n\n<p>Si l&rsquo;annulation est faite <strong>14 jours ou moins \u00e0 l&rsquo;avance<\/strong>, aucun remboursement ne sera effectu\u00e9. La totalit\u00e9 du montant pay\u00e9 (40 % du montant total de la r\u00e9servation) sera conserv\u00e9e. <\/p>\n\n<h4 class=\"wp-block-heading\">\u274c Pas de spectacle<\/h4>\n\n<p>En cas de non-pr\u00e9sentation le jour pr\u00e9vu de l&rsquo;arriv\u00e9e et sans pr\u00e9avis, la <strong>r\u00e9servation sera automatiquement annul\u00e9e<\/strong> et le montant total vers\u00e9 sera perdu.<\/p>\n\n<hr class=\"wp-block-separator has-alpha-channel-opacity\"\/>\n\n<h3 class=\"wp-block-heading\">\ud83d\udcdd Changements dans les r\u00e9serves<\/h3>\n\n<p>Toute modification des dates de la r\u00e9servation sera soumise \u00e0 la disponibilit\u00e9 et pourrait entra\u00eener une variation du prix. En cas de modification, les m\u00eames conditions d&rsquo;annulation s&rsquo;appliqueront \u00e0 la nouvelle date confirm\u00e9e. <\/p>\n\n<hr class=\"wp-block-separator has-alpha-channel-opacity\"\/>\n\n<h3 class=\"wp-block-heading\">\ud83c\udf2a Annulation pour cause de force majeure<\/h3>\n\n<p>Dans des situations exceptionnelles et d\u00fbment justifi\u00e9es (telles qu&rsquo;une maladie grave ou des restrictions officielles de mobilit\u00e9), la direction se r\u00e9serve le droit d&rsquo;\u00e9valuer chaque cas individuellement. Le cas \u00e9ch\u00e9ant, des alternatives telles qu&rsquo;un changement de dates ou un remboursement partiel peuvent \u00eatre propos\u00e9es. <\/p>\n\n<hr class=\"wp-block-separator has-alpha-channel-opacity\"\/>\n\n<h3 class=\"wp-block-heading\">\ud83d\udcec Comment annuler une r\u00e9servation<\/h3>\n\n<p>Les demandes d&rsquo;annulation doivent \u00eatre faites <strong>par \u00e9crit<\/strong>, en envoyant un courriel \u00e0 :<br\/>\ud83d\udce9 <a class=\"\" href=\"mailto:info@campingplatjallarga.com\">info@campingplatjallarga.com<\/a><\/p>\n\n<p>Vous pouvez \u00e9galement nous contacter par t\u00e9l\u00e9phone :<br\/>\ud83d\udcde +34 669 03 00 03 \/ 613 920 715<\/p>\n\n<p>La date <strong>de r\u00e9ception de la demande<\/strong> est la date \u00e0 prendre en compte pour l&rsquo;application des conditions pertinentes.<\/p>\n","protected":false},"excerpt":{"rendered":"<p>Afin de garantir votre r\u00e9servation, nous demandons le paiement pr\u00e9alable de 40% du montant total du s\u00e9jour ou du service contract\u00e9. Ce paiement fait office d&rsquo;acompte de confirmation et valide d\u00e9finitivement la r\u00e9servation. Conditions d&rsquo;annulation \u2705 Annulation plus de 15 jours \u00e0 l&rsquo;avance Si vous annulez votre r\u00e9servation plus de 15 jours avant la date [&hellip;]<\/p>\n","protected":false},"author":1,"featured_media":0,"parent":0,"menu_order":0,"comment_status":"closed","ping_status":"closed","template":"","meta":{"ocean_post_layout":"both-sidebars","ocean_both_sidebars_style":"","ocean_both_sidebars_content_width":0,"ocean_both_sidebars_sidebars_width":0,"ocean_sidebar":"","ocean_second_sidebar":"","ocean_disable_margins":"enable","ocean_add_body_class":"","ocean_shortcode_before_top_bar":"","ocean_shortcode_after_top_bar":"","ocean_shortcode_before_header":"","ocean_shortcode_after_header":"","ocean_has_shortcode":"","ocean_shortcode_after_title":"","ocean_shortcode_before_footer_widgets":"","ocean_shortcode_after_footer_widgets":"","ocean_shortcode_before_footer_bottom":"","ocean_shortcode_after_footer_bottom":"","ocean_display_top_bar":"default","ocean_display_header":"default","ocean_header_style":"","ocean_center_header_left_menu":"","ocean_custom_header_template":"","ocean_custom_logo":0,"ocean_custom_retina_logo":0,"ocean_custom_logo_max_width":0,"ocean_custom_logo_tablet_max_width":0,"ocean_custom_logo_mobile_max_width":0,"ocean_custom_logo_max_height":0,"ocean_custom_logo_tablet_max_height":0,"ocean_custom_logo_mobile_max_height":0,"ocean_header_custom_menu":"","ocean_menu_typo_font_family":"","ocean_menu_typo_font_subset":"","ocean_menu_typo_font_size":0,"ocean_menu_typo_font_size_tablet":0,"ocean_menu_typo_font_size_mobile":0,"ocean_menu_typo_font_size_unit":"px","ocean_menu_typo_font_weight":"","ocean_menu_typo_font_weight_tablet":"","ocean_menu_typo_font_weight_mobile":"","ocean_menu_typo_transform":"","ocean_menu_typo_transform_tablet":"","ocean_menu_typo_transform_mobile":"","ocean_menu_typo_line_height":0,"ocean_menu_typo_line_height_tablet":0,"ocean_menu_typo_line_height_mobile":0,"ocean_menu_typo_line_height_unit":"","ocean_menu_typo_spacing":0,"ocean_menu_typo_spacing_tablet":0,"ocean_menu_typo_spacing_mobile":0,"ocean_menu_typo_spacing_unit":"","ocean_menu_link_color":"","ocean_menu_link_color_hover":"","ocean_menu_link_color_active":"","ocean_menu_link_background":"","ocean_menu_link_hover_background":"","ocean_menu_link_active_background":"","ocean_menu_social_links_bg":"","ocean_menu_social_hover_links_bg":"","ocean_menu_social_links_color":"","ocean_menu_social_hover_links_color":"","ocean_disable_title":"default","ocean_disable_heading":"default","ocean_post_title":"","ocean_post_subheading":"","ocean_post_title_style":"","ocean_post_title_background_color":"","ocean_post_title_background":0,"ocean_post_title_bg_image_position":"","ocean_post_title_bg_image_attachment":"","ocean_post_title_bg_image_repeat":"","ocean_post_title_bg_image_size":"","ocean_post_title_height":0,"ocean_post_title_bg_overlay":0.5,"ocean_post_title_bg_overlay_color":"","ocean_disable_breadcrumbs":"default","ocean_breadcrumbs_color":"","ocean_breadcrumbs_separator_color":"","ocean_breadcrumbs_links_color":"","ocean_breadcrumbs_links_hover_color":"","ocean_display_footer_widgets":"default","ocean_display_footer_bottom":"default","ocean_custom_footer_template":"","footnotes":""},"class_list":["post-1356","page","type-page","status-publish","hentry","entry"],"yoast_head":"<!-- This site is optimized with the Yoast SEO plugin v27.0 - https:\/\/yoast.com\/product\/yoast-seo-wordpress\/ -->\n<title>Politique d&#039;annulation - Camping Platja Llarga Tarragona<\/title>\n<meta name=\"robots\" content=\"index, follow, max-snippet:-1, max-image-preview:large, max-video-preview:-1\" \/>\n<link rel=\"canonical\" href=\"https:\/\/campingplatjallarga.com\/fr\/politique-dannulation\/\" \/>\n<meta property=\"og:locale\" content=\"fr_FR\" \/>\n<meta property=\"og:type\" content=\"article\" \/>\n<meta property=\"og:title\" content=\"Politique d&#039;annulation - Camping Platja Llarga Tarragona\" \/>\n<meta property=\"og:description\" content=\"Afin de garantir votre r\u00e9servation, nous demandons le paiement pr\u00e9alable de 40% du montant total du s\u00e9jour ou du service contract\u00e9. Ce paiement fait office d&rsquo;acompte de confirmation et valide d\u00e9finitivement la r\u00e9servation. Conditions d&rsquo;annulation \u2705 Annulation plus de 15 jours \u00e0 l&rsquo;avance Si vous annulez votre r\u00e9servation plus de 15 jours avant la date [&hellip;]\" \/>\n<meta property=\"og:url\" content=\"https:\/\/campingplatjallarga.com\/fr\/politique-dannulation\/\" \/>\n<meta property=\"og:site_name\" content=\"Camping Platja Llarga Tarragona\" \/>\n<meta property=\"article:modified_time\" content=\"2025-07-16T13:28:58+00:00\" \/>\n<meta name=\"twitter:card\" content=\"summary_large_image\" \/>\n<meta name=\"twitter:label1\" content=\"Dur\u00e9e de lecture estim\u00e9e\" \/>\n\t<meta name=\"twitter:data1\" content=\"1 minute\" \/>\n<script type=\"application\/ld+json\" class=\"yoast-schema-graph\">{\"@context\":\"https:\/\/schema.org\",\"@graph\":[{\"@type\":\"WebPage\",\"@id\":\"https:\/\/campingplatjallarga.com\/fr\/politique-dannulation\/\",\"url\":\"https:\/\/campingplatjallarga.com\/fr\/politique-dannulation\/\",\"name\":\"Politique d'annulation - Camping Platja Llarga Tarragona\",\"isPartOf\":{\"@id\":\"https:\/\/campingplatjallarga.com\/fr\/#website\"},\"datePublished\":\"2025-07-16T13:24:22+00:00\",\"dateModified\":\"2025-07-16T13:28:58+00:00\",\"breadcrumb\":{\"@id\":\"https:\/\/campingplatjallarga.com\/fr\/politique-dannulation\/#breadcrumb\"},\"inLanguage\":\"fr-FR\",\"potentialAction\":[{\"@type\":\"ReadAction\",\"target\":[\"https:\/\/campingplatjallarga.com\/fr\/politique-dannulation\/\"]}]},{\"@type\":\"BreadcrumbList\",\"@id\":\"https:\/\/campingplatjallarga.com\/fr\/politique-dannulation\/#breadcrumb\",\"itemListElement\":[{\"@type\":\"ListItem\",\"position\":1,\"name\":\"Portada\",\"item\":\"https:\/\/campingplatjallarga.com\/fr\/\"},{\"@type\":\"ListItem\",\"position\":2,\"name\":\"Politique d&rsquo;annulation\"}]},{\"@type\":\"WebSite\",\"@id\":\"https:\/\/campingplatjallarga.com\/fr\/#website\",\"url\":\"https:\/\/campingplatjallarga.com\/fr\/\",\"name\":\"Camping Platja Llarga Tarragona\",\"description\":\"Camping Platja Llarga en Tarragona: camping familiar frente al mar, rodeado de naturaleza, con acceso directo a la playa. Parcelas, bungalows y servicios ideales para tus vacaciones en la Costa Dorada.\",\"publisher\":{\"@id\":\"https:\/\/campingplatjallarga.com\/fr\/#organization\"},\"potentialAction\":[{\"@type\":\"SearchAction\",\"target\":{\"@type\":\"EntryPoint\",\"urlTemplate\":\"https:\/\/campingplatjallarga.com\/fr\/?s={search_term_string}\"},\"query-input\":{\"@type\":\"PropertyValueSpecification\",\"valueRequired\":true,\"valueName\":\"search_term_string\"}}],\"inLanguage\":\"fr-FR\"},{\"@type\":\"Organization\",\"@id\":\"https:\/\/campingplatjallarga.com\/fr\/#organization\",\"name\":\"Camping Platja Llarga Tarragona\",\"url\":\"https:\/\/campingplatjallarga.com\/fr\/\",\"logo\":{\"@type\":\"ImageObject\",\"inLanguage\":\"fr-FR\",\"@id\":\"https:\/\/campingplatjallarga.com\/fr\/#\/schema\/logo\/image\/\",\"url\":\"https:\/\/campingplatjallarga.com\/wp-content\/uploads\/2025\/07\/logo250-transparent.png\",\"contentUrl\":\"https:\/\/campingplatjallarga.com\/wp-content\/uploads\/2025\/07\/logo250-transparent.png\",\"width\":250,\"height\":250,\"caption\":\"Camping Platja Llarga Tarragona\"},\"image\":{\"@id\":\"https:\/\/campingplatjallarga.com\/fr\/#\/schema\/logo\/image\/\"},\"sameAs\":[\"https:\/\/www.instagram.com\/campingplatjallarga\/\"]}]}<\/script>\n<!-- \/ Yoast SEO plugin. -->","yoast_head_json":{"title":"Politique d'annulation - Camping Platja Llarga Tarragona","robots":{"index":"index","follow":"follow","max-snippet":"max-snippet:-1","max-image-preview":"max-image-preview:large","max-video-preview":"max-video-preview:-1"},"canonical":"https:\/\/campingplatjallarga.com\/fr\/politique-dannulation\/","og_locale":"fr_FR","og_type":"article","og_title":"Politique d'annulation - Camping Platja Llarga Tarragona","og_description":"Afin de garantir votre r\u00e9servation, nous demandons le paiement pr\u00e9alable de 40% du montant total du s\u00e9jour ou du service contract\u00e9. Ce paiement fait office d&rsquo;acompte de confirmation et valide d\u00e9finitivement la r\u00e9servation. Conditions d&rsquo;annulation \u2705 Annulation plus de 15 jours \u00e0 l&rsquo;avance Si vous annulez votre r\u00e9servation plus de 15 jours avant la date [&hellip;]","og_url":"https:\/\/campingplatjallarga.com\/fr\/politique-dannulation\/","og_site_name":"Camping Platja Llarga Tarragona","article_modified_time":"2025-07-16T13:28:58+00:00","twitter_card":"summary_large_image","twitter_misc":{"Dur\u00e9e de lecture estim\u00e9e":"1 minute"},"schema":{"@context":"https:\/\/schema.org","@graph":[{"@type":"WebPage","@id":"https:\/\/campingplatjallarga.com\/fr\/politique-dannulation\/","url":"https:\/\/campingplatjallarga.com\/fr\/politique-dannulation\/","name":"Politique d'annulation - Camping Platja Llarga Tarragona","isPartOf":{"@id":"https:\/\/campingplatjallarga.com\/fr\/#website"},"datePublished":"2025-07-16T13:24:22+00:00","dateModified":"2025-07-16T13:28:58+00:00","breadcrumb":{"@id":"https:\/\/campingplatjallarga.com\/fr\/politique-dannulation\/#breadcrumb"},"inLanguage":"fr-FR","potentialAction":[{"@type":"ReadAction","target":["https:\/\/campingplatjallarga.com\/fr\/politique-dannulation\/"]}]},{"@type":"BreadcrumbList","@id":"https:\/\/campingplatjallarga.com\/fr\/politique-dannulation\/#breadcrumb","itemListElement":[{"@type":"ListItem","position":1,"name":"Portada","item":"https:\/\/campingplatjallarga.com\/fr\/"},{"@type":"ListItem","position":2,"name":"Politique d&rsquo;annulation"}]},{"@type":"WebSite","@id":"https:\/\/campingplatjallarga.com\/fr\/#website","url":"https:\/\/campingplatjallarga.com\/fr\/","name":"Camping Platja Llarga Tarragona","description":"Camping Platja Llarga en Tarragona: camping familiar frente al mar, rodeado de naturaleza, con acceso directo a la playa. Parcelas, bungalows y servicios ideales para tus vacaciones en la Costa Dorada.","publisher":{"@id":"https:\/\/campingplatjallarga.com\/fr\/#organization"},"potentialAction":[{"@type":"SearchAction","target":{"@type":"EntryPoint","urlTemplate":"https:\/\/campingplatjallarga.com\/fr\/?s={search_term_string}"},"query-input":{"@type":"PropertyValueSpecification","valueRequired":true,"valueName":"search_term_string"}}],"inLanguage":"fr-FR"},{"@type":"Organization","@id":"https:\/\/campingplatjallarga.com\/fr\/#organization","name":"Camping Platja Llarga Tarragona","url":"https:\/\/campingplatjallarga.com\/fr\/","logo":{"@type":"ImageObject","inLanguage":"fr-FR","@id":"https:\/\/campingplatjallarga.com\/fr\/#\/schema\/logo\/image\/","url":"https:\/\/campingplatjallarga.com\/wp-content\/uploads\/2025\/07\/logo250-transparent.png","contentUrl":"https:\/\/campingplatjallarga.com\/wp-content\/uploads\/2025\/07\/logo250-transparent.png","width":250,"height":250,"caption":"Camping Platja Llarga Tarragona"},"image":{"@id":"https:\/\/campingplatjallarga.com\/fr\/#\/schema\/logo\/image\/"},"sameAs":["https:\/\/www.instagram.com\/campingplatjallarga\/"]}]}},"_links":{"self":[{"href":"https:\/\/campingplatjallarga.com\/fr\/wp-json\/wp\/v2\/pages\/1356","targetHints":{"allow":["GET"]}}],"collection":[{"href":"https:\/\/campingplatjallarga.com\/fr\/wp-json\/wp\/v2\/pages"}],"about":[{"href":"https:\/\/campingplatjallarga.com\/fr\/wp-json\/wp\/v2\/types\/page"}],"author":[{"embeddable":true,"href":"https:\/\/campingplatjallarga.com\/fr\/wp-json\/wp\/v2\/users\/1"}],"replies":[{"embeddable":true,"href":"https:\/\/campingplatjallarga.com\/fr\/wp-json\/wp\/v2\/comments?post=1356"}],"version-history":[{"count":1,"href":"https:\/\/campingplatjallarga.com\/fr\/wp-json\/wp\/v2\/pages\/1356\/revisions"}],"predecessor-version":[{"id":1357,"href":"https:\/\/campingplatjallarga.com\/fr\/wp-json\/wp\/v2\/pages\/1356\/revisions\/1357"}],"wp:attachment":[{"href":"https:\/\/campingplatjallarga.com\/fr\/wp-json\/wp\/v2\/media?parent=1356"}],"curies":[{"name":"wp","href":"https:\/\/api.w.org\/{rel}","templated":true}]}}