{"id":982,"date":"2025-07-16T13:19:34","date_gmt":"2025-07-16T11:19:34","guid":{"rendered":"https:\/\/blamark.com\/campingplatjallarga\/zusaetzliche-informationen\/"},"modified":"2025-07-16T13:19:51","modified_gmt":"2025-07-16T11:19:51","slug":"zusaetzliche-informationen","status":"publish","type":"page","link":"https:\/\/campingplatjallarga.com\/de\/zusaetzliche-informationen\/","title":{"rendered":"Zus\u00e4tzliche Informationen"},"content":{"rendered":"\n<h3 class=\"wp-block-heading\">Er\u00f6ffnung der Saison<\/h3>\n\n<p>Der Campingplatz Platja Llarga ist <strong>von April bis Oktober<\/strong> ge\u00f6ffnet, also in den Monaten mit dem besten Wetter an der Costa Dorada. In dieser Zeit bieten wir alle unsere Dienstleistungen in einer privilegierten nat\u00fcrlichen Umgebung an. <\/p>\n\n<hr class=\"wp-block-separator has-alpha-channel-opacity\"\/>\n\n<h3 class=\"wp-block-heading\">\ud83d\udee0\ufe0f Einrichtungen und Dienstleistungen<\/h3>\n\n<ul class=\"wp-block-list\">\n<li>Ger\u00e4umige Grundst\u00fccke mit nat\u00fcrlichem Schatten unter den Pinienb\u00e4umen<\/li>\n\n\n\n<li>Vollst\u00e4ndig ausgestattete Bungalows f\u00fcr 2, 4 oder 6 Personen<\/li>\n\n\n\n<li>Waschk\u00fcche mit Waschmaschinen und Trocknern<\/li>\n\n\n\n<li>Kostenloses Wi-Fi auf dem gesamten Campingplatz verf\u00fcgbar<\/li>\n\n\n\n<li>F\u00fcr Menschen mit eingeschr\u00e4nkter Mobilit\u00e4t angepasste Toiletten<\/li>\n\n\n\n<li>Duschen im Freien f\u00fcr die Zeit nach dem Strand<\/li>\n\n\n\n<li>Entleerungs- und Ladebereich f\u00fcr Wohnwagen und Wohnmobile<\/li>\n<\/ul>\n\n<hr class=\"wp-block-separator has-alpha-channel-opacity\"\/>\n\n<h3 class=\"wp-block-heading\">\ud83c\udf7d\ufe0f Restaurant und Gesch\u00e4ft<\/h3>\n\n<ul class=\"wp-block-list\">\n<li>Restaurant mit gegrilltem Fleisch und Fisch<\/li>\n\n\n\n<li>Au\u00dfenterrasse in entspannter famili\u00e4rer Atmosph\u00e4re<\/li>\n\n\n\n<li>Snacks und hausgemachte Gerichte den ganzen Tag \u00fcber<\/li>\n\n\n\n<li>Einkaufen mit Grundnahrungsmitteln, Eis und frischem Brot jeden Tag.<\/li>\n<\/ul>\n\n<hr class=\"wp-block-separator has-alpha-channel-opacity\"\/>\n\n<h3 class=\"wp-block-heading\">\ud83d\udc3e Haustiere<\/h3>\n\n<ul class=\"wp-block-list\">\n<li><strong>Haustierfreundlicher Campingplatz<\/strong>: Haustiere sind willkommen<\/li>\n\n\n\n<li>Gro\u00dfz\u00fcgige Grundst\u00fccke und Naturpfade f\u00fcr Spazierg\u00e4nge<\/li>\n\n\n\n<li>Aus Respekt vor allen Campern ist es obligatorisch, sie zu fesseln und ihre Bed\u00fcrfnisse zu sammeln.<\/li>\n<\/ul>\n\n<hr class=\"wp-block-separator has-alpha-channel-opacity\"\/>\n\n<h3 class=\"wp-block-heading\">\ud83c\udf33 Nat\u00fcrliche Umgebung<\/h3>\n\n<ul class=\"wp-block-list\">\n<li>Direkter Zugang zur Platja Llarga, einem der ruhigsten und l\u00e4ngsten Str\u00e4nde von Tarragona.<\/li>\n\n\n\n<li>Umgeben von mediterranem Wald, ideal um abzuschalten.<\/li>\n\n\n\n<li>Wander- und Radwege in der N\u00e4he<\/li>\n\n\n\n<li>10 Minuten mit dem Auto vom Zentrum von Tarragona und seinem historischen Erbe entfernt.<\/li>\n<\/ul>\n\n<hr class=\"wp-block-separator has-alpha-channel-opacity\"\/>\n\n<h3 class=\"wp-block-heading\">\ud83d\udccc N\u00fctzliche Informationen<\/h3>\n\n<ul class=\"wp-block-list\">\n<li>Wir empfehlen, <strong>in der Hochsaison im Voraus zu buchen.<\/strong><\/li>\n\n\n\n<li>Personalausweis oder Reisepass beim Check-in erforderlich.<\/li>\n\n\n\n<li>Akzeptierte Zahlungsmittel: <strong>Bargeld und Bankkarte (Visa \/ Mastercard)<\/strong><\/li>\n\n\n\n<li>\u00d6ffnungszeiten der Rezeption: <strong>8:00h bis 22:00h t\u00e4glich<\/strong><\/li>\n<\/ul>\n","protected":false},"excerpt":{"rendered":"<p>Er\u00f6ffnung der Saison Der Campingplatz Platja Llarga ist von April bis Oktober ge\u00f6ffnet, also in den Monaten mit dem besten Wetter an der Costa Dorada. In dieser Zeit bieten wir alle unsere Dienstleistungen in einer privilegierten nat\u00fcrlichen Umgebung an. \ud83d\udee0\ufe0f Einrichtungen und Dienstleistungen \ud83c\udf7d\ufe0f Restaurant und Gesch\u00e4ft \ud83d\udc3e Haustiere \ud83c\udf33 Nat\u00fcrliche Umgebung \ud83d\udccc N\u00fctzliche Informationen<\/p>\n","protected":false},"author":1,"featured_media":0,"parent":0,"menu_order":0,"comment_status":"closed","ping_status":"closed","template":"","meta":{"ocean_post_layout":"","ocean_both_sidebars_style":"","ocean_both_sidebars_content_width":0,"ocean_both_sidebars_sidebars_width":0,"ocean_sidebar":"","ocean_second_sidebar":"","ocean_disable_margins":"enable","ocean_add_body_class":"","ocean_shortcode_before_top_bar":"","ocean_shortcode_after_top_bar":"","ocean_shortcode_before_header":"","ocean_shortcode_after_header":"","ocean_has_shortcode":"","ocean_shortcode_after_title":"","ocean_shortcode_before_footer_widgets":"","ocean_shortcode_after_footer_widgets":"","ocean_shortcode_before_footer_bottom":"","ocean_shortcode_after_footer_bottom":"","ocean_display_top_bar":"default","ocean_display_header":"default","ocean_header_style":"","ocean_center_header_left_menu":"","ocean_custom_header_template":"","ocean_custom_logo":0,"ocean_custom_retina_logo":0,"ocean_custom_logo_max_width":0,"ocean_custom_logo_tablet_max_width":0,"ocean_custom_logo_mobile_max_width":0,"ocean_custom_logo_max_height":0,"ocean_custom_logo_tablet_max_height":0,"ocean_custom_logo_mobile_max_height":0,"ocean_header_custom_menu":"","ocean_menu_typo_font_family":"","ocean_menu_typo_font_subset":"","ocean_menu_typo_font_size":0,"ocean_menu_typo_font_size_tablet":0,"ocean_menu_typo_font_size_mobile":0,"ocean_menu_typo_font_size_unit":"px","ocean_menu_typo_font_weight":"","ocean_menu_typo_font_weight_tablet":"","ocean_menu_typo_font_weight_mobile":"","ocean_menu_typo_transform":"","ocean_menu_typo_transform_tablet":"","ocean_menu_typo_transform_mobile":"","ocean_menu_typo_line_height":0,"ocean_menu_typo_line_height_tablet":0,"ocean_menu_typo_line_height_mobile":0,"ocean_menu_typo_line_height_unit":"","ocean_menu_typo_spacing":0,"ocean_menu_typo_spacing_tablet":0,"ocean_menu_typo_spacing_mobile":0,"ocean_menu_typo_spacing_unit":"","ocean_menu_link_color":"","ocean_menu_link_color_hover":"","ocean_menu_link_color_active":"","ocean_menu_link_background":"","ocean_menu_link_hover_background":"","ocean_menu_link_active_background":"","ocean_menu_social_links_bg":"","ocean_menu_social_hover_links_bg":"","ocean_menu_social_links_color":"","ocean_menu_social_hover_links_color":"","ocean_disable_title":"default","ocean_disable_heading":"default","ocean_post_title":"","ocean_post_subheading":"","ocean_post_title_style":"","ocean_post_title_background_color":"","ocean_post_title_background":0,"ocean_post_title_bg_image_position":"","ocean_post_title_bg_image_attachment":"","ocean_post_title_bg_image_repeat":"","ocean_post_title_bg_image_size":"","ocean_post_title_height":0,"ocean_post_title_bg_overlay":0.5,"ocean_post_title_bg_overlay_color":"","ocean_disable_breadcrumbs":"default","ocean_breadcrumbs_color":"","ocean_breadcrumbs_separator_color":"","ocean_breadcrumbs_links_color":"","ocean_breadcrumbs_links_hover_color":"","ocean_display_footer_widgets":"default","ocean_display_footer_bottom":"default","ocean_custom_footer_template":"","footnotes":""},"class_list":["post-982","page","type-page","status-publish","hentry","entry"],"yoast_head":"<!-- This site is optimized with the Yoast SEO plugin v27.0 - https:\/\/yoast.com\/product\/yoast-seo-wordpress\/ -->\n<title>Zus\u00e4tzliche Informationen - Camping Platja Llarga Tarragona<\/title>\n<meta name=\"robots\" content=\"index, follow, max-snippet:-1, max-image-preview:large, max-video-preview:-1\" \/>\n<link rel=\"canonical\" href=\"https:\/\/campingplatjallarga.com\/de\/zusaetzliche-informationen\/\" \/>\n<meta property=\"og:locale\" content=\"de_DE\" \/>\n<meta property=\"og:type\" content=\"article\" \/>\n<meta property=\"og:title\" content=\"Zus\u00e4tzliche Informationen - Camping Platja Llarga Tarragona\" \/>\n<meta property=\"og:description\" content=\"Er\u00f6ffnung der Saison Der Campingplatz Platja Llarga ist von April bis Oktober ge\u00f6ffnet, also in den Monaten mit dem besten Wetter an der Costa Dorada. In dieser Zeit bieten wir alle unsere Dienstleistungen in einer privilegierten nat\u00fcrlichen Umgebung an. \ud83d\udee0\ufe0f Einrichtungen und Dienstleistungen \ud83c\udf7d\ufe0f Restaurant und Gesch\u00e4ft \ud83d\udc3e Haustiere \ud83c\udf33 Nat\u00fcrliche Umgebung \ud83d\udccc N\u00fctzliche Informationen\" \/>\n<meta property=\"og:url\" content=\"https:\/\/campingplatjallarga.com\/de\/zusaetzliche-informationen\/\" \/>\n<meta property=\"og:site_name\" content=\"Camping Platja Llarga Tarragona\" \/>\n<meta property=\"article:modified_time\" content=\"2025-07-16T11:19:51+00:00\" \/>\n<meta name=\"twitter:card\" content=\"summary_large_image\" \/>\n<meta name=\"twitter:label1\" content=\"Gesch\u00e4tzte Lesezeit\" \/>\n\t<meta name=\"twitter:data1\" content=\"1\u00a0Minute\" \/>\n<script type=\"application\/ld+json\" class=\"yoast-schema-graph\">{\"@context\":\"https:\/\/schema.org\",\"@graph\":[{\"@type\":\"WebPage\",\"@id\":\"https:\/\/campingplatjallarga.com\/de\/zusaetzliche-informationen\/\",\"url\":\"https:\/\/campingplatjallarga.com\/de\/zusaetzliche-informationen\/\",\"name\":\"Zus\u00e4tzliche Informationen - Camping Platja Llarga Tarragona\",\"isPartOf\":{\"@id\":\"https:\/\/campingplatjallarga.com\/de\/#website\"},\"datePublished\":\"2025-07-16T11:19:34+00:00\",\"dateModified\":\"2025-07-16T11:19:51+00:00\",\"breadcrumb\":{\"@id\":\"https:\/\/campingplatjallarga.com\/de\/zusaetzliche-informationen\/#breadcrumb\"},\"inLanguage\":\"de\",\"potentialAction\":[{\"@type\":\"ReadAction\",\"target\":[\"https:\/\/campingplatjallarga.com\/de\/zusaetzliche-informationen\/\"]}]},{\"@type\":\"BreadcrumbList\",\"@id\":\"https:\/\/campingplatjallarga.com\/de\/zusaetzliche-informationen\/#breadcrumb\",\"itemListElement\":[{\"@type\":\"ListItem\",\"position\":1,\"name\":\"Portada\",\"item\":\"https:\/\/campingplatjallarga.com\/de\/\"},{\"@type\":\"ListItem\",\"position\":2,\"name\":\"Zus\u00e4tzliche Informationen\"}]},{\"@type\":\"WebSite\",\"@id\":\"https:\/\/campingplatjallarga.com\/de\/#website\",\"url\":\"https:\/\/campingplatjallarga.com\/de\/\",\"name\":\"Camping Platja Llarga Tarragona\",\"description\":\"Camping Platja Llarga en Tarragona: camping familiar frente al mar, rodeado de naturaleza, con acceso directo a la playa. Parcelas, bungalows y servicios ideales para tus vacaciones en la Costa Dorada.\",\"publisher\":{\"@id\":\"https:\/\/campingplatjallarga.com\/de\/#organization\"},\"potentialAction\":[{\"@type\":\"SearchAction\",\"target\":{\"@type\":\"EntryPoint\",\"urlTemplate\":\"https:\/\/campingplatjallarga.com\/de\/?s={search_term_string}\"},\"query-input\":{\"@type\":\"PropertyValueSpecification\",\"valueRequired\":true,\"valueName\":\"search_term_string\"}}],\"inLanguage\":\"de\"},{\"@type\":\"Organization\",\"@id\":\"https:\/\/campingplatjallarga.com\/de\/#organization\",\"name\":\"Camping Platja Llarga Tarragona\",\"url\":\"https:\/\/campingplatjallarga.com\/de\/\",\"logo\":{\"@type\":\"ImageObject\",\"inLanguage\":\"de\",\"@id\":\"https:\/\/campingplatjallarga.com\/de\/#\/schema\/logo\/image\/\",\"url\":\"https:\/\/campingplatjallarga.com\/wp-content\/uploads\/2025\/07\/logo250-transparent.png\",\"contentUrl\":\"https:\/\/campingplatjallarga.com\/wp-content\/uploads\/2025\/07\/logo250-transparent.png\",\"width\":250,\"height\":250,\"caption\":\"Camping Platja Llarga Tarragona\"},\"image\":{\"@id\":\"https:\/\/campingplatjallarga.com\/de\/#\/schema\/logo\/image\/\"},\"sameAs\":[\"https:\/\/www.instagram.com\/campingplatjallarga\/\"]}]}<\/script>\n<!-- \/ Yoast SEO plugin. -->","yoast_head_json":{"title":"Zus\u00e4tzliche Informationen - Camping Platja Llarga Tarragona","robots":{"index":"index","follow":"follow","max-snippet":"max-snippet:-1","max-image-preview":"max-image-preview:large","max-video-preview":"max-video-preview:-1"},"canonical":"https:\/\/campingplatjallarga.com\/de\/zusaetzliche-informationen\/","og_locale":"de_DE","og_type":"article","og_title":"Zus\u00e4tzliche Informationen - Camping Platja Llarga Tarragona","og_description":"Er\u00f6ffnung der Saison Der Campingplatz Platja Llarga ist von April bis Oktober ge\u00f6ffnet, also in den Monaten mit dem besten Wetter an der Costa Dorada. In dieser Zeit bieten wir alle unsere Dienstleistungen in einer privilegierten nat\u00fcrlichen Umgebung an. \ud83d\udee0\ufe0f Einrichtungen und Dienstleistungen \ud83c\udf7d\ufe0f Restaurant und Gesch\u00e4ft \ud83d\udc3e Haustiere \ud83c\udf33 Nat\u00fcrliche Umgebung \ud83d\udccc N\u00fctzliche Informationen","og_url":"https:\/\/campingplatjallarga.com\/de\/zusaetzliche-informationen\/","og_site_name":"Camping Platja Llarga Tarragona","article_modified_time":"2025-07-16T11:19:51+00:00","twitter_card":"summary_large_image","twitter_misc":{"Gesch\u00e4tzte Lesezeit":"1\u00a0Minute"},"schema":{"@context":"https:\/\/schema.org","@graph":[{"@type":"WebPage","@id":"https:\/\/campingplatjallarga.com\/de\/zusaetzliche-informationen\/","url":"https:\/\/campingplatjallarga.com\/de\/zusaetzliche-informationen\/","name":"Zus\u00e4tzliche Informationen - Camping Platja Llarga Tarragona","isPartOf":{"@id":"https:\/\/campingplatjallarga.com\/de\/#website"},"datePublished":"2025-07-16T11:19:34+00:00","dateModified":"2025-07-16T11:19:51+00:00","breadcrumb":{"@id":"https:\/\/campingplatjallarga.com\/de\/zusaetzliche-informationen\/#breadcrumb"},"inLanguage":"de","potentialAction":[{"@type":"ReadAction","target":["https:\/\/campingplatjallarga.com\/de\/zusaetzliche-informationen\/"]}]},{"@type":"BreadcrumbList","@id":"https:\/\/campingplatjallarga.com\/de\/zusaetzliche-informationen\/#breadcrumb","itemListElement":[{"@type":"ListItem","position":1,"name":"Portada","item":"https:\/\/campingplatjallarga.com\/de\/"},{"@type":"ListItem","position":2,"name":"Zus\u00e4tzliche Informationen"}]},{"@type":"WebSite","@id":"https:\/\/campingplatjallarga.com\/de\/#website","url":"https:\/\/campingplatjallarga.com\/de\/","name":"Camping Platja Llarga Tarragona","description":"Camping Platja Llarga en Tarragona: camping familiar frente al mar, rodeado de naturaleza, con acceso directo a la playa. Parcelas, bungalows y servicios ideales para tus vacaciones en la Costa Dorada.","publisher":{"@id":"https:\/\/campingplatjallarga.com\/de\/#organization"},"potentialAction":[{"@type":"SearchAction","target":{"@type":"EntryPoint","urlTemplate":"https:\/\/campingplatjallarga.com\/de\/?s={search_term_string}"},"query-input":{"@type":"PropertyValueSpecification","valueRequired":true,"valueName":"search_term_string"}}],"inLanguage":"de"},{"@type":"Organization","@id":"https:\/\/campingplatjallarga.com\/de\/#organization","name":"Camping Platja Llarga Tarragona","url":"https:\/\/campingplatjallarga.com\/de\/","logo":{"@type":"ImageObject","inLanguage":"de","@id":"https:\/\/campingplatjallarga.com\/de\/#\/schema\/logo\/image\/","url":"https:\/\/campingplatjallarga.com\/wp-content\/uploads\/2025\/07\/logo250-transparent.png","contentUrl":"https:\/\/campingplatjallarga.com\/wp-content\/uploads\/2025\/07\/logo250-transparent.png","width":250,"height":250,"caption":"Camping Platja Llarga Tarragona"},"image":{"@id":"https:\/\/campingplatjallarga.com\/de\/#\/schema\/logo\/image\/"},"sameAs":["https:\/\/www.instagram.com\/campingplatjallarga\/"]}]}},"_links":{"self":[{"href":"https:\/\/campingplatjallarga.com\/de\/wp-json\/wp\/v2\/pages\/982","targetHints":{"allow":["GET"]}}],"collection":[{"href":"https:\/\/campingplatjallarga.com\/de\/wp-json\/wp\/v2\/pages"}],"about":[{"href":"https:\/\/campingplatjallarga.com\/de\/wp-json\/wp\/v2\/types\/page"}],"author":[{"embeddable":true,"href":"https:\/\/campingplatjallarga.com\/de\/wp-json\/wp\/v2\/users\/1"}],"replies":[{"embeddable":true,"href":"https:\/\/campingplatjallarga.com\/de\/wp-json\/wp\/v2\/comments?post=982"}],"version-history":[{"count":1,"href":"https:\/\/campingplatjallarga.com\/de\/wp-json\/wp\/v2\/pages\/982\/revisions"}],"predecessor-version":[{"id":983,"href":"https:\/\/campingplatjallarga.com\/de\/wp-json\/wp\/v2\/pages\/982\/revisions\/983"}],"wp:attachment":[{"href":"https:\/\/campingplatjallarga.com\/de\/wp-json\/wp\/v2\/media?parent=982"}],"curies":[{"name":"wp","href":"https:\/\/api.w.org\/{rel}","templated":true}]}}