{"id":970,"date":"2025-07-16T13:17:38","date_gmt":"2025-07-16T11:17:38","guid":{"rendered":"https:\/\/blamark.com\/campingplatjallarga\/rechtlicher-hinweis-2\/"},"modified":"2025-07-16T13:17:55","modified_gmt":"2025-07-16T11:17:55","slug":"rechtlicher-hinweis-2","status":"publish","type":"page","link":"https:\/\/campingplatjallarga.com\/de\/rechtlicher-hinweis-2\/","title":{"rendered":"Rechtlicher Hinweis"},"content":{"rendered":"\n<h3 class=\"wp-block-heading\">1. die Identifizierung der verantwortlichen Person<\/h3>\n\n<p><strong>SERLA TRADE, S.L.<\/strong> (Camping Platja Llarga)<br\/>CIF: B75975607<br\/>Adresse: N-340 km 1165, 43007 Tarragona (Spanien)<br\/>E-mail: <a href=\"mailto:info@campingplatjallarga.com\">info@campingplatjallarga.com<\/a><br\/>T\u00e4tigkeit: Camping und Beherbergungsdienstleistungen<\/p>\n\n<hr class=\"wp-block-separator has-alpha-channel-opacity\"\/>\n\n<h3 class=\"wp-block-heading\">2. Bedingungen f\u00fcr die Nutzung der Website<\/h3>\n\n<p>Der Zugang zu und die Nutzung dieser Website setzt die vollst\u00e4ndige und uneingeschr\u00e4nkte Annahme dieser rechtlichen Hinweise voraus. Wenn Sie mit einem der Abschnitte nicht einverstanden sind, verlassen Sie bitte die Website. <\/p>\n\n<hr class=\"wp-block-separator has-alpha-channel-opacity\"\/>\n\n<h3 class=\"wp-block-heading\">3. Geistiges und gewerbliches Eigentum<\/h3>\n\n<p>Alle Inhalte der Website (Texte, Bilder, Logos, Code, Design&#8230;) sind Eigentum von SERLA TRADE, S.L. oder der entsprechenden Autoren. Ihre Vervielf\u00e4ltigung, Verbreitung, Umwandlung oder Verarbeitung ohne ausdr\u00fcckliche Genehmigung ist verboten. <\/p>\n\n<hr class=\"wp-block-separator has-alpha-channel-opacity\"\/>\n\n<h3 class=\"wp-block-heading\">4. Verantwortung<\/h3>\n\n<p>Obwohl wir die Informationen stets auf dem neuesten Stand halten, \u00fcbernimmt SERLA TRADE, S.L. keine Verantwortung f\u00fcr eventuelle Fehler, Auslassungen oder Sch\u00e4den, die sich aus der Nutzung oder dem Zugriff auf diese Website ergeben. Ebenso wenig \u00fcbernimmt SERLA TRADE, S.L. die Verantwortung f\u00fcr die Inhalte externer Websites, auf die von dieser Website aus verlinkt wird <a href=\"https:\/\/www.laspalmeras.com\/nota-legal\/?utm_source=chatgpt.com\" target=\"_blank\" rel=\"noreferrer noopener\">laspalmeras.com+8laspalmeras.com+8Las Palmeras Resort+8laspalmeras<\/a><a href=\"https:\/\/www.corteidh.or.cr\/docs\/casos\/articulos\/seriec_67_esp.pdf?utm_source=chatgpt.com\" target=\"_blank\" rel=\"noreferrer noopener\">.com+2Corte IDH+2laspalmeras.com+2laspalmeras.com+2.<\/a> <\/p>\n\n<hr class=\"wp-block-separator has-alpha-channel-opacity\"\/>\n\n<h3 class=\"wp-block-heading\">5. Links zu Drittparteien<\/h3>\n\n<p>Die Links, die auf der Website erscheinen, f\u00fchren zu Websites, die von Dritten verwaltet werden. SERLA TRADE, S.L. hat keine Kontrolle \u00fcber diese Websites und ist nicht f\u00fcr deren Inhalt oder deren Nutzung verantwortlich. <\/p>\n\n<hr class=\"wp-block-separator has-alpha-channel-opacity\"\/>\n\n<h3 class=\"wp-block-heading\">6. Verwendung von Cookies<\/h3>\n\n<p>Diese Website verwendet eigene Cookies und Cookies von Dritten f\u00fcr funktionale, analytische und werbliche Zwecke. Wenn Sie weiter surfen, ohne die Cookie-Einstellungen Ihres Browsers zu \u00e4ndern, gehen wir davon aus, dass Sie der Verwendung von <a href=\"https:\/\/www.laspalmeras.com\/nota-legal\/?utm_source=chatgpt.com\" target=\"_blank\" rel=\"noreferrer noopener\">eljardindelaspalmeras.es+2laspalmeras.com+2lapalmera.org+2 zustimmen .<\/a> <\/p>\n\n<hr class=\"wp-block-separator has-alpha-channel-opacity\"\/>\n\n<h3 class=\"wp-block-heading\">7. Anwendbares Recht und Gerichtsbarkeit<\/h3>\n\n<p>Dieser Rechtshinweis unterliegt spanischem Recht und die zust\u00e4ndigen Gerichte f\u00fcr die Beilegung von Streitigkeiten sind die Gerichte von Tarragona, es sei denn, eine anwendbare Vorschrift sieht etwas anderes vor <a href=\"https:\/\/www.laspalmeras.com\/nota-legal\/?utm_source=chatgpt.com\" target=\"_blank\" rel=\"noreferrer noopener\">lapalmera.org+3laspalmeras.com+3Las Palmeras Resort+3.<\/a><\/p>\n\n<hr class=\"wp-block-separator has-alpha-channel-opacity\"\/>\n\n<h3 class=\"wp-block-heading\">8. Modifikationen<\/h3>\n\n<p>SERLA TRADE, S.L. beh\u00e4lt sich das Recht vor, diesen rechtlichen Hinweis jederzeit zu \u00e4ndern. Die Aktualisierungen werden auf dieser Seite ver\u00f6ffentlicht, so dass wir Ihnen empfehlen, sie regelm\u00e4\u00dfig zu konsultieren <a href=\"https:\/\/www.laspalmeras.com\/nota-legal\/?utm_source=chatgpt.com\" target=\"_blank\" rel=\"noreferrer noopener\">laspalmeras.com+6laspalmeras.com+6lapalmera.org+6.<\/a> <\/p>\n\n<hr class=\"wp-block-separator has-alpha-channel-opacity\"\/>\n\n<p><strong>Zuletzt aktualisiert:<\/strong> 16. Juli 2025<\/p>\n","protected":false},"excerpt":{"rendered":"<p>1. die Identifizierung der verantwortlichen Person SERLA TRADE, S.L. (Camping Platja Llarga)CIF: B75975607Adresse: N-340 km 1165, 43007 Tarragona (Spanien)E-mail: info@campingplatjallarga.comT\u00e4tigkeit: Camping und Beherbergungsdienstleistungen 2. Bedingungen f\u00fcr die Nutzung der Website Der Zugang zu und die Nutzung dieser Website setzt die vollst\u00e4ndige und uneingeschr\u00e4nkte Annahme dieser rechtlichen Hinweise voraus. Wenn Sie mit einem der Abschnitte nicht [&hellip;]<\/p>\n","protected":false},"author":1,"featured_media":0,"parent":0,"menu_order":0,"comment_status":"closed","ping_status":"closed","template":"","meta":{"ocean_post_layout":"","ocean_both_sidebars_style":"","ocean_both_sidebars_content_width":0,"ocean_both_sidebars_sidebars_width":0,"ocean_sidebar":"","ocean_second_sidebar":"","ocean_disable_margins":"enable","ocean_add_body_class":"","ocean_shortcode_before_top_bar":"","ocean_shortcode_after_top_bar":"","ocean_shortcode_before_header":"","ocean_shortcode_after_header":"","ocean_has_shortcode":"","ocean_shortcode_after_title":"","ocean_shortcode_before_footer_widgets":"","ocean_shortcode_after_footer_widgets":"","ocean_shortcode_before_footer_bottom":"","ocean_shortcode_after_footer_bottom":"","ocean_display_top_bar":"default","ocean_display_header":"default","ocean_header_style":"","ocean_center_header_left_menu":"","ocean_custom_header_template":"","ocean_custom_logo":0,"ocean_custom_retina_logo":0,"ocean_custom_logo_max_width":0,"ocean_custom_logo_tablet_max_width":0,"ocean_custom_logo_mobile_max_width":0,"ocean_custom_logo_max_height":0,"ocean_custom_logo_tablet_max_height":0,"ocean_custom_logo_mobile_max_height":0,"ocean_header_custom_menu":"","ocean_menu_typo_font_family":"","ocean_menu_typo_font_subset":"","ocean_menu_typo_font_size":0,"ocean_menu_typo_font_size_tablet":0,"ocean_menu_typo_font_size_mobile":0,"ocean_menu_typo_font_size_unit":"px","ocean_menu_typo_font_weight":"","ocean_menu_typo_font_weight_tablet":"","ocean_menu_typo_font_weight_mobile":"","ocean_menu_typo_transform":"","ocean_menu_typo_transform_tablet":"","ocean_menu_typo_transform_mobile":"","ocean_menu_typo_line_height":0,"ocean_menu_typo_line_height_tablet":0,"ocean_menu_typo_line_height_mobile":0,"ocean_menu_typo_line_height_unit":"","ocean_menu_typo_spacing":0,"ocean_menu_typo_spacing_tablet":0,"ocean_menu_typo_spacing_mobile":0,"ocean_menu_typo_spacing_unit":"","ocean_menu_link_color":"","ocean_menu_link_color_hover":"","ocean_menu_link_color_active":"","ocean_menu_link_background":"","ocean_menu_link_hover_background":"","ocean_menu_link_active_background":"","ocean_menu_social_links_bg":"","ocean_menu_social_hover_links_bg":"","ocean_menu_social_links_color":"","ocean_menu_social_hover_links_color":"","ocean_disable_title":"default","ocean_disable_heading":"default","ocean_post_title":"","ocean_post_subheading":"","ocean_post_title_style":"","ocean_post_title_background_color":"","ocean_post_title_background":0,"ocean_post_title_bg_image_position":"","ocean_post_title_bg_image_attachment":"","ocean_post_title_bg_image_repeat":"","ocean_post_title_bg_image_size":"","ocean_post_title_height":0,"ocean_post_title_bg_overlay":0.5,"ocean_post_title_bg_overlay_color":"","ocean_disable_breadcrumbs":"default","ocean_breadcrumbs_color":"","ocean_breadcrumbs_separator_color":"","ocean_breadcrumbs_links_color":"","ocean_breadcrumbs_links_hover_color":"","ocean_display_footer_widgets":"default","ocean_display_footer_bottom":"default","ocean_custom_footer_template":"","footnotes":""},"class_list":["post-970","page","type-page","status-publish","hentry","entry"],"yoast_head":"<!-- This site is optimized with the Yoast SEO plugin v27.0 - https:\/\/yoast.com\/product\/yoast-seo-wordpress\/ -->\n<title>Rechtlicher Hinweis - Camping Platja Llarga Tarragona<\/title>\n<meta name=\"robots\" content=\"index, follow, max-snippet:-1, max-image-preview:large, max-video-preview:-1\" \/>\n<link rel=\"canonical\" href=\"https:\/\/campingplatjallarga.com\/de\/rechtlicher-hinweis-2\/\" \/>\n<meta property=\"og:locale\" content=\"de_DE\" \/>\n<meta property=\"og:type\" content=\"article\" \/>\n<meta property=\"og:title\" content=\"Rechtlicher Hinweis - Camping Platja Llarga Tarragona\" \/>\n<meta property=\"og:description\" content=\"1. die Identifizierung der verantwortlichen Person SERLA TRADE, S.L. (Camping Platja Llarga)CIF: B75975607Adresse: N-340 km 1165, 43007 Tarragona (Spanien)E-mail: info@campingplatjallarga.comT\u00e4tigkeit: Camping und Beherbergungsdienstleistungen 2. Bedingungen f\u00fcr die Nutzung der Website Der Zugang zu und die Nutzung dieser Website setzt die vollst\u00e4ndige und uneingeschr\u00e4nkte Annahme dieser rechtlichen Hinweise voraus. Wenn Sie mit einem der Abschnitte nicht [&hellip;]\" \/>\n<meta property=\"og:url\" content=\"https:\/\/campingplatjallarga.com\/de\/rechtlicher-hinweis-2\/\" \/>\n<meta property=\"og:site_name\" content=\"Camping Platja Llarga Tarragona\" \/>\n<meta property=\"article:modified_time\" content=\"2025-07-16T11:17:55+00:00\" \/>\n<meta name=\"twitter:card\" content=\"summary_large_image\" \/>\n<meta name=\"twitter:label1\" content=\"Gesch\u00e4tzte Lesezeit\" \/>\n\t<meta name=\"twitter:data1\" content=\"2\u00a0Minuten\" \/>\n<script type=\"application\/ld+json\" class=\"yoast-schema-graph\">{\"@context\":\"https:\/\/schema.org\",\"@graph\":[{\"@type\":\"WebPage\",\"@id\":\"https:\/\/campingplatjallarga.com\/de\/rechtlicher-hinweis-2\/\",\"url\":\"https:\/\/campingplatjallarga.com\/de\/rechtlicher-hinweis-2\/\",\"name\":\"Rechtlicher Hinweis - Camping Platja Llarga Tarragona\",\"isPartOf\":{\"@id\":\"https:\/\/campingplatjallarga.com\/de\/#website\"},\"datePublished\":\"2025-07-16T11:17:38+00:00\",\"dateModified\":\"2025-07-16T11:17:55+00:00\",\"breadcrumb\":{\"@id\":\"https:\/\/campingplatjallarga.com\/de\/rechtlicher-hinweis-2\/#breadcrumb\"},\"inLanguage\":\"de\",\"potentialAction\":[{\"@type\":\"ReadAction\",\"target\":[\"https:\/\/campingplatjallarga.com\/de\/rechtlicher-hinweis-2\/\"]}]},{\"@type\":\"BreadcrumbList\",\"@id\":\"https:\/\/campingplatjallarga.com\/de\/rechtlicher-hinweis-2\/#breadcrumb\",\"itemListElement\":[{\"@type\":\"ListItem\",\"position\":1,\"name\":\"Portada\",\"item\":\"https:\/\/campingplatjallarga.com\/de\/\"},{\"@type\":\"ListItem\",\"position\":2,\"name\":\"Rechtlicher Hinweis\"}]},{\"@type\":\"WebSite\",\"@id\":\"https:\/\/campingplatjallarga.com\/de\/#website\",\"url\":\"https:\/\/campingplatjallarga.com\/de\/\",\"name\":\"Camping Platja Llarga Tarragona\",\"description\":\"Camping Platja Llarga en Tarragona: camping familiar frente al mar, rodeado de naturaleza, con acceso directo a la playa. Parcelas, bungalows y servicios ideales para tus vacaciones en la Costa Dorada.\",\"publisher\":{\"@id\":\"https:\/\/campingplatjallarga.com\/de\/#organization\"},\"potentialAction\":[{\"@type\":\"SearchAction\",\"target\":{\"@type\":\"EntryPoint\",\"urlTemplate\":\"https:\/\/campingplatjallarga.com\/de\/?s={search_term_string}\"},\"query-input\":{\"@type\":\"PropertyValueSpecification\",\"valueRequired\":true,\"valueName\":\"search_term_string\"}}],\"inLanguage\":\"de\"},{\"@type\":\"Organization\",\"@id\":\"https:\/\/campingplatjallarga.com\/de\/#organization\",\"name\":\"Camping Platja Llarga Tarragona\",\"url\":\"https:\/\/campingplatjallarga.com\/de\/\",\"logo\":{\"@type\":\"ImageObject\",\"inLanguage\":\"de\",\"@id\":\"https:\/\/campingplatjallarga.com\/de\/#\/schema\/logo\/image\/\",\"url\":\"https:\/\/campingplatjallarga.com\/wp-content\/uploads\/2025\/07\/logo250-transparent.png\",\"contentUrl\":\"https:\/\/campingplatjallarga.com\/wp-content\/uploads\/2025\/07\/logo250-transparent.png\",\"width\":250,\"height\":250,\"caption\":\"Camping Platja Llarga Tarragona\"},\"image\":{\"@id\":\"https:\/\/campingplatjallarga.com\/de\/#\/schema\/logo\/image\/\"},\"sameAs\":[\"https:\/\/www.instagram.com\/campingplatjallarga\/\"]}]}<\/script>\n<!-- \/ Yoast SEO plugin. -->","yoast_head_json":{"title":"Rechtlicher Hinweis - Camping Platja Llarga Tarragona","robots":{"index":"index","follow":"follow","max-snippet":"max-snippet:-1","max-image-preview":"max-image-preview:large","max-video-preview":"max-video-preview:-1"},"canonical":"https:\/\/campingplatjallarga.com\/de\/rechtlicher-hinweis-2\/","og_locale":"de_DE","og_type":"article","og_title":"Rechtlicher Hinweis - Camping Platja Llarga Tarragona","og_description":"1. die Identifizierung der verantwortlichen Person SERLA TRADE, S.L. (Camping Platja Llarga)CIF: B75975607Adresse: N-340 km 1165, 43007 Tarragona (Spanien)E-mail: info@campingplatjallarga.comT\u00e4tigkeit: Camping und Beherbergungsdienstleistungen 2. Bedingungen f\u00fcr die Nutzung der Website Der Zugang zu und die Nutzung dieser Website setzt die vollst\u00e4ndige und uneingeschr\u00e4nkte Annahme dieser rechtlichen Hinweise voraus. Wenn Sie mit einem der Abschnitte nicht [&hellip;]","og_url":"https:\/\/campingplatjallarga.com\/de\/rechtlicher-hinweis-2\/","og_site_name":"Camping Platja Llarga Tarragona","article_modified_time":"2025-07-16T11:17:55+00:00","twitter_card":"summary_large_image","twitter_misc":{"Gesch\u00e4tzte Lesezeit":"2\u00a0Minuten"},"schema":{"@context":"https:\/\/schema.org","@graph":[{"@type":"WebPage","@id":"https:\/\/campingplatjallarga.com\/de\/rechtlicher-hinweis-2\/","url":"https:\/\/campingplatjallarga.com\/de\/rechtlicher-hinweis-2\/","name":"Rechtlicher Hinweis - Camping Platja Llarga Tarragona","isPartOf":{"@id":"https:\/\/campingplatjallarga.com\/de\/#website"},"datePublished":"2025-07-16T11:17:38+00:00","dateModified":"2025-07-16T11:17:55+00:00","breadcrumb":{"@id":"https:\/\/campingplatjallarga.com\/de\/rechtlicher-hinweis-2\/#breadcrumb"},"inLanguage":"de","potentialAction":[{"@type":"ReadAction","target":["https:\/\/campingplatjallarga.com\/de\/rechtlicher-hinweis-2\/"]}]},{"@type":"BreadcrumbList","@id":"https:\/\/campingplatjallarga.com\/de\/rechtlicher-hinweis-2\/#breadcrumb","itemListElement":[{"@type":"ListItem","position":1,"name":"Portada","item":"https:\/\/campingplatjallarga.com\/de\/"},{"@type":"ListItem","position":2,"name":"Rechtlicher Hinweis"}]},{"@type":"WebSite","@id":"https:\/\/campingplatjallarga.com\/de\/#website","url":"https:\/\/campingplatjallarga.com\/de\/","name":"Camping Platja Llarga Tarragona","description":"Camping Platja Llarga en Tarragona: camping familiar frente al mar, rodeado de naturaleza, con acceso directo a la playa. Parcelas, bungalows y servicios ideales para tus vacaciones en la Costa Dorada.","publisher":{"@id":"https:\/\/campingplatjallarga.com\/de\/#organization"},"potentialAction":[{"@type":"SearchAction","target":{"@type":"EntryPoint","urlTemplate":"https:\/\/campingplatjallarga.com\/de\/?s={search_term_string}"},"query-input":{"@type":"PropertyValueSpecification","valueRequired":true,"valueName":"search_term_string"}}],"inLanguage":"de"},{"@type":"Organization","@id":"https:\/\/campingplatjallarga.com\/de\/#organization","name":"Camping Platja Llarga Tarragona","url":"https:\/\/campingplatjallarga.com\/de\/","logo":{"@type":"ImageObject","inLanguage":"de","@id":"https:\/\/campingplatjallarga.com\/de\/#\/schema\/logo\/image\/","url":"https:\/\/campingplatjallarga.com\/wp-content\/uploads\/2025\/07\/logo250-transparent.png","contentUrl":"https:\/\/campingplatjallarga.com\/wp-content\/uploads\/2025\/07\/logo250-transparent.png","width":250,"height":250,"caption":"Camping Platja Llarga Tarragona"},"image":{"@id":"https:\/\/campingplatjallarga.com\/de\/#\/schema\/logo\/image\/"},"sameAs":["https:\/\/www.instagram.com\/campingplatjallarga\/"]}]}},"_links":{"self":[{"href":"https:\/\/campingplatjallarga.com\/de\/wp-json\/wp\/v2\/pages\/970","targetHints":{"allow":["GET"]}}],"collection":[{"href":"https:\/\/campingplatjallarga.com\/de\/wp-json\/wp\/v2\/pages"}],"about":[{"href":"https:\/\/campingplatjallarga.com\/de\/wp-json\/wp\/v2\/types\/page"}],"author":[{"embeddable":true,"href":"https:\/\/campingplatjallarga.com\/de\/wp-json\/wp\/v2\/users\/1"}],"replies":[{"embeddable":true,"href":"https:\/\/campingplatjallarga.com\/de\/wp-json\/wp\/v2\/comments?post=970"}],"version-history":[{"count":1,"href":"https:\/\/campingplatjallarga.com\/de\/wp-json\/wp\/v2\/pages\/970\/revisions"}],"predecessor-version":[{"id":971,"href":"https:\/\/campingplatjallarga.com\/de\/wp-json\/wp\/v2\/pages\/970\/revisions\/971"}],"wp:attachment":[{"href":"https:\/\/campingplatjallarga.com\/de\/wp-json\/wp\/v2\/media?parent=970"}],"curies":[{"name":"wp","href":"https:\/\/api.w.org\/{rel}","templated":true}]}}