{"id":1369,"date":"2025-07-16T15:29:35","date_gmt":"2025-07-16T13:29:35","guid":{"rendered":"https:\/\/blamark.com\/campingplatjallarga\/zoelle\/"},"modified":"2025-09-15T12:46:37","modified_gmt":"2025-09-15T10:46:37","slug":"zoelle","status":"publish","type":"page","link":"https:\/\/campingplatjallarga.com\/de\/zoelle\/","title":{"rendered":"Z\u00f6lle"},"content":{"rendered":"\n<h2 class=\"wp-block-heading has-x-large-font-size\">Grundst\u00fcckspreise  <\/h2>\n\n<p class=\"has-large-font-size\">Saison 2025<\/p>\n\n<p><em>Preise pro Nacht (Parzelle mit 2 Personen)<\/em><\/p>\n\n<figure class=\"wp-block-table\"><table class=\"has-fixed-layout\"><thead><tr><th><strong>Saison<\/strong><\/th><th><strong>Preis der Parzelle<\/strong><\/th><th><strong>Elektrizit\u00e4t<\/strong><\/th><th><strong>Erg\u00e4nzungen<\/strong><\/th><\/tr><\/thead><tbody><tr><td><strong>Wintersaison<\/strong><\/td><td>15 \u20ac<\/td><td>+7 \u20ac<\/td><td>Zus\u00e4tzliche Person (ab 4 Jahren): 5 \u20ac\/Nacht<\/td><\/tr><tr><td><strong>Nebensaison<\/strong><\/td><td>23 \u20ac<\/td><td>+7 \u20ac<\/td><td>Zus\u00e4tzliche Person (ab 4 Jahren): 5 \u20ac\/Nacht<\/td><\/tr><tr><td><strong>Zwischensaison<\/strong><\/td><td>27 \u20ac<\/td><td>+7 \u20ac<\/td><td>Zus\u00e4tzliche Person (ab 4 Jahren): 5 \u20ac\/Nacht<\/td><\/tr><tr><td><strong>Juli Spezial<\/strong><\/td><td>37 \u20ac<\/td><td>+7 \u20ac<\/td><td>Zus\u00e4tzliche Person: 10 \u20ac\/Nacht<br\/>Zus\u00e4tzliches Auto: 10 \u20ac\/Nacht<\/td><\/tr><tr><td><strong>Hochsaison<\/strong><\/td><td>45 \u20ac<\/td><td>+7 \u20ac<\/td><td>Zus\u00e4tzliche Person: 10 \u20ac\/Nacht<br\/>Zus\u00e4tzliches Auto: 10 \u20ac\/Nacht<\/td><\/tr><\/tbody><\/table><\/figure>\n\n<hr class=\"wp-block-separator has-alpha-channel-opacity\"\/>\n\n<h3 class=\"wp-block-heading\">\ud83e\uddfe Wichtige Details<\/h3>\n\n<ul class=\"wp-block-list\">\n<li>Alle Preise beinhalten <strong>2 Personen pro Parzelle<\/strong><\/li>\n\n\n\n<li><strong>Kinder unter 4 Jahren: kostenlos<\/strong><\/li>\n\n\n\n<li><strong>Zus\u00e4tzliche Person<\/strong> ab 4 Jahren:<br\/> &#8211; 5 \u20ac\/Nacht <br\/> &#8211; 10 \u20ac\/Nacht in der Sondersaison im Juli und in der Hochsaison.<\/li>\n\n\n\n<li><strong>Stromzuschlag<\/strong> von 7 \u20ac.<\/li>\n\n\n\n<li><strong>Zus\u00e4tzliches Fahrzeug<\/strong>: 10 \u20ac\/Nacht (nur im Sondermonat Juli und in der Hochsaison)<\/li>\n<\/ul>\n\n<hr class=\"wp-block-separator has-alpha-channel-opacity\"\/>\n\n<h3 class=\"wp-block-heading\">\ud83d\udd52 Fahrpl\u00e4ne<\/h3>\n\n<ul class=\"wp-block-list\">\n<li><strong>Check-in<\/strong>: ab 14:00 Uhr<\/li>\n\n\n\n<li><strong>Check-out<\/strong>: vor 12:00 Uhr.<\/li>\n<\/ul>\n\n<h2 class=\"wp-block-heading has-x-large-font-size\">Bungalow Preise  <\/h2>\n\n<p class=\"has-large-font-size\">Saison 2025<\/p>\n\n<p><em>Preise pro Nacht, je nach Saison und Kapazit\u00e4t<\/em><\/p>\n\n<figure class=\"wp-block-table\"><table class=\"has-fixed-layout\"><thead><tr><th><strong>Typ eines Bungalows<\/strong><\/th><th><strong>Kapazit\u00e4t<\/strong><\/th><th><strong>Rest des Jahres<\/strong><\/th><th><strong>Juli und August Spezial<\/strong><\/th><\/tr><\/thead><tbody><tr><td><strong>Kleiner Bungalow<\/strong><\/td><td>Bis zu 4 Personen<\/td><td>110 \u20ac<\/td><td>120 \u20ac<\/td><\/tr><tr><td><strong>Mittelgro\u00dfer Bungalow<\/strong><\/td><td>Bis zu 6 Personen<\/td><td>120 \u20ac<\/td><td>130 \u20ac<\/td><\/tr><tr><td><strong>Gro\u00dfer Bungalow<\/strong><\/td><td>Bis zu 6 Personen<\/td><td>130 \u20ac<\/td><td>150\u20ac<\/td><\/tr><\/tbody><\/table><\/figure>\n\n<blockquote class=\"wp-block-quote is-layout-flow wp-block-quote-is-layout-flow\">\n<p><em>(Richtpreise: ersetzen Sie die Betr\u00e4ge, wenn Sie die genauen Werte haben)<\/em><\/p>\n<\/blockquote>\n\n<hr class=\"wp-block-separator has-alpha-channel-opacity\"\/>\n\n<h3 class=\"wp-block-heading\">\u2139\ufe0f Zus\u00e4tzliche Informationen<\/h3>\n\n<ul class=\"wp-block-list\">\n<li><strong>Mindestaufenthalt<\/strong>:<br\/> &#8211; 2 N\u00e4chte in der Neben- und Zwischensaison<br\/> &#8211; 4 N\u00e4chte in der Sonder- und Hochsaison im Juli<\/li>\n\n\n\n<li><strong>Inklusive<\/strong>: Unterkunft, Nutzung der Einrichtungen, 1 Parkplatz und kostenloses Wi-Fi.<\/li>\n\n\n\n<li><strong>Nicht inbegriffen<\/strong>: Kurtaxe (an der Rezeption zu entrichten). Bettw\u00e4sche muss bei Bedarf vor der Ankunft zum Preis von 35 Euro zus\u00e4tzlich zur Gesamtbuchung angefordert werden. <\/li>\n\n\n\n<li><strong>Check-in Zeit<\/strong>: von 15:00h bis 20:00h, bitte informieren Sie uns, wenn Sie au\u00dferhalb dieser Zeiten anreisen.<\/li>\n\n\n\n<li><strong>Abfahrtszeit<\/strong>: vor 11:00 Uhr.<\/li>\n<\/ul>\n\n<hr class=\"wp-block-separator has-alpha-channel-opacity\"\/>\n\n<h3 class=\"wp-block-heading\">\ud83e\uddfe Erg\u00e4nzungen und Bedingungen<\/h3>\n\n<ul class=\"wp-block-list\">\n<li>Zus\u00e4tzliche Person: nur im gro\u00dfen Bungalow (Verf\u00fcgbarkeit pr\u00fcfen)<\/li>\n\n\n\n<li>Kinderbett oder Zusatzbett: auf Anfrage (gegen Aufpreis)<\/li>\n\n\n\n<li>Haustiere: in den Bungalows nicht erlaubt<\/li>\n\n\n\n<li>Endreinigung: inbegriffen, sofern der Bungalow in ordnungsgem\u00e4\u00dfem Zustand zur\u00fcckgegeben wird.<\/li>\n<\/ul>\n\n<div class=\"wp-block-cover alignfull\"><span aria-hidden=\"true\" class=\"wp-block-cover__background has-vivid-cyan-blue-background-color has-background-dim-100 has-background-dim\"><\/span><div class=\"wp-block-cover__inner-container is-layout-constrained wp-block-cover-is-layout-constrained\">\n<p class=\"has-text-align-center has-white-color has-text-color has-link-color has-large-font-size wp-elements-4ee29c8a878fba081ecb07eb5dcca9d4\"><strong>Buchungen f\u00fcr lange Aufenthalte<\/strong><\/p>\n\n\n\n<p class=\"has-text-align-center has-medium-font-size\">Wenn Sie an einem l\u00e4ngeren Aufenthalt auf dem Campingplatz Platja Llarga interessiert sind, bieten wir Ihnen spezielle Optionen, die auf Ihre Bed\u00fcrfnisse zugeschnitten sind.<\/p>\n\n\n\n<p class=\"has-text-align-center has-small-font-size\"><em>F\u00fcr ein individuelles Angebot und weitere Informationen kontaktieren Sie uns bitte per E-Mail:<\/em><\/p>\n\n\n\n<p class=\"has-text-align-center has-white-color has-text-color has-link-color has-medium-font-size wp-elements-3c6a6b3e3e2aee27874c8ca1c3c17acc\"><strong><a href=\"mailto:info@campingplatjallarga.com\">info@campingplatjallarga.com<\/a><\/strong><\/p>\n<\/div><\/div>\n","protected":false},"excerpt":{"rendered":"<p>Grundst\u00fcckspreise Saison 2025 Preise pro Nacht (Parzelle mit 2 Personen) Saison Preis der Parzelle Elektrizit\u00e4t Erg\u00e4nzungen Wintersaison 15 \u20ac +7 \u20ac Zus\u00e4tzliche Person (ab 4 Jahren): 5 \u20ac\/Nacht Nebensaison 23 \u20ac +7 \u20ac Zus\u00e4tzliche Person (ab 4 Jahren): 5 \u20ac\/Nacht Zwischensaison 27 \u20ac +7 \u20ac Zus\u00e4tzliche Person (ab 4 Jahren): 5 \u20ac\/Nacht Juli Spezial 37 [&hellip;]<\/p>\n","protected":false},"author":1,"featured_media":0,"parent":0,"menu_order":0,"comment_status":"closed","ping_status":"closed","template":"","meta":{"ocean_post_layout":"","ocean_both_sidebars_style":"","ocean_both_sidebars_content_width":0,"ocean_both_sidebars_sidebars_width":0,"ocean_sidebar":"","ocean_second_sidebar":"","ocean_disable_margins":"enable","ocean_add_body_class":"","ocean_shortcode_before_top_bar":"","ocean_shortcode_after_top_bar":"","ocean_shortcode_before_header":"","ocean_shortcode_after_header":"","ocean_has_shortcode":"","ocean_shortcode_after_title":"","ocean_shortcode_before_footer_widgets":"","ocean_shortcode_after_footer_widgets":"","ocean_shortcode_before_footer_bottom":"","ocean_shortcode_after_footer_bottom":"","ocean_display_top_bar":"default","ocean_display_header":"default","ocean_header_style":"","ocean_center_header_left_menu":"","ocean_custom_header_template":"","ocean_custom_logo":0,"ocean_custom_retina_logo":0,"ocean_custom_logo_max_width":0,"ocean_custom_logo_tablet_max_width":0,"ocean_custom_logo_mobile_max_width":0,"ocean_custom_logo_max_height":0,"ocean_custom_logo_tablet_max_height":0,"ocean_custom_logo_mobile_max_height":0,"ocean_header_custom_menu":"","ocean_menu_typo_font_family":"","ocean_menu_typo_font_subset":"","ocean_menu_typo_font_size":0,"ocean_menu_typo_font_size_tablet":0,"ocean_menu_typo_font_size_mobile":0,"ocean_menu_typo_font_size_unit":"px","ocean_menu_typo_font_weight":"","ocean_menu_typo_font_weight_tablet":"","ocean_menu_typo_font_weight_mobile":"","ocean_menu_typo_transform":"","ocean_menu_typo_transform_tablet":"","ocean_menu_typo_transform_mobile":"","ocean_menu_typo_line_height":0,"ocean_menu_typo_line_height_tablet":0,"ocean_menu_typo_line_height_mobile":0,"ocean_menu_typo_line_height_unit":"","ocean_menu_typo_spacing":0,"ocean_menu_typo_spacing_tablet":0,"ocean_menu_typo_spacing_mobile":0,"ocean_menu_typo_spacing_unit":"","ocean_menu_link_color":"","ocean_menu_link_color_hover":"","ocean_menu_link_color_active":"","ocean_menu_link_background":"","ocean_menu_link_hover_background":"","ocean_menu_link_active_background":"","ocean_menu_social_links_bg":"","ocean_menu_social_hover_links_bg":"","ocean_menu_social_links_color":"","ocean_menu_social_hover_links_color":"","ocean_disable_title":"default","ocean_disable_heading":"default","ocean_post_title":"","ocean_post_subheading":"","ocean_post_title_style":"","ocean_post_title_background_color":"","ocean_post_title_background":0,"ocean_post_title_bg_image_position":"","ocean_post_title_bg_image_attachment":"","ocean_post_title_bg_image_repeat":"","ocean_post_title_bg_image_size":"","ocean_post_title_height":0,"ocean_post_title_bg_overlay":0.5,"ocean_post_title_bg_overlay_color":"","ocean_disable_breadcrumbs":"default","ocean_breadcrumbs_color":"","ocean_breadcrumbs_separator_color":"","ocean_breadcrumbs_links_color":"","ocean_breadcrumbs_links_hover_color":"","ocean_display_footer_widgets":"default","ocean_display_footer_bottom":"default","ocean_custom_footer_template":"","footnotes":""},"class_list":["post-1369","page","type-page","status-publish","hentry","entry"],"yoast_head":"<!-- This site is optimized with the Yoast SEO plugin v27.0 - https:\/\/yoast.com\/product\/yoast-seo-wordpress\/ -->\n<title>Z\u00f6lle - Camping Platja Llarga Tarragona<\/title>\n<meta name=\"robots\" content=\"index, follow, max-snippet:-1, max-image-preview:large, max-video-preview:-1\" \/>\n<link rel=\"canonical\" href=\"https:\/\/campingplatjallarga.com\/de\/zoelle\/\" \/>\n<meta property=\"og:locale\" content=\"de_DE\" \/>\n<meta property=\"og:type\" content=\"article\" \/>\n<meta property=\"og:title\" content=\"Z\u00f6lle - Camping Platja Llarga Tarragona\" \/>\n<meta property=\"og:description\" content=\"Grundst\u00fcckspreise Saison 2025 Preise pro Nacht (Parzelle mit 2 Personen) Saison Preis der Parzelle Elektrizit\u00e4t Erg\u00e4nzungen Wintersaison 15 \u20ac +7 \u20ac Zus\u00e4tzliche Person (ab 4 Jahren): 5 \u20ac\/Nacht Nebensaison 23 \u20ac +7 \u20ac Zus\u00e4tzliche Person (ab 4 Jahren): 5 \u20ac\/Nacht Zwischensaison 27 \u20ac +7 \u20ac Zus\u00e4tzliche Person (ab 4 Jahren): 5 \u20ac\/Nacht Juli Spezial 37 [&hellip;]\" \/>\n<meta property=\"og:url\" content=\"https:\/\/campingplatjallarga.com\/de\/zoelle\/\" \/>\n<meta property=\"og:site_name\" content=\"Camping Platja Llarga Tarragona\" \/>\n<meta property=\"article:modified_time\" content=\"2025-09-15T10:46:37+00:00\" \/>\n<meta name=\"twitter:card\" content=\"summary_large_image\" \/>\n<meta name=\"twitter:label1\" content=\"Gesch\u00e4tzte Lesezeit\" \/>\n\t<meta name=\"twitter:data1\" content=\"2\u00a0Minuten\" \/>\n<script type=\"application\/ld+json\" class=\"yoast-schema-graph\">{\"@context\":\"https:\/\/schema.org\",\"@graph\":[{\"@type\":\"WebPage\",\"@id\":\"https:\/\/campingplatjallarga.com\/de\/zoelle\/\",\"url\":\"https:\/\/campingplatjallarga.com\/de\/zoelle\/\",\"name\":\"Z\u00f6lle - Camping Platja Llarga Tarragona\",\"isPartOf\":{\"@id\":\"https:\/\/campingplatjallarga.com\/de\/#website\"},\"datePublished\":\"2025-07-16T13:29:35+00:00\",\"dateModified\":\"2025-09-15T10:46:37+00:00\",\"breadcrumb\":{\"@id\":\"https:\/\/campingplatjallarga.com\/de\/zoelle\/#breadcrumb\"},\"inLanguage\":\"de\",\"potentialAction\":[{\"@type\":\"ReadAction\",\"target\":[\"https:\/\/campingplatjallarga.com\/de\/zoelle\/\"]}]},{\"@type\":\"BreadcrumbList\",\"@id\":\"https:\/\/campingplatjallarga.com\/de\/zoelle\/#breadcrumb\",\"itemListElement\":[{\"@type\":\"ListItem\",\"position\":1,\"name\":\"Portada\",\"item\":\"https:\/\/campingplatjallarga.com\/de\/\"},{\"@type\":\"ListItem\",\"position\":2,\"name\":\"Z\u00f6lle\"}]},{\"@type\":\"WebSite\",\"@id\":\"https:\/\/campingplatjallarga.com\/de\/#website\",\"url\":\"https:\/\/campingplatjallarga.com\/de\/\",\"name\":\"Camping Platja Llarga Tarragona\",\"description\":\"Camping Platja Llarga en Tarragona: camping familiar frente al mar, rodeado de naturaleza, con acceso directo a la playa. Parcelas, bungalows y servicios ideales para tus vacaciones en la Costa Dorada.\",\"publisher\":{\"@id\":\"https:\/\/campingplatjallarga.com\/de\/#organization\"},\"potentialAction\":[{\"@type\":\"SearchAction\",\"target\":{\"@type\":\"EntryPoint\",\"urlTemplate\":\"https:\/\/campingplatjallarga.com\/de\/?s={search_term_string}\"},\"query-input\":{\"@type\":\"PropertyValueSpecification\",\"valueRequired\":true,\"valueName\":\"search_term_string\"}}],\"inLanguage\":\"de\"},{\"@type\":\"Organization\",\"@id\":\"https:\/\/campingplatjallarga.com\/de\/#organization\",\"name\":\"Camping Platja Llarga Tarragona\",\"url\":\"https:\/\/campingplatjallarga.com\/de\/\",\"logo\":{\"@type\":\"ImageObject\",\"inLanguage\":\"de\",\"@id\":\"https:\/\/campingplatjallarga.com\/de\/#\/schema\/logo\/image\/\",\"url\":\"https:\/\/campingplatjallarga.com\/wp-content\/uploads\/2025\/07\/logo250-transparent.png\",\"contentUrl\":\"https:\/\/campingplatjallarga.com\/wp-content\/uploads\/2025\/07\/logo250-transparent.png\",\"width\":250,\"height\":250,\"caption\":\"Camping Platja Llarga Tarragona\"},\"image\":{\"@id\":\"https:\/\/campingplatjallarga.com\/de\/#\/schema\/logo\/image\/\"},\"sameAs\":[\"https:\/\/www.instagram.com\/campingplatjallarga\/\"]}]}<\/script>\n<!-- \/ Yoast SEO plugin. -->","yoast_head_json":{"title":"Z\u00f6lle - Camping Platja Llarga Tarragona","robots":{"index":"index","follow":"follow","max-snippet":"max-snippet:-1","max-image-preview":"max-image-preview:large","max-video-preview":"max-video-preview:-1"},"canonical":"https:\/\/campingplatjallarga.com\/de\/zoelle\/","og_locale":"de_DE","og_type":"article","og_title":"Z\u00f6lle - Camping Platja Llarga Tarragona","og_description":"Grundst\u00fcckspreise Saison 2025 Preise pro Nacht (Parzelle mit 2 Personen) Saison Preis der Parzelle Elektrizit\u00e4t Erg\u00e4nzungen Wintersaison 15 \u20ac +7 \u20ac Zus\u00e4tzliche Person (ab 4 Jahren): 5 \u20ac\/Nacht Nebensaison 23 \u20ac +7 \u20ac Zus\u00e4tzliche Person (ab 4 Jahren): 5 \u20ac\/Nacht Zwischensaison 27 \u20ac +7 \u20ac Zus\u00e4tzliche Person (ab 4 Jahren): 5 \u20ac\/Nacht Juli Spezial 37 [&hellip;]","og_url":"https:\/\/campingplatjallarga.com\/de\/zoelle\/","og_site_name":"Camping Platja Llarga Tarragona","article_modified_time":"2025-09-15T10:46:37+00:00","twitter_card":"summary_large_image","twitter_misc":{"Gesch\u00e4tzte Lesezeit":"2\u00a0Minuten"},"schema":{"@context":"https:\/\/schema.org","@graph":[{"@type":"WebPage","@id":"https:\/\/campingplatjallarga.com\/de\/zoelle\/","url":"https:\/\/campingplatjallarga.com\/de\/zoelle\/","name":"Z\u00f6lle - Camping Platja Llarga Tarragona","isPartOf":{"@id":"https:\/\/campingplatjallarga.com\/de\/#website"},"datePublished":"2025-07-16T13:29:35+00:00","dateModified":"2025-09-15T10:46:37+00:00","breadcrumb":{"@id":"https:\/\/campingplatjallarga.com\/de\/zoelle\/#breadcrumb"},"inLanguage":"de","potentialAction":[{"@type":"ReadAction","target":["https:\/\/campingplatjallarga.com\/de\/zoelle\/"]}]},{"@type":"BreadcrumbList","@id":"https:\/\/campingplatjallarga.com\/de\/zoelle\/#breadcrumb","itemListElement":[{"@type":"ListItem","position":1,"name":"Portada","item":"https:\/\/campingplatjallarga.com\/de\/"},{"@type":"ListItem","position":2,"name":"Z\u00f6lle"}]},{"@type":"WebSite","@id":"https:\/\/campingplatjallarga.com\/de\/#website","url":"https:\/\/campingplatjallarga.com\/de\/","name":"Camping Platja Llarga Tarragona","description":"Camping Platja Llarga en Tarragona: camping familiar frente al mar, rodeado de naturaleza, con acceso directo a la playa. Parcelas, bungalows y servicios ideales para tus vacaciones en la Costa Dorada.","publisher":{"@id":"https:\/\/campingplatjallarga.com\/de\/#organization"},"potentialAction":[{"@type":"SearchAction","target":{"@type":"EntryPoint","urlTemplate":"https:\/\/campingplatjallarga.com\/de\/?s={search_term_string}"},"query-input":{"@type":"PropertyValueSpecification","valueRequired":true,"valueName":"search_term_string"}}],"inLanguage":"de"},{"@type":"Organization","@id":"https:\/\/campingplatjallarga.com\/de\/#organization","name":"Camping Platja Llarga Tarragona","url":"https:\/\/campingplatjallarga.com\/de\/","logo":{"@type":"ImageObject","inLanguage":"de","@id":"https:\/\/campingplatjallarga.com\/de\/#\/schema\/logo\/image\/","url":"https:\/\/campingplatjallarga.com\/wp-content\/uploads\/2025\/07\/logo250-transparent.png","contentUrl":"https:\/\/campingplatjallarga.com\/wp-content\/uploads\/2025\/07\/logo250-transparent.png","width":250,"height":250,"caption":"Camping Platja Llarga Tarragona"},"image":{"@id":"https:\/\/campingplatjallarga.com\/de\/#\/schema\/logo\/image\/"},"sameAs":["https:\/\/www.instagram.com\/campingplatjallarga\/"]}]}},"_links":{"self":[{"href":"https:\/\/campingplatjallarga.com\/de\/wp-json\/wp\/v2\/pages\/1369","targetHints":{"allow":["GET"]}}],"collection":[{"href":"https:\/\/campingplatjallarga.com\/de\/wp-json\/wp\/v2\/pages"}],"about":[{"href":"https:\/\/campingplatjallarga.com\/de\/wp-json\/wp\/v2\/types\/page"}],"author":[{"embeddable":true,"href":"https:\/\/campingplatjallarga.com\/de\/wp-json\/wp\/v2\/users\/1"}],"replies":[{"embeddable":true,"href":"https:\/\/campingplatjallarga.com\/de\/wp-json\/wp\/v2\/comments?post=1369"}],"version-history":[{"count":11,"href":"https:\/\/campingplatjallarga.com\/de\/wp-json\/wp\/v2\/pages\/1369\/revisions"}],"predecessor-version":[{"id":2074,"href":"https:\/\/campingplatjallarga.com\/de\/wp-json\/wp\/v2\/pages\/1369\/revisions\/2074"}],"wp:attachment":[{"href":"https:\/\/campingplatjallarga.com\/de\/wp-json\/wp\/v2\/media?parent=1369"}],"curies":[{"name":"wp","href":"https:\/\/api.w.org\/{rel}","templated":true}]}}