{"id":1354,"date":"2025-07-16T15:24:22","date_gmt":"2025-07-16T13:24:22","guid":{"rendered":"https:\/\/blamark.com\/campingplatjallarga\/stornierungsbedingungen\/"},"modified":"2025-07-16T15:28:58","modified_gmt":"2025-07-16T13:28:58","slug":"stornierungsbedingungen","status":"publish","type":"page","link":"https:\/\/campingplatjallarga.com\/de\/stornierungsbedingungen\/","title":{"rendered":"Stornierungsbedingungen"},"content":{"rendered":"\n<p>Um Ihre Reservierung zu garantieren, verlangen wir die vorherige Zahlung von <strong>40% des Gesamtbetrags<\/strong> des Aufenthalts oder der gebuchten Dienstleistung. Diese Zahlung gilt als Anzahlung und best\u00e4tigt die Buchung endg\u00fcltig. <\/p>\n\n<h3 class=\"wp-block-heading\">Stornierungsbedingungen<\/h3>\n\n<h4 class=\"wp-block-heading\">\u2705 Stornierungen mehr als 15 Tage im Voraus<\/h4>\n\n<p>Wenn Sie Ihre Buchung mehr als 15 Tage vor dem Anreisedatum stornieren, werden Ihnen <strong>50% des<\/strong> als Anzahlung <strong>geleisteten Betrags<\/strong> zur\u00fcckerstattet. Dieser Betrag entspricht 20% des Gesamtbetrags der Reservierung. Der Rest ist nicht erstattungsf\u00e4hig.  <\/p>\n\n<h4 class=\"wp-block-heading\">\u26a0\ufe0f Stornierungen zwischen 14 und 0 Tagen vor der Ankunft<\/h4>\n\n<p>Wenn die Stornierung <strong>14 Tage oder weniger im Voraus<\/strong> erfolgt, wird keine Erstattung vorgenommen. Der gesamte gezahlte Betrag (40% des Gesamtbetrags der Buchung) wird einbehalten. <\/p>\n\n<h4 class=\"wp-block-heading\">\u274c Keine Vorstellung<\/h4>\n\n<p>Bei Nichterscheinen am geplanten Anreisetag und ohne vorherige Benachrichtigung <strong>wird die Buchung automatisch storniert<\/strong> und der gesamte gezahlte Betrag wird einbehalten.<\/p>\n\n<hr class=\"wp-block-separator has-alpha-channel-opacity\"\/>\n\n<h3 class=\"wp-block-heading\">\ud83d\udcdd \u00c4nderungen vorbehalten<\/h3>\n\n<p>Jede \u00c4nderung des Buchungsdatums h\u00e4ngt von der Verf\u00fcgbarkeit ab und kann eine \u00c4nderung des Preises zur Folge haben. Im Falle einer \u00c4nderung gelten die gleichen Stornierungsbedingungen f\u00fcr das neue best\u00e4tigte Datum. <\/p>\n\n<hr class=\"wp-block-separator has-alpha-channel-opacity\"\/>\n\n<h3 class=\"wp-block-heading\">\ud83c\udf2a Stornierungen aus Gr\u00fcnden der h\u00f6heren Gewalt<\/h3>\n\n<p>In hinreichend begr\u00fcndeten Ausnahmesituationen (z.B. bei schwerer Krankheit oder offiziellen Mobilit\u00e4tseinschr\u00e4nkungen) beh\u00e4lt sich die Gesch\u00e4ftsleitung das Recht vor, jeden Fall individuell zu beurteilen. Falls erforderlich, k\u00f6nnen Alternativen wie eine \u00c4nderung der Termine oder eine teilweise R\u00fcckerstattung vorgeschlagen werden. <\/p>\n\n<hr class=\"wp-block-separator has-alpha-channel-opacity\"\/>\n\n<h3 class=\"wp-block-heading\">\ud83d\udcec Wie Sie eine Buchung stornieren<\/h3>\n\n<p>Die Stornierung muss <strong>schriftlich<\/strong> erfolgen, indem Sie eine E-Mail an<br\/>\ud83d\udce9 <a class=\"\" href=\"mailto:info@campingplatjallarga.com\">info@campingplatjallarga.com<\/a> senden.<\/p>\n\n<p>Sie k\u00f6nnen uns auch per Telefon erreichen:<br\/>\ud83d\udcde +34 669 03 00 03 \/ 613 920 715<\/p>\n\n<p>Das <strong>Datum des Eingangs des Antrags<\/strong> ist das Datum, das f\u00fcr die Anwendung der entsprechenden Bedingungen zu ber\u00fccksichtigen ist.<\/p>\n","protected":false},"excerpt":{"rendered":"<p>Um Ihre Reservierung zu garantieren, verlangen wir die vorherige Zahlung von 40% des Gesamtbetrags des Aufenthalts oder der gebuchten Dienstleistung. Diese Zahlung gilt als Anzahlung und best\u00e4tigt die Buchung endg\u00fcltig. Stornierungsbedingungen \u2705 Stornierungen mehr als 15 Tage im Voraus Wenn Sie Ihre Buchung mehr als 15 Tage vor dem Anreisedatum stornieren, werden Ihnen 50% des [&hellip;]<\/p>\n","protected":false},"author":1,"featured_media":0,"parent":0,"menu_order":0,"comment_status":"closed","ping_status":"closed","template":"","meta":{"ocean_post_layout":"both-sidebars","ocean_both_sidebars_style":"","ocean_both_sidebars_content_width":0,"ocean_both_sidebars_sidebars_width":0,"ocean_sidebar":"","ocean_second_sidebar":"","ocean_disable_margins":"enable","ocean_add_body_class":"","ocean_shortcode_before_top_bar":"","ocean_shortcode_after_top_bar":"","ocean_shortcode_before_header":"","ocean_shortcode_after_header":"","ocean_has_shortcode":"","ocean_shortcode_after_title":"","ocean_shortcode_before_footer_widgets":"","ocean_shortcode_after_footer_widgets":"","ocean_shortcode_before_footer_bottom":"","ocean_shortcode_after_footer_bottom":"","ocean_display_top_bar":"default","ocean_display_header":"default","ocean_header_style":"","ocean_center_header_left_menu":"","ocean_custom_header_template":"","ocean_custom_logo":0,"ocean_custom_retina_logo":0,"ocean_custom_logo_max_width":0,"ocean_custom_logo_tablet_max_width":0,"ocean_custom_logo_mobile_max_width":0,"ocean_custom_logo_max_height":0,"ocean_custom_logo_tablet_max_height":0,"ocean_custom_logo_mobile_max_height":0,"ocean_header_custom_menu":"","ocean_menu_typo_font_family":"","ocean_menu_typo_font_subset":"","ocean_menu_typo_font_size":0,"ocean_menu_typo_font_size_tablet":0,"ocean_menu_typo_font_size_mobile":0,"ocean_menu_typo_font_size_unit":"px","ocean_menu_typo_font_weight":"","ocean_menu_typo_font_weight_tablet":"","ocean_menu_typo_font_weight_mobile":"","ocean_menu_typo_transform":"","ocean_menu_typo_transform_tablet":"","ocean_menu_typo_transform_mobile":"","ocean_menu_typo_line_height":0,"ocean_menu_typo_line_height_tablet":0,"ocean_menu_typo_line_height_mobile":0,"ocean_menu_typo_line_height_unit":"","ocean_menu_typo_spacing":0,"ocean_menu_typo_spacing_tablet":0,"ocean_menu_typo_spacing_mobile":0,"ocean_menu_typo_spacing_unit":"","ocean_menu_link_color":"","ocean_menu_link_color_hover":"","ocean_menu_link_color_active":"","ocean_menu_link_background":"","ocean_menu_link_hover_background":"","ocean_menu_link_active_background":"","ocean_menu_social_links_bg":"","ocean_menu_social_hover_links_bg":"","ocean_menu_social_links_color":"","ocean_menu_social_hover_links_color":"","ocean_disable_title":"default","ocean_disable_heading":"default","ocean_post_title":"","ocean_post_subheading":"","ocean_post_title_style":"","ocean_post_title_background_color":"","ocean_post_title_background":0,"ocean_post_title_bg_image_position":"","ocean_post_title_bg_image_attachment":"","ocean_post_title_bg_image_repeat":"","ocean_post_title_bg_image_size":"","ocean_post_title_height":0,"ocean_post_title_bg_overlay":0.5,"ocean_post_title_bg_overlay_color":"","ocean_disable_breadcrumbs":"default","ocean_breadcrumbs_color":"","ocean_breadcrumbs_separator_color":"","ocean_breadcrumbs_links_color":"","ocean_breadcrumbs_links_hover_color":"","ocean_display_footer_widgets":"default","ocean_display_footer_bottom":"default","ocean_custom_footer_template":"","footnotes":""},"class_list":["post-1354","page","type-page","status-publish","hentry","entry"],"yoast_head":"<!-- This site is optimized with the Yoast SEO plugin v27.0 - https:\/\/yoast.com\/product\/yoast-seo-wordpress\/ -->\n<title>Stornierungsbedingungen - Camping Platja Llarga Tarragona<\/title>\n<meta name=\"robots\" content=\"index, follow, max-snippet:-1, max-image-preview:large, max-video-preview:-1\" \/>\n<link rel=\"canonical\" href=\"https:\/\/campingplatjallarga.com\/de\/stornierungsbedingungen\/\" \/>\n<meta property=\"og:locale\" content=\"de_DE\" \/>\n<meta property=\"og:type\" content=\"article\" \/>\n<meta property=\"og:title\" content=\"Stornierungsbedingungen - Camping Platja Llarga Tarragona\" \/>\n<meta property=\"og:description\" content=\"Um Ihre Reservierung zu garantieren, verlangen wir die vorherige Zahlung von 40% des Gesamtbetrags des Aufenthalts oder der gebuchten Dienstleistung. Diese Zahlung gilt als Anzahlung und best\u00e4tigt die Buchung endg\u00fcltig. Stornierungsbedingungen \u2705 Stornierungen mehr als 15 Tage im Voraus Wenn Sie Ihre Buchung mehr als 15 Tage vor dem Anreisedatum stornieren, werden Ihnen 50% des [&hellip;]\" \/>\n<meta property=\"og:url\" content=\"https:\/\/campingplatjallarga.com\/de\/stornierungsbedingungen\/\" \/>\n<meta property=\"og:site_name\" content=\"Camping Platja Llarga Tarragona\" \/>\n<meta property=\"article:modified_time\" content=\"2025-07-16T13:28:58+00:00\" \/>\n<meta name=\"twitter:card\" content=\"summary_large_image\" \/>\n<meta name=\"twitter:label1\" content=\"Gesch\u00e4tzte Lesezeit\" \/>\n\t<meta name=\"twitter:data1\" content=\"1\u00a0Minute\" \/>\n<script type=\"application\/ld+json\" class=\"yoast-schema-graph\">{\"@context\":\"https:\/\/schema.org\",\"@graph\":[{\"@type\":\"WebPage\",\"@id\":\"https:\/\/campingplatjallarga.com\/de\/stornierungsbedingungen\/\",\"url\":\"https:\/\/campingplatjallarga.com\/de\/stornierungsbedingungen\/\",\"name\":\"Stornierungsbedingungen - Camping Platja Llarga Tarragona\",\"isPartOf\":{\"@id\":\"https:\/\/campingplatjallarga.com\/de\/#website\"},\"datePublished\":\"2025-07-16T13:24:22+00:00\",\"dateModified\":\"2025-07-16T13:28:58+00:00\",\"breadcrumb\":{\"@id\":\"https:\/\/campingplatjallarga.com\/de\/stornierungsbedingungen\/#breadcrumb\"},\"inLanguage\":\"de\",\"potentialAction\":[{\"@type\":\"ReadAction\",\"target\":[\"https:\/\/campingplatjallarga.com\/de\/stornierungsbedingungen\/\"]}]},{\"@type\":\"BreadcrumbList\",\"@id\":\"https:\/\/campingplatjallarga.com\/de\/stornierungsbedingungen\/#breadcrumb\",\"itemListElement\":[{\"@type\":\"ListItem\",\"position\":1,\"name\":\"Portada\",\"item\":\"https:\/\/campingplatjallarga.com\/de\/\"},{\"@type\":\"ListItem\",\"position\":2,\"name\":\"Stornierungsbedingungen\"}]},{\"@type\":\"WebSite\",\"@id\":\"https:\/\/campingplatjallarga.com\/de\/#website\",\"url\":\"https:\/\/campingplatjallarga.com\/de\/\",\"name\":\"Camping Platja Llarga Tarragona\",\"description\":\"Camping Platja Llarga en Tarragona: camping familiar frente al mar, rodeado de naturaleza, con acceso directo a la playa. Parcelas, bungalows y servicios ideales para tus vacaciones en la Costa Dorada.\",\"publisher\":{\"@id\":\"https:\/\/campingplatjallarga.com\/de\/#organization\"},\"potentialAction\":[{\"@type\":\"SearchAction\",\"target\":{\"@type\":\"EntryPoint\",\"urlTemplate\":\"https:\/\/campingplatjallarga.com\/de\/?s={search_term_string}\"},\"query-input\":{\"@type\":\"PropertyValueSpecification\",\"valueRequired\":true,\"valueName\":\"search_term_string\"}}],\"inLanguage\":\"de\"},{\"@type\":\"Organization\",\"@id\":\"https:\/\/campingplatjallarga.com\/de\/#organization\",\"name\":\"Camping Platja Llarga Tarragona\",\"url\":\"https:\/\/campingplatjallarga.com\/de\/\",\"logo\":{\"@type\":\"ImageObject\",\"inLanguage\":\"de\",\"@id\":\"https:\/\/campingplatjallarga.com\/de\/#\/schema\/logo\/image\/\",\"url\":\"https:\/\/campingplatjallarga.com\/wp-content\/uploads\/2025\/07\/logo250-transparent.png\",\"contentUrl\":\"https:\/\/campingplatjallarga.com\/wp-content\/uploads\/2025\/07\/logo250-transparent.png\",\"width\":250,\"height\":250,\"caption\":\"Camping Platja Llarga Tarragona\"},\"image\":{\"@id\":\"https:\/\/campingplatjallarga.com\/de\/#\/schema\/logo\/image\/\"},\"sameAs\":[\"https:\/\/www.instagram.com\/campingplatjallarga\/\"]}]}<\/script>\n<!-- \/ Yoast SEO plugin. -->","yoast_head_json":{"title":"Stornierungsbedingungen - Camping Platja Llarga Tarragona","robots":{"index":"index","follow":"follow","max-snippet":"max-snippet:-1","max-image-preview":"max-image-preview:large","max-video-preview":"max-video-preview:-1"},"canonical":"https:\/\/campingplatjallarga.com\/de\/stornierungsbedingungen\/","og_locale":"de_DE","og_type":"article","og_title":"Stornierungsbedingungen - Camping Platja Llarga Tarragona","og_description":"Um Ihre Reservierung zu garantieren, verlangen wir die vorherige Zahlung von 40% des Gesamtbetrags des Aufenthalts oder der gebuchten Dienstleistung. Diese Zahlung gilt als Anzahlung und best\u00e4tigt die Buchung endg\u00fcltig. Stornierungsbedingungen \u2705 Stornierungen mehr als 15 Tage im Voraus Wenn Sie Ihre Buchung mehr als 15 Tage vor dem Anreisedatum stornieren, werden Ihnen 50% des [&hellip;]","og_url":"https:\/\/campingplatjallarga.com\/de\/stornierungsbedingungen\/","og_site_name":"Camping Platja Llarga Tarragona","article_modified_time":"2025-07-16T13:28:58+00:00","twitter_card":"summary_large_image","twitter_misc":{"Gesch\u00e4tzte Lesezeit":"1\u00a0Minute"},"schema":{"@context":"https:\/\/schema.org","@graph":[{"@type":"WebPage","@id":"https:\/\/campingplatjallarga.com\/de\/stornierungsbedingungen\/","url":"https:\/\/campingplatjallarga.com\/de\/stornierungsbedingungen\/","name":"Stornierungsbedingungen - Camping Platja Llarga Tarragona","isPartOf":{"@id":"https:\/\/campingplatjallarga.com\/de\/#website"},"datePublished":"2025-07-16T13:24:22+00:00","dateModified":"2025-07-16T13:28:58+00:00","breadcrumb":{"@id":"https:\/\/campingplatjallarga.com\/de\/stornierungsbedingungen\/#breadcrumb"},"inLanguage":"de","potentialAction":[{"@type":"ReadAction","target":["https:\/\/campingplatjallarga.com\/de\/stornierungsbedingungen\/"]}]},{"@type":"BreadcrumbList","@id":"https:\/\/campingplatjallarga.com\/de\/stornierungsbedingungen\/#breadcrumb","itemListElement":[{"@type":"ListItem","position":1,"name":"Portada","item":"https:\/\/campingplatjallarga.com\/de\/"},{"@type":"ListItem","position":2,"name":"Stornierungsbedingungen"}]},{"@type":"WebSite","@id":"https:\/\/campingplatjallarga.com\/de\/#website","url":"https:\/\/campingplatjallarga.com\/de\/","name":"Camping Platja Llarga Tarragona","description":"Camping Platja Llarga en Tarragona: camping familiar frente al mar, rodeado de naturaleza, con acceso directo a la playa. Parcelas, bungalows y servicios ideales para tus vacaciones en la Costa Dorada.","publisher":{"@id":"https:\/\/campingplatjallarga.com\/de\/#organization"},"potentialAction":[{"@type":"SearchAction","target":{"@type":"EntryPoint","urlTemplate":"https:\/\/campingplatjallarga.com\/de\/?s={search_term_string}"},"query-input":{"@type":"PropertyValueSpecification","valueRequired":true,"valueName":"search_term_string"}}],"inLanguage":"de"},{"@type":"Organization","@id":"https:\/\/campingplatjallarga.com\/de\/#organization","name":"Camping Platja Llarga Tarragona","url":"https:\/\/campingplatjallarga.com\/de\/","logo":{"@type":"ImageObject","inLanguage":"de","@id":"https:\/\/campingplatjallarga.com\/de\/#\/schema\/logo\/image\/","url":"https:\/\/campingplatjallarga.com\/wp-content\/uploads\/2025\/07\/logo250-transparent.png","contentUrl":"https:\/\/campingplatjallarga.com\/wp-content\/uploads\/2025\/07\/logo250-transparent.png","width":250,"height":250,"caption":"Camping Platja Llarga Tarragona"},"image":{"@id":"https:\/\/campingplatjallarga.com\/de\/#\/schema\/logo\/image\/"},"sameAs":["https:\/\/www.instagram.com\/campingplatjallarga\/"]}]}},"_links":{"self":[{"href":"https:\/\/campingplatjallarga.com\/de\/wp-json\/wp\/v2\/pages\/1354","targetHints":{"allow":["GET"]}}],"collection":[{"href":"https:\/\/campingplatjallarga.com\/de\/wp-json\/wp\/v2\/pages"}],"about":[{"href":"https:\/\/campingplatjallarga.com\/de\/wp-json\/wp\/v2\/types\/page"}],"author":[{"embeddable":true,"href":"https:\/\/campingplatjallarga.com\/de\/wp-json\/wp\/v2\/users\/1"}],"replies":[{"embeddable":true,"href":"https:\/\/campingplatjallarga.com\/de\/wp-json\/wp\/v2\/comments?post=1354"}],"version-history":[{"count":1,"href":"https:\/\/campingplatjallarga.com\/de\/wp-json\/wp\/v2\/pages\/1354\/revisions"}],"predecessor-version":[{"id":1355,"href":"https:\/\/campingplatjallarga.com\/de\/wp-json\/wp\/v2\/pages\/1354\/revisions\/1355"}],"wp:attachment":[{"href":"https:\/\/campingplatjallarga.com\/de\/wp-json\/wp\/v2\/media?parent=1354"}],"curies":[{"name":"wp","href":"https:\/\/api.w.org\/{rel}","templated":true}]}}