{"id":2009,"date":"2025-08-14T11:46:07","date_gmt":"2025-08-14T09:46:07","guid":{"rendered":"https:\/\/campingplatjallarga.com\/normatives-del-camping\/"},"modified":"2025-08-14T11:47:27","modified_gmt":"2025-08-14T09:47:27","slug":"normatives-del-camping","status":"publish","type":"page","link":"https:\/\/campingplatjallarga.com\/ca\/normatives-del-camping\/","title":{"rendered":"Normatives del c\u00e0mping"},"content":{"rendered":"\n<p>\ud83c\udfd5\ufe0f Normes de Conviv\u00e8ncia i Pol\u00edtiques del C\u00e0mping Platja Llarga<br\/> Benvinguts al C\u00e0mping Platja Llarga!<br\/> Per garantir una estada segura, respectuosa i agradable per a tots, et demanem que llegeixis i segueixis les normes seg\u00fcents:<\/p>\n\n<p>\ud83d\udcc5 Horaris<br\/> \u2022\u2060 \u2060Check-in: A partir de les 15:00 h.<\/p>\n\n<p>\u2022\u2060 \u2060Check-out: Abans de les 12:00 h del dia de sortida.<\/p>\n\n<p>Per favor, respecta aquests horaris per facilitar l&#8217;organitzaci\u00f3 del c\u00e0mping i permetre la neteja correcta de parcel\u00b7les i bungalows.<\/p>\n\n<p>\ud83d\uded1 Conviv\u00e8ncia i silenci<br\/> \u2022\u2060 \u2060Queden terminantment prohibides les festes a la zona de parcel\u00b7les.<\/p>\n\n<p>\u2022\u2060 \u2060S&#8217;ha de respectar la zona de silenci des de les 00:00 h fins a les 08:00 h.<\/p>\n\n<p>\u2022\u2060 \u2060No est\u00e0 perm\u00e8s posar m\u00fasica a alt volum a les parcel\u00b7les o espais comuns.<\/p>\n\n<p>\u2022\u2060 \u2060Es prega mantenir el volum moderat en tot moment, fins i tot durant el dia.<\/p>\n\n<p>\ud83e\uddf9 Neteja i residus<br\/> \u2022\u2060 \u2060Cada hoste \u00e9s responsable de mantenir la seva parcel\u00b7la neta i ordenada.<\/p>\n\n<p>\u2022\u2060 \u2060Els residus s&#8217;han de dipositar als contenidors ubicats fora del terreny, al costat de la porta principal del c\u00e0mping.<\/p>\n\n<p>\u2022\u2060 \u2060No es permet abandonar escombraries ni deixalles en parcel\u00b7les, banys o zones comunes.<\/p>\n\n<p>\ud83c\udf33 Respecte per l&#8217;entorn<br\/> \u2022\u2060 \u2060Est\u00e0 prohibit talar arbres, tallar branques o fer malb\u00e9 la vegetaci\u00f3 del c\u00e0mping.<\/p>\n\n<p>\u2022\u2060 \u2060No es permet ocupar parcel\u00b7les contig\u00fces, encara que es trobin buides.<\/p>\n\n<p>\u2022\u2060 \u2060No est\u00e0 perm\u00e8s col\u00b7locar elements fora dels l\u00edmits de la parcel\u00b7la assignada (tendals, cordes, mobiliari, etc.).<\/p>\n\n<p>\ud83d\ude97 Tr\u00e0nsit i vehicles<br\/> \u2022\u2060 \u2060El l\u00edmit de velocitat dins del c\u00e0mping \u00e9s de 10 km\/h.<\/p>\n\n<p>\u2022\u2060 \u2060No es permet circular amb vehicles entre les 23:00 hi les 07:00 h.<\/p>\n\n<p>\u2022\u2060 \u2060El vehicle s&#8217;ha d&#8217;estacionar dins de la seva parcel\u00b7la oa les \u00e0rees habilitades per fer-ho.<\/p>\n\n<p>\ud83d\udd25 Seguretat<br\/> \u2022\u2060 \u2060No es permet encendre focs directament a terra. Nom\u00e9s es poden fer servir barbacoes autoritzades ia les zones designades. <\/p>\n\n<p>\u2022\u2060 \u2060Esteu prohibit l&#8217;\u00fas de generadors el\u00e8ctrics o qualsevol equip que generi sorolls molestos.<\/p>\n\n<p>\u2022\u2060 \u2060S&#8217;han de respectar les indicacions del personal del c\u00e0mping en tot moment.<\/p>\n\n<p>\ud83d\udc3e Mascotes<br\/> \u2022\u2060 \u2060Es permeten mascotes sempre que estiguin sota control del seu amo.<\/p>\n\n<p>\u2022\u2060 \u2060Han d&#8217;estar vigilades en tot moment dins del c\u00e0mping.<\/p>\n\n<p>\u2022\u2060 \u2060Els propietaris han de recollir els excrements de les seves mascotes i rebutjar-los als contenidors adequats.<\/p>\n\n<p>\ud83d\udcac Normes generals<br\/> \u2022\u2060 \u2060L&#8217;incompliment reiterat d&#8217;aquestes normes pot implicar l&#8217;expulsi\u00f3 immediata del c\u00e0mping sense dret a reemborsament.<\/p>\n\n<p>\u2022\u2060 \u2060El c\u00e0mping no es fa responsable per objectes personals perduts o robats.<\/p>\n\n<p>\u2022\u2060 \u2060Al formalitzar la teva entrada, acceptes aquestes normes i et comprometes a complir-les.<\/p>\n\n<p>Gr\u00e0cies per la vostra col\u00b7laboraci\u00f3.<br\/> Camping Platja Llarga us desitja una estada tranquil\u00b7la, segura i en harmonia amb la natura i la resta dels campistes.<\/p>\n","protected":false},"excerpt":{"rendered":"<p>\ud83c\udfd5\ufe0f Normes de Conviv\u00e8ncia i Pol\u00edtiques del C\u00e0mping Platja Llarga Benvinguts al C\u00e0mping Platja Llarga! Per garantir una estada segura, respectuosa i agradable per a tots, et demanem que llegeixis i segueixis les normes seg\u00fcents: \ud83d\udcc5 Horaris \u2022\u2060 \u2060Check-in: A partir de les 15:00 h. \u2022\u2060 \u2060Check-out: Abans de les 12:00 h del dia de [&hellip;]<\/p>\n","protected":false},"author":1,"featured_media":0,"parent":0,"menu_order":0,"comment_status":"closed","ping_status":"closed","template":"","meta":{"ocean_post_layout":"full-width","ocean_both_sidebars_style":"","ocean_both_sidebars_content_width":0,"ocean_both_sidebars_sidebars_width":0,"ocean_sidebar":"","ocean_second_sidebar":"","ocean_disable_margins":"enable","ocean_add_body_class":"","ocean_shortcode_before_top_bar":"","ocean_shortcode_after_top_bar":"","ocean_shortcode_before_header":"","ocean_shortcode_after_header":"","ocean_has_shortcode":"","ocean_shortcode_after_title":"","ocean_shortcode_before_footer_widgets":"","ocean_shortcode_after_footer_widgets":"","ocean_shortcode_before_footer_bottom":"","ocean_shortcode_after_footer_bottom":"","ocean_display_top_bar":"default","ocean_display_header":"on","ocean_header_style":"","ocean_center_header_left_menu":"","ocean_custom_header_template":"","ocean_custom_logo":0,"ocean_custom_retina_logo":0,"ocean_custom_logo_max_width":0,"ocean_custom_logo_tablet_max_width":0,"ocean_custom_logo_mobile_max_width":0,"ocean_custom_logo_max_height":0,"ocean_custom_logo_tablet_max_height":0,"ocean_custom_logo_mobile_max_height":0,"ocean_header_custom_menu":"","ocean_menu_typo_font_family":"","ocean_menu_typo_font_subset":"","ocean_menu_typo_font_size":0,"ocean_menu_typo_font_size_tablet":0,"ocean_menu_typo_font_size_mobile":0,"ocean_menu_typo_font_size_unit":"px","ocean_menu_typo_font_weight":"","ocean_menu_typo_font_weight_tablet":"","ocean_menu_typo_font_weight_mobile":"","ocean_menu_typo_transform":"","ocean_menu_typo_transform_tablet":"","ocean_menu_typo_transform_mobile":"","ocean_menu_typo_line_height":0,"ocean_menu_typo_line_height_tablet":0,"ocean_menu_typo_line_height_mobile":0,"ocean_menu_typo_line_height_unit":"","ocean_menu_typo_spacing":0,"ocean_menu_typo_spacing_tablet":0,"ocean_menu_typo_spacing_mobile":0,"ocean_menu_typo_spacing_unit":"","ocean_menu_link_color":"","ocean_menu_link_color_hover":"","ocean_menu_link_color_active":"","ocean_menu_link_background":"","ocean_menu_link_hover_background":"","ocean_menu_link_active_background":"","ocean_menu_social_links_bg":"","ocean_menu_social_hover_links_bg":"","ocean_menu_social_links_color":"","ocean_menu_social_hover_links_color":"","ocean_disable_title":"enable","ocean_disable_heading":"enable","ocean_post_title":"","ocean_post_subheading":"","ocean_post_title_style":"","ocean_post_title_background_color":"","ocean_post_title_background":0,"ocean_post_title_bg_image_position":"","ocean_post_title_bg_image_attachment":"","ocean_post_title_bg_image_repeat":"","ocean_post_title_bg_image_size":"","ocean_post_title_height":0,"ocean_post_title_bg_overlay":0.5,"ocean_post_title_bg_overlay_color":"","ocean_disable_breadcrumbs":"default","ocean_breadcrumbs_color":"","ocean_breadcrumbs_separator_color":"","ocean_breadcrumbs_links_color":"","ocean_breadcrumbs_links_hover_color":"","ocean_display_footer_widgets":"default","ocean_display_footer_bottom":"default","ocean_custom_footer_template":"","footnotes":""},"class_list":["post-2009","page","type-page","status-publish","hentry","entry"],"yoast_head":"<!-- This site is optimized with the Yoast SEO plugin v27.0 - https:\/\/yoast.com\/product\/yoast-seo-wordpress\/ -->\n<title>Normatives del c\u00e0mping - Camping Platja Llarga Tarragona<\/title>\n<meta name=\"robots\" content=\"index, follow, max-snippet:-1, max-image-preview:large, max-video-preview:-1\" \/>\n<link rel=\"canonical\" href=\"https:\/\/campingplatjallarga.com\/ca\/normatives-del-camping\/\" \/>\n<meta property=\"og:locale\" content=\"ca_ES\" \/>\n<meta property=\"og:type\" content=\"article\" \/>\n<meta property=\"og:title\" content=\"Normatives del c\u00e0mping - Camping Platja Llarga Tarragona\" \/>\n<meta property=\"og:description\" content=\"\ud83c\udfd5\ufe0f Normes de Conviv\u00e8ncia i Pol\u00edtiques del C\u00e0mping Platja Llarga Benvinguts al C\u00e0mping Platja Llarga! Per garantir una estada segura, respectuosa i agradable per a tots, et demanem que llegeixis i segueixis les normes seg\u00fcents: \ud83d\udcc5 Horaris \u2022\u2060 \u2060Check-in: A partir de les 15:00 h. \u2022\u2060 \u2060Check-out: Abans de les 12:00 h del dia de [&hellip;]\" \/>\n<meta property=\"og:url\" content=\"https:\/\/campingplatjallarga.com\/ca\/normatives-del-camping\/\" \/>\n<meta property=\"og:site_name\" content=\"Camping Platja Llarga Tarragona\" \/>\n<meta property=\"article:modified_time\" content=\"2025-08-14T09:47:27+00:00\" \/>\n<meta name=\"twitter:card\" content=\"summary_large_image\" \/>\n<meta name=\"twitter:label1\" content=\"Temps estimat de lectura\" \/>\n\t<meta name=\"twitter:data1\" content=\"2 minuts\" \/>\n<script type=\"application\/ld+json\" class=\"yoast-schema-graph\">{\"@context\":\"https:\/\/schema.org\",\"@graph\":[{\"@type\":\"WebPage\",\"@id\":\"https:\/\/campingplatjallarga.com\/ca\/normatives-del-camping\/\",\"url\":\"https:\/\/campingplatjallarga.com\/ca\/normatives-del-camping\/\",\"name\":\"Normatives del c\u00e0mping - Camping Platja Llarga Tarragona\",\"isPartOf\":{\"@id\":\"https:\/\/campingplatjallarga.com\/ca\/#website\"},\"datePublished\":\"2025-08-14T09:46:07+00:00\",\"dateModified\":\"2025-08-14T09:47:27+00:00\",\"breadcrumb\":{\"@id\":\"https:\/\/campingplatjallarga.com\/ca\/normatives-del-camping\/#breadcrumb\"},\"inLanguage\":\"ca\",\"potentialAction\":[{\"@type\":\"ReadAction\",\"target\":[\"https:\/\/campingplatjallarga.com\/ca\/normatives-del-camping\/\"]}]},{\"@type\":\"BreadcrumbList\",\"@id\":\"https:\/\/campingplatjallarga.com\/ca\/normatives-del-camping\/#breadcrumb\",\"itemListElement\":[{\"@type\":\"ListItem\",\"position\":1,\"name\":\"Portada\",\"item\":\"https:\/\/campingplatjallarga.com\/ca\/\"},{\"@type\":\"ListItem\",\"position\":2,\"name\":\"Normatives del c\u00e0mping\"}]},{\"@type\":\"WebSite\",\"@id\":\"https:\/\/campingplatjallarga.com\/ca\/#website\",\"url\":\"https:\/\/campingplatjallarga.com\/ca\/\",\"name\":\"Camping Platja Llarga Tarragona\",\"description\":\"Camping Platja Llarga en Tarragona: camping familiar frente al mar, rodeado de naturaleza, con acceso directo a la playa. Parcelas, bungalows y servicios ideales para tus vacaciones en la Costa Dorada.\",\"publisher\":{\"@id\":\"https:\/\/campingplatjallarga.com\/ca\/#organization\"},\"potentialAction\":[{\"@type\":\"SearchAction\",\"target\":{\"@type\":\"EntryPoint\",\"urlTemplate\":\"https:\/\/campingplatjallarga.com\/ca\/?s={search_term_string}\"},\"query-input\":{\"@type\":\"PropertyValueSpecification\",\"valueRequired\":true,\"valueName\":\"search_term_string\"}}],\"inLanguage\":\"ca\"},{\"@type\":\"Organization\",\"@id\":\"https:\/\/campingplatjallarga.com\/ca\/#organization\",\"name\":\"Camping Platja Llarga Tarragona\",\"url\":\"https:\/\/campingplatjallarga.com\/ca\/\",\"logo\":{\"@type\":\"ImageObject\",\"inLanguage\":\"ca\",\"@id\":\"https:\/\/campingplatjallarga.com\/ca\/#\/schema\/logo\/image\/\",\"url\":\"https:\/\/campingplatjallarga.com\/wp-content\/uploads\/2025\/07\/logo250-transparent.png\",\"contentUrl\":\"https:\/\/campingplatjallarga.com\/wp-content\/uploads\/2025\/07\/logo250-transparent.png\",\"width\":250,\"height\":250,\"caption\":\"Camping Platja Llarga Tarragona\"},\"image\":{\"@id\":\"https:\/\/campingplatjallarga.com\/ca\/#\/schema\/logo\/image\/\"},\"sameAs\":[\"https:\/\/www.instagram.com\/campingplatjallarga\/\"]}]}<\/script>\n<!-- \/ Yoast SEO plugin. -->","yoast_head_json":{"title":"Normatives del c\u00e0mping - Camping Platja Llarga Tarragona","robots":{"index":"index","follow":"follow","max-snippet":"max-snippet:-1","max-image-preview":"max-image-preview:large","max-video-preview":"max-video-preview:-1"},"canonical":"https:\/\/campingplatjallarga.com\/ca\/normatives-del-camping\/","og_locale":"ca_ES","og_type":"article","og_title":"Normatives del c\u00e0mping - Camping Platja Llarga Tarragona","og_description":"\ud83c\udfd5\ufe0f Normes de Conviv\u00e8ncia i Pol\u00edtiques del C\u00e0mping Platja Llarga Benvinguts al C\u00e0mping Platja Llarga! Per garantir una estada segura, respectuosa i agradable per a tots, et demanem que llegeixis i segueixis les normes seg\u00fcents: \ud83d\udcc5 Horaris \u2022\u2060 \u2060Check-in: A partir de les 15:00 h. \u2022\u2060 \u2060Check-out: Abans de les 12:00 h del dia de [&hellip;]","og_url":"https:\/\/campingplatjallarga.com\/ca\/normatives-del-camping\/","og_site_name":"Camping Platja Llarga Tarragona","article_modified_time":"2025-08-14T09:47:27+00:00","twitter_card":"summary_large_image","twitter_misc":{"Temps estimat de lectura":"2 minuts"},"schema":{"@context":"https:\/\/schema.org","@graph":[{"@type":"WebPage","@id":"https:\/\/campingplatjallarga.com\/ca\/normatives-del-camping\/","url":"https:\/\/campingplatjallarga.com\/ca\/normatives-del-camping\/","name":"Normatives del c\u00e0mping - Camping Platja Llarga Tarragona","isPartOf":{"@id":"https:\/\/campingplatjallarga.com\/ca\/#website"},"datePublished":"2025-08-14T09:46:07+00:00","dateModified":"2025-08-14T09:47:27+00:00","breadcrumb":{"@id":"https:\/\/campingplatjallarga.com\/ca\/normatives-del-camping\/#breadcrumb"},"inLanguage":"ca","potentialAction":[{"@type":"ReadAction","target":["https:\/\/campingplatjallarga.com\/ca\/normatives-del-camping\/"]}]},{"@type":"BreadcrumbList","@id":"https:\/\/campingplatjallarga.com\/ca\/normatives-del-camping\/#breadcrumb","itemListElement":[{"@type":"ListItem","position":1,"name":"Portada","item":"https:\/\/campingplatjallarga.com\/ca\/"},{"@type":"ListItem","position":2,"name":"Normatives del c\u00e0mping"}]},{"@type":"WebSite","@id":"https:\/\/campingplatjallarga.com\/ca\/#website","url":"https:\/\/campingplatjallarga.com\/ca\/","name":"Camping Platja Llarga Tarragona","description":"Camping Platja Llarga en Tarragona: camping familiar frente al mar, rodeado de naturaleza, con acceso directo a la playa. Parcelas, bungalows y servicios ideales para tus vacaciones en la Costa Dorada.","publisher":{"@id":"https:\/\/campingplatjallarga.com\/ca\/#organization"},"potentialAction":[{"@type":"SearchAction","target":{"@type":"EntryPoint","urlTemplate":"https:\/\/campingplatjallarga.com\/ca\/?s={search_term_string}"},"query-input":{"@type":"PropertyValueSpecification","valueRequired":true,"valueName":"search_term_string"}}],"inLanguage":"ca"},{"@type":"Organization","@id":"https:\/\/campingplatjallarga.com\/ca\/#organization","name":"Camping Platja Llarga Tarragona","url":"https:\/\/campingplatjallarga.com\/ca\/","logo":{"@type":"ImageObject","inLanguage":"ca","@id":"https:\/\/campingplatjallarga.com\/ca\/#\/schema\/logo\/image\/","url":"https:\/\/campingplatjallarga.com\/wp-content\/uploads\/2025\/07\/logo250-transparent.png","contentUrl":"https:\/\/campingplatjallarga.com\/wp-content\/uploads\/2025\/07\/logo250-transparent.png","width":250,"height":250,"caption":"Camping Platja Llarga Tarragona"},"image":{"@id":"https:\/\/campingplatjallarga.com\/ca\/#\/schema\/logo\/image\/"},"sameAs":["https:\/\/www.instagram.com\/campingplatjallarga\/"]}]}},"_links":{"self":[{"href":"https:\/\/campingplatjallarga.com\/ca\/wp-json\/wp\/v2\/pages\/2009","targetHints":{"allow":["GET"]}}],"collection":[{"href":"https:\/\/campingplatjallarga.com\/ca\/wp-json\/wp\/v2\/pages"}],"about":[{"href":"https:\/\/campingplatjallarga.com\/ca\/wp-json\/wp\/v2\/types\/page"}],"author":[{"embeddable":true,"href":"https:\/\/campingplatjallarga.com\/ca\/wp-json\/wp\/v2\/users\/1"}],"replies":[{"embeddable":true,"href":"https:\/\/campingplatjallarga.com\/ca\/wp-json\/wp\/v2\/comments?post=2009"}],"version-history":[{"count":1,"href":"https:\/\/campingplatjallarga.com\/ca\/wp-json\/wp\/v2\/pages\/2009\/revisions"}],"predecessor-version":[{"id":2010,"href":"https:\/\/campingplatjallarga.com\/ca\/wp-json\/wp\/v2\/pages\/2009\/revisions\/2010"}],"wp:attachment":[{"href":"https:\/\/campingplatjallarga.com\/ca\/wp-json\/wp\/v2\/media?parent=2009"}],"curies":[{"name":"wp","href":"https:\/\/api.w.org\/{rel}","templated":true}]}}