{"id":1365,"date":"2025-07-16T15:29:35","date_gmt":"2025-07-16T13:29:35","guid":{"rendered":"https:\/\/blamark.com\/campingplatjallarga\/tarifes\/"},"modified":"2025-09-15T12:46:32","modified_gmt":"2025-09-15T10:46:32","slug":"tarifes","status":"publish","type":"page","link":"https:\/\/campingplatjallarga.com\/ca\/tarifes\/","title":{"rendered":"Tarifes"},"content":{"rendered":"\n<h2 class=\"wp-block-heading has-x-large-font-size\">Tarifes de parcel\u00b7les  <\/h2>\n\n<p class=\"has-large-font-size\">Temporada 2025<\/p>\n\n<p><em>Preus per nit (parcel\u00b7la amb 2 persones)<\/em><\/p>\n\n<figure class=\"wp-block-table\"><table class=\"has-fixed-layout\"><thead><tr><th><strong>Temporada<\/strong><\/th><th><strong>Preu parcel\u00b7la<\/strong><\/th><th><strong>Electricitat<\/strong><\/th><th><strong>Suplements<\/strong><\/th><\/tr><\/thead><tbody><tr><td><strong>Temporada Hivern<\/strong><\/td><td>15 \u20ac<\/td><td>+7 \u20ac<\/td><td>Persona extra (des de 4 anys): 5 \u20ac\/nit<\/td><\/tr><tr><td><strong>Temporada Baixa<\/strong><\/td><td>23 \u20ac<\/td><td>+7 \u20ac<\/td><td>Persona extra (des de 4 anys): 5 \u20ac\/nit<\/td><\/tr><tr><td><strong>Temporada Mitjana<\/strong><\/td><td>27 \u20ac<\/td><td>+7 \u20ac<\/td><td>Persona extra (des de 4 anys): 5 \u20ac\/nit<\/td><\/tr><tr><td><strong>Especial Juliol<\/strong><\/td><td>37 \u20ac<\/td><td>+7 \u20ac<\/td><td>Persona extra: 10 \u20ac\/nit<br\/> Cotxe addicional: 10 \u20ac\/nit<\/td><\/tr><tr><td><strong>Temporada Alta<\/strong><\/td><td>45 \u20ac<\/td><td>+7 \u20ac<\/td><td>Persona extra: 10 \u20ac\/nit<br\/> Cotxe addicional: 10 \u20ac\/nit<\/td><\/tr><\/tbody><\/table><\/figure>\n\n<hr class=\"wp-block-separator has-alpha-channel-opacity\"\/>\n\n<h3 class=\"wp-block-heading\">\ud83e\uddfe Detalls importants<\/h3>\n\n<ul class=\"wp-block-list\">\n<li>Tots els preus inclouen <strong>2 persones per parcel\u00b7la<\/strong><\/li>\n\n\n\n<li><strong>Xiquets\/es menors de 4 anys: gratis<\/strong><\/li>\n\n\n\n<li><strong>Persona addicional<\/strong> a partir de 4 anys:<br\/> \u2013 5 \u20ac\/nit<br\/> \u2013 10 \u20ac\/nit en temporada especial juliol i alta<\/li>\n\n\n\n<li><strong>Electricitat<\/strong> suplement de 7 \u20ac<\/li>\n\n\n\n<li><strong>Vehicle addicional<\/strong> : 10 \u20ac\/nit (nom\u00e9s en Especial Juliol i Alta)<\/li>\n<\/ul>\n\n<hr class=\"wp-block-separator has-alpha-channel-opacity\"\/>\n\n<h3 class=\"wp-block-heading\">\ud83d\udd52 Horaris<\/h3>\n\n<ul class=\"wp-block-list\">\n<li><strong>Check-in<\/strong> : a partir de les 14:00 h<\/li>\n\n\n\n<li><strong>Check-out<\/strong> : abans de les 12:00 h<\/li>\n<\/ul>\n\n<h2 class=\"wp-block-heading has-x-large-font-size\">Tarifes de bungalous  <\/h2>\n\n<p class=\"has-large-font-size\">Temporada 2025<\/p>\n\n<p><em>Preus per nit, segons temporada i capacitat<\/em><\/p>\n\n<figure class=\"wp-block-table\"><table class=\"has-fixed-layout\"><thead><tr><th><strong>Tipus de bungalou<\/strong><\/th><th><strong>Capacitat<\/strong><\/th><th><strong>Resta de l\u00b4any<\/strong><\/th><th><strong>Especial Juliol i agost<\/strong><\/th><\/tr><\/thead><tbody><tr><td><strong>Bungalow Petit<\/strong><\/td><td>Fins a 4 persones<\/td><td>110 \u20ac<\/td><td>120 \u20ac<\/td><\/tr><tr><td><strong>Bungalow Mitj\u00e0<\/strong><\/td><td>Fins a 6 persones<\/td><td>120 \u20ac<\/td><td>130 \u20ac<\/td><\/tr><tr><td><strong>Bungalow Gran<\/strong><\/td><td>Fins a 6 persones<\/td><td>130 \u20ac<\/td><td>150\u20ac<\/td><\/tr><\/tbody><\/table><\/figure>\n\n<blockquote class=\"wp-block-quote is-layout-flow wp-block-quote-is-layout-flow\">\n<p><em>(Preus orientatius: substitueix els imports si tens els valors exactes)<\/em><\/p>\n<\/blockquote>\n\n<hr class=\"wp-block-separator has-alpha-channel-opacity\"\/>\n\n<h3 class=\"wp-block-heading\">\u2139\ufe0f Informaci\u00f3 addicional<\/h3>\n\n<ul class=\"wp-block-list\">\n<li><strong>Estada m\u00ednima<\/strong> :<br\/> \u2013 2 nits en temporada baixa i mitjana<br\/> \u2013 4 nits a Especial Juliol i Alta<\/li>\n\n\n\n<li><strong>Inclou<\/strong> : allotjament complet, \u00fas d\u00b4instal\u00b7lacions, 1 pla\u00e7a d\u00b4aparcament i Wi\u2011Fi gratu\u00eft<\/li>\n\n\n\n<li><strong>No inclou<\/strong> : Taxa tur\u00edstica (s&#8217;abona a recepci\u00f3). Llen\u00e7ols, en cas de necessitar-los cal sol\u00b7licitar-los amb antelaci\u00f3 a l&#8217;arribada per un preu de 35 euros addicionals al total de la reserva. <\/li>\n\n\n\n<li><strong>Hora d&#8217;entrada<\/strong> : a partir de les 15:00h fins a les 20:00h, preguem aviseu si arriben fora d&#8217;aquest horari.<\/li>\n\n\n\n<li><strong>Hora de sortida<\/strong> : abans de les 11:00 h<\/li>\n<\/ul>\n\n<hr class=\"wp-block-separator has-alpha-channel-opacity\"\/>\n\n<h3 class=\"wp-block-heading\">\ud83e\uddfe Suplements i condicions<\/h3>\n\n<ul class=\"wp-block-list\">\n<li>Persona addicional: nom\u00e9s a bungalow gran (consultar disponibilitat)<\/li>\n\n\n\n<li>Bressol o llit supletori: a petici\u00f3 (pot generar suplement)<\/li>\n\n\n\n<li>Mascotes: no permeses en bungalous<\/li>\n\n\n\n<li>Neteja final: inclosa, sempre que es torni el bungalou en condicions adequades<\/li>\n<\/ul>\n\n<div class=\"wp-block-cover alignfull\"><span aria-hidden=\"true\" class=\"wp-block-cover__background has-vivid-cyan-blue-background-color has-background-dim-100 has-background-dim\"><\/span><div class=\"wp-block-cover__inner-container is-layout-constrained wp-block-cover-is-layout-constrained\">\n<p class=\"has-text-align-center has-white-color has-text-color has-link-color has-large-font-size wp-elements-b79e199e2efef936db74ae3ef14faa04\"><strong>Reserves de llarga estada<\/strong><\/p>\n\n\n\n<p class=\"has-text-align-center has-medium-font-size\">Si est\u00e0s interessat en una estada perllongada a Camping Platja Llarga, oferim opcions especials adaptades a les teves necessitats.<\/p>\n\n\n\n<p class=\"has-text-align-center has-small-font-size\"><em>Per a cotitzacions personalitzades i m\u00e9s informaci\u00f3, contacta&#8217;ns per correu a:<\/em><\/p>\n\n\n\n<p class=\"has-text-align-center has-white-color has-text-color has-link-color has-medium-font-size wp-elements-3c6a6b3e3e2aee27874c8ca1c3c17acc\"><strong><a href=\"mailto:info@campingplatjallarga.com\">info@campingplatjallarga.com<\/a><\/strong><\/p>\n<\/div><\/div>\n","protected":false},"excerpt":{"rendered":"<p>Tarifes de parcel\u00b7les Temporada 2025 Preus per nit (parcel\u00b7la amb 2 persones) Temporada Preu parcel\u00b7la Electricitat Suplements Temporada Hivern 15 \u20ac +7 \u20ac Persona extra (des de 4 anys): 5 \u20ac\/nit Temporada Baixa 23 \u20ac +7 \u20ac Persona extra (des de 4 anys): 5 \u20ac\/nit Temporada Mitjana 27 \u20ac +7 \u20ac Persona extra (des de [&hellip;]<\/p>\n","protected":false},"author":1,"featured_media":0,"parent":0,"menu_order":0,"comment_status":"closed","ping_status":"closed","template":"","meta":{"ocean_post_layout":"","ocean_both_sidebars_style":"","ocean_both_sidebars_content_width":0,"ocean_both_sidebars_sidebars_width":0,"ocean_sidebar":"","ocean_second_sidebar":"","ocean_disable_margins":"enable","ocean_add_body_class":"","ocean_shortcode_before_top_bar":"","ocean_shortcode_after_top_bar":"","ocean_shortcode_before_header":"","ocean_shortcode_after_header":"","ocean_has_shortcode":"","ocean_shortcode_after_title":"","ocean_shortcode_before_footer_widgets":"","ocean_shortcode_after_footer_widgets":"","ocean_shortcode_before_footer_bottom":"","ocean_shortcode_after_footer_bottom":"","ocean_display_top_bar":"default","ocean_display_header":"default","ocean_header_style":"","ocean_center_header_left_menu":"","ocean_custom_header_template":"","ocean_custom_logo":0,"ocean_custom_retina_logo":0,"ocean_custom_logo_max_width":0,"ocean_custom_logo_tablet_max_width":0,"ocean_custom_logo_mobile_max_width":0,"ocean_custom_logo_max_height":0,"ocean_custom_logo_tablet_max_height":0,"ocean_custom_logo_mobile_max_height":0,"ocean_header_custom_menu":"","ocean_menu_typo_font_family":"","ocean_menu_typo_font_subset":"","ocean_menu_typo_font_size":0,"ocean_menu_typo_font_size_tablet":0,"ocean_menu_typo_font_size_mobile":0,"ocean_menu_typo_font_size_unit":"px","ocean_menu_typo_font_weight":"","ocean_menu_typo_font_weight_tablet":"","ocean_menu_typo_font_weight_mobile":"","ocean_menu_typo_transform":"","ocean_menu_typo_transform_tablet":"","ocean_menu_typo_transform_mobile":"","ocean_menu_typo_line_height":0,"ocean_menu_typo_line_height_tablet":0,"ocean_menu_typo_line_height_mobile":0,"ocean_menu_typo_line_height_unit":"","ocean_menu_typo_spacing":0,"ocean_menu_typo_spacing_tablet":0,"ocean_menu_typo_spacing_mobile":0,"ocean_menu_typo_spacing_unit":"","ocean_menu_link_color":"","ocean_menu_link_color_hover":"","ocean_menu_link_color_active":"","ocean_menu_link_background":"","ocean_menu_link_hover_background":"","ocean_menu_link_active_background":"","ocean_menu_social_links_bg":"","ocean_menu_social_hover_links_bg":"","ocean_menu_social_links_color":"","ocean_menu_social_hover_links_color":"","ocean_disable_title":"default","ocean_disable_heading":"default","ocean_post_title":"","ocean_post_subheading":"","ocean_post_title_style":"","ocean_post_title_background_color":"","ocean_post_title_background":0,"ocean_post_title_bg_image_position":"","ocean_post_title_bg_image_attachment":"","ocean_post_title_bg_image_repeat":"","ocean_post_title_bg_image_size":"","ocean_post_title_height":0,"ocean_post_title_bg_overlay":0.5,"ocean_post_title_bg_overlay_color":"","ocean_disable_breadcrumbs":"default","ocean_breadcrumbs_color":"","ocean_breadcrumbs_separator_color":"","ocean_breadcrumbs_links_color":"","ocean_breadcrumbs_links_hover_color":"","ocean_display_footer_widgets":"default","ocean_display_footer_bottom":"default","ocean_custom_footer_template":"","footnotes":""},"class_list":["post-1365","page","type-page","status-publish","hentry","entry"],"yoast_head":"<!-- This site is optimized with the Yoast SEO plugin v27.0 - https:\/\/yoast.com\/product\/yoast-seo-wordpress\/ -->\n<title>Tarifes - Camping Platja Llarga Tarragona<\/title>\n<meta name=\"robots\" content=\"index, follow, max-snippet:-1, max-image-preview:large, max-video-preview:-1\" \/>\n<link rel=\"canonical\" href=\"https:\/\/campingplatjallarga.com\/ca\/tarifes\/\" \/>\n<meta property=\"og:locale\" content=\"ca_ES\" \/>\n<meta property=\"og:type\" content=\"article\" \/>\n<meta property=\"og:title\" content=\"Tarifes - Camping Platja Llarga Tarragona\" \/>\n<meta property=\"og:description\" content=\"Tarifes de parcel\u00b7les Temporada 2025 Preus per nit (parcel\u00b7la amb 2 persones) Temporada Preu parcel\u00b7la Electricitat Suplements Temporada Hivern 15 \u20ac +7 \u20ac Persona extra (des de 4 anys): 5 \u20ac\/nit Temporada Baixa 23 \u20ac +7 \u20ac Persona extra (des de 4 anys): 5 \u20ac\/nit Temporada Mitjana 27 \u20ac +7 \u20ac Persona extra (des de [&hellip;]\" \/>\n<meta property=\"og:url\" content=\"https:\/\/campingplatjallarga.com\/ca\/tarifes\/\" \/>\n<meta property=\"og:site_name\" content=\"Camping Platja Llarga Tarragona\" \/>\n<meta property=\"article:modified_time\" content=\"2025-09-15T10:46:32+00:00\" \/>\n<meta name=\"twitter:card\" content=\"summary_large_image\" \/>\n<meta name=\"twitter:label1\" content=\"Temps estimat de lectura\" \/>\n\t<meta name=\"twitter:data1\" content=\"2 minuts\" \/>\n<script type=\"application\/ld+json\" class=\"yoast-schema-graph\">{\"@context\":\"https:\/\/schema.org\",\"@graph\":[{\"@type\":\"WebPage\",\"@id\":\"https:\/\/campingplatjallarga.com\/ca\/tarifes\/\",\"url\":\"https:\/\/campingplatjallarga.com\/ca\/tarifes\/\",\"name\":\"Tarifes - Camping Platja Llarga Tarragona\",\"isPartOf\":{\"@id\":\"https:\/\/campingplatjallarga.com\/ca\/#website\"},\"datePublished\":\"2025-07-16T13:29:35+00:00\",\"dateModified\":\"2025-09-15T10:46:32+00:00\",\"breadcrumb\":{\"@id\":\"https:\/\/campingplatjallarga.com\/ca\/tarifes\/#breadcrumb\"},\"inLanguage\":\"ca\",\"potentialAction\":[{\"@type\":\"ReadAction\",\"target\":[\"https:\/\/campingplatjallarga.com\/ca\/tarifes\/\"]}]},{\"@type\":\"BreadcrumbList\",\"@id\":\"https:\/\/campingplatjallarga.com\/ca\/tarifes\/#breadcrumb\",\"itemListElement\":[{\"@type\":\"ListItem\",\"position\":1,\"name\":\"Portada\",\"item\":\"https:\/\/campingplatjallarga.com\/ca\/\"},{\"@type\":\"ListItem\",\"position\":2,\"name\":\"Tarifes\"}]},{\"@type\":\"WebSite\",\"@id\":\"https:\/\/campingplatjallarga.com\/ca\/#website\",\"url\":\"https:\/\/campingplatjallarga.com\/ca\/\",\"name\":\"Camping Platja Llarga Tarragona\",\"description\":\"Camping Platja Llarga en Tarragona: camping familiar frente al mar, rodeado de naturaleza, con acceso directo a la playa. Parcelas, bungalows y servicios ideales para tus vacaciones en la Costa Dorada.\",\"publisher\":{\"@id\":\"https:\/\/campingplatjallarga.com\/ca\/#organization\"},\"potentialAction\":[{\"@type\":\"SearchAction\",\"target\":{\"@type\":\"EntryPoint\",\"urlTemplate\":\"https:\/\/campingplatjallarga.com\/ca\/?s={search_term_string}\"},\"query-input\":{\"@type\":\"PropertyValueSpecification\",\"valueRequired\":true,\"valueName\":\"search_term_string\"}}],\"inLanguage\":\"ca\"},{\"@type\":\"Organization\",\"@id\":\"https:\/\/campingplatjallarga.com\/ca\/#organization\",\"name\":\"Camping Platja Llarga Tarragona\",\"url\":\"https:\/\/campingplatjallarga.com\/ca\/\",\"logo\":{\"@type\":\"ImageObject\",\"inLanguage\":\"ca\",\"@id\":\"https:\/\/campingplatjallarga.com\/ca\/#\/schema\/logo\/image\/\",\"url\":\"https:\/\/campingplatjallarga.com\/wp-content\/uploads\/2025\/07\/logo250-transparent.png\",\"contentUrl\":\"https:\/\/campingplatjallarga.com\/wp-content\/uploads\/2025\/07\/logo250-transparent.png\",\"width\":250,\"height\":250,\"caption\":\"Camping Platja Llarga Tarragona\"},\"image\":{\"@id\":\"https:\/\/campingplatjallarga.com\/ca\/#\/schema\/logo\/image\/\"},\"sameAs\":[\"https:\/\/www.instagram.com\/campingplatjallarga\/\"]}]}<\/script>\n<!-- \/ Yoast SEO plugin. -->","yoast_head_json":{"title":"Tarifes - Camping Platja Llarga Tarragona","robots":{"index":"index","follow":"follow","max-snippet":"max-snippet:-1","max-image-preview":"max-image-preview:large","max-video-preview":"max-video-preview:-1"},"canonical":"https:\/\/campingplatjallarga.com\/ca\/tarifes\/","og_locale":"ca_ES","og_type":"article","og_title":"Tarifes - Camping Platja Llarga Tarragona","og_description":"Tarifes de parcel\u00b7les Temporada 2025 Preus per nit (parcel\u00b7la amb 2 persones) Temporada Preu parcel\u00b7la Electricitat Suplements Temporada Hivern 15 \u20ac +7 \u20ac Persona extra (des de 4 anys): 5 \u20ac\/nit Temporada Baixa 23 \u20ac +7 \u20ac Persona extra (des de 4 anys): 5 \u20ac\/nit Temporada Mitjana 27 \u20ac +7 \u20ac Persona extra (des de [&hellip;]","og_url":"https:\/\/campingplatjallarga.com\/ca\/tarifes\/","og_site_name":"Camping Platja Llarga Tarragona","article_modified_time":"2025-09-15T10:46:32+00:00","twitter_card":"summary_large_image","twitter_misc":{"Temps estimat de lectura":"2 minuts"},"schema":{"@context":"https:\/\/schema.org","@graph":[{"@type":"WebPage","@id":"https:\/\/campingplatjallarga.com\/ca\/tarifes\/","url":"https:\/\/campingplatjallarga.com\/ca\/tarifes\/","name":"Tarifes - Camping Platja Llarga Tarragona","isPartOf":{"@id":"https:\/\/campingplatjallarga.com\/ca\/#website"},"datePublished":"2025-07-16T13:29:35+00:00","dateModified":"2025-09-15T10:46:32+00:00","breadcrumb":{"@id":"https:\/\/campingplatjallarga.com\/ca\/tarifes\/#breadcrumb"},"inLanguage":"ca","potentialAction":[{"@type":"ReadAction","target":["https:\/\/campingplatjallarga.com\/ca\/tarifes\/"]}]},{"@type":"BreadcrumbList","@id":"https:\/\/campingplatjallarga.com\/ca\/tarifes\/#breadcrumb","itemListElement":[{"@type":"ListItem","position":1,"name":"Portada","item":"https:\/\/campingplatjallarga.com\/ca\/"},{"@type":"ListItem","position":2,"name":"Tarifes"}]},{"@type":"WebSite","@id":"https:\/\/campingplatjallarga.com\/ca\/#website","url":"https:\/\/campingplatjallarga.com\/ca\/","name":"Camping Platja Llarga Tarragona","description":"Camping Platja Llarga en Tarragona: camping familiar frente al mar, rodeado de naturaleza, con acceso directo a la playa. Parcelas, bungalows y servicios ideales para tus vacaciones en la Costa Dorada.","publisher":{"@id":"https:\/\/campingplatjallarga.com\/ca\/#organization"},"potentialAction":[{"@type":"SearchAction","target":{"@type":"EntryPoint","urlTemplate":"https:\/\/campingplatjallarga.com\/ca\/?s={search_term_string}"},"query-input":{"@type":"PropertyValueSpecification","valueRequired":true,"valueName":"search_term_string"}}],"inLanguage":"ca"},{"@type":"Organization","@id":"https:\/\/campingplatjallarga.com\/ca\/#organization","name":"Camping Platja Llarga Tarragona","url":"https:\/\/campingplatjallarga.com\/ca\/","logo":{"@type":"ImageObject","inLanguage":"ca","@id":"https:\/\/campingplatjallarga.com\/ca\/#\/schema\/logo\/image\/","url":"https:\/\/campingplatjallarga.com\/wp-content\/uploads\/2025\/07\/logo250-transparent.png","contentUrl":"https:\/\/campingplatjallarga.com\/wp-content\/uploads\/2025\/07\/logo250-transparent.png","width":250,"height":250,"caption":"Camping Platja Llarga Tarragona"},"image":{"@id":"https:\/\/campingplatjallarga.com\/ca\/#\/schema\/logo\/image\/"},"sameAs":["https:\/\/www.instagram.com\/campingplatjallarga\/"]}]}},"_links":{"self":[{"href":"https:\/\/campingplatjallarga.com\/ca\/wp-json\/wp\/v2\/pages\/1365","targetHints":{"allow":["GET"]}}],"collection":[{"href":"https:\/\/campingplatjallarga.com\/ca\/wp-json\/wp\/v2\/pages"}],"about":[{"href":"https:\/\/campingplatjallarga.com\/ca\/wp-json\/wp\/v2\/types\/page"}],"author":[{"embeddable":true,"href":"https:\/\/campingplatjallarga.com\/ca\/wp-json\/wp\/v2\/users\/1"}],"replies":[{"embeddable":true,"href":"https:\/\/campingplatjallarga.com\/ca\/wp-json\/wp\/v2\/comments?post=1365"}],"version-history":[{"count":9,"href":"https:\/\/campingplatjallarga.com\/ca\/wp-json\/wp\/v2\/pages\/1365\/revisions"}],"predecessor-version":[{"id":2069,"href":"https:\/\/campingplatjallarga.com\/ca\/wp-json\/wp\/v2\/pages\/1365\/revisions\/2069"}],"wp:attachment":[{"href":"https:\/\/campingplatjallarga.com\/ca\/wp-json\/wp\/v2\/media?parent=1365"}],"curies":[{"name":"wp","href":"https:\/\/api.w.org\/{rel}","templated":true}]}}