{"id":1360,"date":"2025-07-16T15:24:22","date_gmt":"2025-07-16T13:24:22","guid":{"rendered":"https:\/\/blamark.com\/campingplatjallarga\/politica-de-cancellacio\/"},"modified":"2025-07-16T15:28:58","modified_gmt":"2025-07-16T13:28:58","slug":"politica-de-cancellacio","status":"publish","type":"page","link":"https:\/\/campingplatjallarga.com\/ca\/politica-de-cancellacio\/","title":{"rendered":"Pol\u00edtica de cancel\u00b7laci\u00f3"},"content":{"rendered":"\n<p>Per garantir la vostra reserva, es requereix l&#8217;abonament previ del <strong>40 % de l&#8217;import total<\/strong> de l&#8217;estada o servei contractat. Aquest pagament actua com a senyal de confirmaci\u00f3 i valida de manera definitiva la reserva. <\/p>\n\n<h3 class=\"wp-block-heading\">Condicions de cancel\u00b7laci\u00f3<\/h3>\n\n<h4 class=\"wp-block-heading\">\u2705 Cancel\u00b7lacions amb m\u00e9s de 15 dies d&#8217;antelaci\u00f3<\/h4>\n\n<p>Si cancel\u00b7leu la reserva amb m\u00e9s de 15 dies d&#8217;antelaci\u00f3 a la data d&#8217;arribada, es retornar\u00e0 el <strong>50% de l&#8217;import abonat<\/strong> en concepte de paga i senyal. Aquest import representa el 20% del total de la reserva. La resta no ser\u00e0 reemborsable.  <\/p>\n\n<h4 class=\"wp-block-heading\">\u26a0\ufe0f Cancel\u00b7lacions entre 14 i 0 dies abans de l&#8217;arribada<\/h4>\n\n<p>Si la cancel\u00b7laci\u00f3 es fa <strong>amb 14 dies o menys d&#8217;antelaci\u00f3<\/strong> , no es far\u00e0 cap reemborsament. Es retindr\u00e0 la totalitat de limport abonat (el 40 % del total de la reserva). <\/p>\n\n<h4 class=\"wp-block-heading\">\u274c No presentaci\u00f3 (no xou)<\/h4>\n\n<p>En cas de no presentar-se el dia previst d&#8217;arribada i sense previ av\u00eds, <strong>la reserva quedar\u00e0 cancel\u00b7lada autom\u00e0ticament<\/strong> i es perdr\u00e0 la totalitat de l&#8217;import abonat.<\/p>\n\n<hr class=\"wp-block-separator has-alpha-channel-opacity\"\/>\n\n<h3 class=\"wp-block-heading\">\ud83d\udcdd Modificacions de reserva<\/h3>\n\n<p>Qualsevol canvi a les dates de la reserva estar\u00e0 subjecte a disponibilitat i podria implicar una variaci\u00f3 en el preu. En cas de modificaci\u00f3, s&#8217;aplicaran les mateixes condicions de cancel\u00b7laci\u00f3 sobre la data confirmada nova. <\/p>\n\n<hr class=\"wp-block-separator has-alpha-channel-opacity\"\/>\n\n<h3 class=\"wp-block-heading\">\ud83c\udf2a Cancel\u00b7lacions per causa de for\u00e7a major<\/h3>\n\n<p>En situacions excepcionals i degudament justificades (com a malaltia greu o restriccions oficials de mobilitat), la direcci\u00f3 es reserva el dret de valorar cada cas de manera individual. <\/p>\n\n<hr class=\"wp-block-separator has-alpha-channel-opacity\"\/>\n\n<h3 class=\"wp-block-heading\">\ud83d\udcec Com cancel\u00b7lar una reserva<\/h3>\n\n<p>Les sol\u00b7licituds de cancel\u00b7laci\u00f3 s&#8217;hauran de fer <strong>per escrit<\/strong> , enviant un correu electr\u00f2nic a:<br\/> \ud83d\udce9 <a class=\"\" href=\"mailto:info@campingplatjallarga.com\">info@campingplatjallarga.com<\/a><\/p>\n\n<p>Tamb\u00e9 ens pot contactar per tel\u00e8fon:<br\/> \ud83d\udcde +34 669 03 00 03 \/ 613 920 715<\/p>\n\n<p>La <strong>data de recepci\u00f3 de la sol\u00b7licitud<\/strong> ser\u00e0 la que es tindr\u00e0 en compte per aplicar les condicions corresponents.<\/p>\n","protected":false},"excerpt":{"rendered":"<p>Per garantir la vostra reserva, es requereix l&#8217;abonament previ del 40 % de l&#8217;import total de l&#8217;estada o servei contractat. Aquest pagament actua com a senyal de confirmaci\u00f3 i valida de manera definitiva la reserva. Condicions de cancel\u00b7laci\u00f3 \u2705 Cancel\u00b7lacions amb m\u00e9s de 15 dies d&#8217;antelaci\u00f3 Si cancel\u00b7leu la reserva amb m\u00e9s de 15 dies [&hellip;]<\/p>\n","protected":false},"author":1,"featured_media":0,"parent":0,"menu_order":0,"comment_status":"closed","ping_status":"closed","template":"","meta":{"ocean_post_layout":"both-sidebars","ocean_both_sidebars_style":"","ocean_both_sidebars_content_width":0,"ocean_both_sidebars_sidebars_width":0,"ocean_sidebar":"","ocean_second_sidebar":"","ocean_disable_margins":"enable","ocean_add_body_class":"","ocean_shortcode_before_top_bar":"","ocean_shortcode_after_top_bar":"","ocean_shortcode_before_header":"","ocean_shortcode_after_header":"","ocean_has_shortcode":"","ocean_shortcode_after_title":"","ocean_shortcode_before_footer_widgets":"","ocean_shortcode_after_footer_widgets":"","ocean_shortcode_before_footer_bottom":"","ocean_shortcode_after_footer_bottom":"","ocean_display_top_bar":"default","ocean_display_header":"default","ocean_header_style":"","ocean_center_header_left_menu":"","ocean_custom_header_template":"","ocean_custom_logo":0,"ocean_custom_retina_logo":0,"ocean_custom_logo_max_width":0,"ocean_custom_logo_tablet_max_width":0,"ocean_custom_logo_mobile_max_width":0,"ocean_custom_logo_max_height":0,"ocean_custom_logo_tablet_max_height":0,"ocean_custom_logo_mobile_max_height":0,"ocean_header_custom_menu":"","ocean_menu_typo_font_family":"","ocean_menu_typo_font_subset":"","ocean_menu_typo_font_size":0,"ocean_menu_typo_font_size_tablet":0,"ocean_menu_typo_font_size_mobile":0,"ocean_menu_typo_font_size_unit":"px","ocean_menu_typo_font_weight":"","ocean_menu_typo_font_weight_tablet":"","ocean_menu_typo_font_weight_mobile":"","ocean_menu_typo_transform":"","ocean_menu_typo_transform_tablet":"","ocean_menu_typo_transform_mobile":"","ocean_menu_typo_line_height":0,"ocean_menu_typo_line_height_tablet":0,"ocean_menu_typo_line_height_mobile":0,"ocean_menu_typo_line_height_unit":"","ocean_menu_typo_spacing":0,"ocean_menu_typo_spacing_tablet":0,"ocean_menu_typo_spacing_mobile":0,"ocean_menu_typo_spacing_unit":"","ocean_menu_link_color":"","ocean_menu_link_color_hover":"","ocean_menu_link_color_active":"","ocean_menu_link_background":"","ocean_menu_link_hover_background":"","ocean_menu_link_active_background":"","ocean_menu_social_links_bg":"","ocean_menu_social_hover_links_bg":"","ocean_menu_social_links_color":"","ocean_menu_social_hover_links_color":"","ocean_disable_title":"default","ocean_disable_heading":"default","ocean_post_title":"","ocean_post_subheading":"","ocean_post_title_style":"","ocean_post_title_background_color":"","ocean_post_title_background":0,"ocean_post_title_bg_image_position":"","ocean_post_title_bg_image_attachment":"","ocean_post_title_bg_image_repeat":"","ocean_post_title_bg_image_size":"","ocean_post_title_height":0,"ocean_post_title_bg_overlay":0.5,"ocean_post_title_bg_overlay_color":"","ocean_disable_breadcrumbs":"default","ocean_breadcrumbs_color":"","ocean_breadcrumbs_separator_color":"","ocean_breadcrumbs_links_color":"","ocean_breadcrumbs_links_hover_color":"","ocean_display_footer_widgets":"default","ocean_display_footer_bottom":"default","ocean_custom_footer_template":"","footnotes":""},"class_list":["post-1360","page","type-page","status-publish","hentry","entry"],"yoast_head":"<!-- This site is optimized with the Yoast SEO plugin v27.0 - https:\/\/yoast.com\/product\/yoast-seo-wordpress\/ -->\n<title>Pol\u00edtica de cancel\u00b7laci\u00f3 - Camping Platja Llarga Tarragona<\/title>\n<meta name=\"robots\" content=\"index, follow, max-snippet:-1, max-image-preview:large, max-video-preview:-1\" \/>\n<link rel=\"canonical\" href=\"https:\/\/campingplatjallarga.com\/ca\/politica-de-cancellacio\/\" \/>\n<meta property=\"og:locale\" content=\"ca_ES\" \/>\n<meta property=\"og:type\" content=\"article\" \/>\n<meta property=\"og:title\" content=\"Pol\u00edtica de cancel\u00b7laci\u00f3 - Camping Platja Llarga Tarragona\" \/>\n<meta property=\"og:description\" content=\"Per garantir la vostra reserva, es requereix l&#8217;abonament previ del 40 % de l&#8217;import total de l&#8217;estada o servei contractat. Aquest pagament actua com a senyal de confirmaci\u00f3 i valida de manera definitiva la reserva. Condicions de cancel\u00b7laci\u00f3 \u2705 Cancel\u00b7lacions amb m\u00e9s de 15 dies d&#8217;antelaci\u00f3 Si cancel\u00b7leu la reserva amb m\u00e9s de 15 dies [&hellip;]\" \/>\n<meta property=\"og:url\" content=\"https:\/\/campingplatjallarga.com\/ca\/politica-de-cancellacio\/\" \/>\n<meta property=\"og:site_name\" content=\"Camping Platja Llarga Tarragona\" \/>\n<meta property=\"article:modified_time\" content=\"2025-07-16T13:28:58+00:00\" \/>\n<meta name=\"twitter:card\" content=\"summary_large_image\" \/>\n<meta name=\"twitter:label1\" content=\"Temps estimat de lectura\" \/>\n\t<meta name=\"twitter:data1\" content=\"1 minut\" \/>\n<script type=\"application\/ld+json\" class=\"yoast-schema-graph\">{\"@context\":\"https:\/\/schema.org\",\"@graph\":[{\"@type\":\"WebPage\",\"@id\":\"https:\/\/campingplatjallarga.com\/ca\/politica-de-cancellacio\/\",\"url\":\"https:\/\/campingplatjallarga.com\/ca\/politica-de-cancellacio\/\",\"name\":\"Pol\u00edtica de cancel\u00b7laci\u00f3 - Camping Platja Llarga Tarragona\",\"isPartOf\":{\"@id\":\"https:\/\/campingplatjallarga.com\/ca\/#website\"},\"datePublished\":\"2025-07-16T13:24:22+00:00\",\"dateModified\":\"2025-07-16T13:28:58+00:00\",\"breadcrumb\":{\"@id\":\"https:\/\/campingplatjallarga.com\/ca\/politica-de-cancellacio\/#breadcrumb\"},\"inLanguage\":\"ca\",\"potentialAction\":[{\"@type\":\"ReadAction\",\"target\":[\"https:\/\/campingplatjallarga.com\/ca\/politica-de-cancellacio\/\"]}]},{\"@type\":\"BreadcrumbList\",\"@id\":\"https:\/\/campingplatjallarga.com\/ca\/politica-de-cancellacio\/#breadcrumb\",\"itemListElement\":[{\"@type\":\"ListItem\",\"position\":1,\"name\":\"Portada\",\"item\":\"https:\/\/campingplatjallarga.com\/ca\/\"},{\"@type\":\"ListItem\",\"position\":2,\"name\":\"Pol\u00edtica de cancel\u00b7laci\u00f3\"}]},{\"@type\":\"WebSite\",\"@id\":\"https:\/\/campingplatjallarga.com\/ca\/#website\",\"url\":\"https:\/\/campingplatjallarga.com\/ca\/\",\"name\":\"Camping Platja Llarga Tarragona\",\"description\":\"Camping Platja Llarga en Tarragona: camping familiar frente al mar, rodeado de naturaleza, con acceso directo a la playa. Parcelas, bungalows y servicios ideales para tus vacaciones en la Costa Dorada.\",\"publisher\":{\"@id\":\"https:\/\/campingplatjallarga.com\/ca\/#organization\"},\"potentialAction\":[{\"@type\":\"SearchAction\",\"target\":{\"@type\":\"EntryPoint\",\"urlTemplate\":\"https:\/\/campingplatjallarga.com\/ca\/?s={search_term_string}\"},\"query-input\":{\"@type\":\"PropertyValueSpecification\",\"valueRequired\":true,\"valueName\":\"search_term_string\"}}],\"inLanguage\":\"ca\"},{\"@type\":\"Organization\",\"@id\":\"https:\/\/campingplatjallarga.com\/ca\/#organization\",\"name\":\"Camping Platja Llarga Tarragona\",\"url\":\"https:\/\/campingplatjallarga.com\/ca\/\",\"logo\":{\"@type\":\"ImageObject\",\"inLanguage\":\"ca\",\"@id\":\"https:\/\/campingplatjallarga.com\/ca\/#\/schema\/logo\/image\/\",\"url\":\"https:\/\/campingplatjallarga.com\/wp-content\/uploads\/2025\/07\/logo250-transparent.png\",\"contentUrl\":\"https:\/\/campingplatjallarga.com\/wp-content\/uploads\/2025\/07\/logo250-transparent.png\",\"width\":250,\"height\":250,\"caption\":\"Camping Platja Llarga Tarragona\"},\"image\":{\"@id\":\"https:\/\/campingplatjallarga.com\/ca\/#\/schema\/logo\/image\/\"},\"sameAs\":[\"https:\/\/www.instagram.com\/campingplatjallarga\/\"]}]}<\/script>\n<!-- \/ Yoast SEO plugin. -->","yoast_head_json":{"title":"Pol\u00edtica de cancel\u00b7laci\u00f3 - Camping Platja Llarga Tarragona","robots":{"index":"index","follow":"follow","max-snippet":"max-snippet:-1","max-image-preview":"max-image-preview:large","max-video-preview":"max-video-preview:-1"},"canonical":"https:\/\/campingplatjallarga.com\/ca\/politica-de-cancellacio\/","og_locale":"ca_ES","og_type":"article","og_title":"Pol\u00edtica de cancel\u00b7laci\u00f3 - Camping Platja Llarga Tarragona","og_description":"Per garantir la vostra reserva, es requereix l&#8217;abonament previ del 40 % de l&#8217;import total de l&#8217;estada o servei contractat. Aquest pagament actua com a senyal de confirmaci\u00f3 i valida de manera definitiva la reserva. Condicions de cancel\u00b7laci\u00f3 \u2705 Cancel\u00b7lacions amb m\u00e9s de 15 dies d&#8217;antelaci\u00f3 Si cancel\u00b7leu la reserva amb m\u00e9s de 15 dies [&hellip;]","og_url":"https:\/\/campingplatjallarga.com\/ca\/politica-de-cancellacio\/","og_site_name":"Camping Platja Llarga Tarragona","article_modified_time":"2025-07-16T13:28:58+00:00","twitter_card":"summary_large_image","twitter_misc":{"Temps estimat de lectura":"1 minut"},"schema":{"@context":"https:\/\/schema.org","@graph":[{"@type":"WebPage","@id":"https:\/\/campingplatjallarga.com\/ca\/politica-de-cancellacio\/","url":"https:\/\/campingplatjallarga.com\/ca\/politica-de-cancellacio\/","name":"Pol\u00edtica de cancel\u00b7laci\u00f3 - Camping Platja Llarga Tarragona","isPartOf":{"@id":"https:\/\/campingplatjallarga.com\/ca\/#website"},"datePublished":"2025-07-16T13:24:22+00:00","dateModified":"2025-07-16T13:28:58+00:00","breadcrumb":{"@id":"https:\/\/campingplatjallarga.com\/ca\/politica-de-cancellacio\/#breadcrumb"},"inLanguage":"ca","potentialAction":[{"@type":"ReadAction","target":["https:\/\/campingplatjallarga.com\/ca\/politica-de-cancellacio\/"]}]},{"@type":"BreadcrumbList","@id":"https:\/\/campingplatjallarga.com\/ca\/politica-de-cancellacio\/#breadcrumb","itemListElement":[{"@type":"ListItem","position":1,"name":"Portada","item":"https:\/\/campingplatjallarga.com\/ca\/"},{"@type":"ListItem","position":2,"name":"Pol\u00edtica de cancel\u00b7laci\u00f3"}]},{"@type":"WebSite","@id":"https:\/\/campingplatjallarga.com\/ca\/#website","url":"https:\/\/campingplatjallarga.com\/ca\/","name":"Camping Platja Llarga Tarragona","description":"Camping Platja Llarga en Tarragona: camping familiar frente al mar, rodeado de naturaleza, con acceso directo a la playa. Parcelas, bungalows y servicios ideales para tus vacaciones en la Costa Dorada.","publisher":{"@id":"https:\/\/campingplatjallarga.com\/ca\/#organization"},"potentialAction":[{"@type":"SearchAction","target":{"@type":"EntryPoint","urlTemplate":"https:\/\/campingplatjallarga.com\/ca\/?s={search_term_string}"},"query-input":{"@type":"PropertyValueSpecification","valueRequired":true,"valueName":"search_term_string"}}],"inLanguage":"ca"},{"@type":"Organization","@id":"https:\/\/campingplatjallarga.com\/ca\/#organization","name":"Camping Platja Llarga Tarragona","url":"https:\/\/campingplatjallarga.com\/ca\/","logo":{"@type":"ImageObject","inLanguage":"ca","@id":"https:\/\/campingplatjallarga.com\/ca\/#\/schema\/logo\/image\/","url":"https:\/\/campingplatjallarga.com\/wp-content\/uploads\/2025\/07\/logo250-transparent.png","contentUrl":"https:\/\/campingplatjallarga.com\/wp-content\/uploads\/2025\/07\/logo250-transparent.png","width":250,"height":250,"caption":"Camping Platja Llarga Tarragona"},"image":{"@id":"https:\/\/campingplatjallarga.com\/ca\/#\/schema\/logo\/image\/"},"sameAs":["https:\/\/www.instagram.com\/campingplatjallarga\/"]}]}},"_links":{"self":[{"href":"https:\/\/campingplatjallarga.com\/ca\/wp-json\/wp\/v2\/pages\/1360","targetHints":{"allow":["GET"]}}],"collection":[{"href":"https:\/\/campingplatjallarga.com\/ca\/wp-json\/wp\/v2\/pages"}],"about":[{"href":"https:\/\/campingplatjallarga.com\/ca\/wp-json\/wp\/v2\/types\/page"}],"author":[{"embeddable":true,"href":"https:\/\/campingplatjallarga.com\/ca\/wp-json\/wp\/v2\/users\/1"}],"replies":[{"embeddable":true,"href":"https:\/\/campingplatjallarga.com\/ca\/wp-json\/wp\/v2\/comments?post=1360"}],"version-history":[{"count":1,"href":"https:\/\/campingplatjallarga.com\/ca\/wp-json\/wp\/v2\/pages\/1360\/revisions"}],"predecessor-version":[{"id":1361,"href":"https:\/\/campingplatjallarga.com\/ca\/wp-json\/wp\/v2\/pages\/1360\/revisions\/1361"}],"wp:attachment":[{"href":"https:\/\/campingplatjallarga.com\/ca\/wp-json\/wp\/v2\/media?parent=1360"}],"curies":[{"name":"wp","href":"https:\/\/api.w.org\/{rel}","templated":true}]}}